{"id":16326,"date":"2014-06-16T13:10:08","date_gmt":"2014-06-16T10:10:08","guid":{"rendered":"http:\/\/the7.dream-demo.com\/?page_id=16326"},"modified":"2023-12-01T00:17:07","modified_gmt":"2023-12-01T00:17:07","slug":"shop-testimonials","status":"publish","type":"page","link":"https:\/\/chemsmedstoreonline.com\/en\/shop-testimonials\/","title":{"rendered":"Rekommendationer"},"content":{"rendered":"<section class=\"wpb-content-wrapper\"><div class=\"vc_row wpb_row vc_row-fluid\"><div class=\"wpb_column vc_column_container vc_col-sm-12\"><div class=\"vc_column-inner vc_custom_1491848173155\"><div class=\"wpb_wrapper\"><div class=\"wf-container loading-effect-none iso-container\" data-padding=\"15px\" data-cur-page=\"1\" data-width=\"300px\" data-columns=\"2\">\n<div class=\"wf-cell iso-item\" data-post-id=\"137\" data-date=\"2013-08-08T12:27:29+00:00\" data-name=\"Anna fr\u00e5n Stockholm\">\n\t<div class=\"testimonial-item\">\n\t\t<article>\n\t<div class=\"testimonial-content\">\n\t\t<p>&#8221;Jag har varit kund hos detta onlineapotek i flera \u00e5r och jag kan inte nog rekommendera dem eftersom jag har varit det i m\u00e5nga \u00e5r.&#8221; Deras produkter \u00e4r alltid av h\u00f6gsta kvalitet, och de erbjuder snabba och p\u00e5litliga leveranser. Dessutom \u00e4r kundservicen utm\u00e4rkt, och de \u00e4r tillg\u00e4ngliga f\u00f6r att svara p\u00e5 alla fr\u00e5gor eller funderingar du kan ha. Jag kommer absolut k\u00f6pa medicin p\u00e5 n\u00e4tet utan recept h\u00e4r!<\/p>\n\t<\/div>\n\t<div class=\"testimonial-vcard\">\n\t\t<div class=\"testimonial-thumbnail\">\n\t\t\t<span class=\"alignleft layzr-bg\"><img decoding=\"async\" class=\"preload-me iso-lazy-load aspect\" src=\"data:image\/svg+xml,%3Csvg%20xmlns%3D&#39;http%3A%2F%2Fwww.w3.org%2F2000%2Fsvg&#39;%20viewBox%3D&#39;0%200%2060%2060&#39;%2F%3E\" data-src=\"https:\/\/chemsmedstoreonline.com\/wp-content\/uploads\/2014\/03\/dt-person008-60x60.jpg\" data-srcset=\"https:\/\/chemsmedstoreonline.com\/wp-content\/uploads\/2014\/03\/dt-person008-60x60.jpg 60w, https:\/\/chemsmedstoreonline.com\/wp-content\/uploads\/2014\/03\/dt-person008-120x120.jpg 120w\" loading=\"eager\" style=\"--ratio: 60 \/ 60\" sizes=\"(max-width: 60px) 100vw, 60px\" width=\"60\" height=\"60\"   alt=\"\" \/><\/span>\t\t<\/div>\n\t\t<div class=\"testimonial-desc\">\n\t\t\t<span class=\"text-primary\">Anna fr\u00e5n Stockholm<\/span>\t\t<\/div>\n\t<\/div>\n<\/article>\n\t<\/div>\n\n<\/div>\n<div class=\"wf-cell iso-item\" data-post-id=\"134\" data-date=\"2013-08-08T12:23:58+00:00\" data-name=\"Peter fr\u00e5n Oslo sa\">\n\t<div class=\"testimonial-item\">\n\t\t<article>\n\t<div class=\"testimonial-content\">\n\t\t<p>&#8221;Jag har nyligen uppt\u00e4ckt detta apotek online utan recept och jag \u00e4r mer \u00e4n n\u00f6jd med mina k\u00f6p. De har ett brett utbud av l\u00e4kemedel och priserna \u00e4r konkurrenskraftiga. Jag var imponerad \u00f6ver hur snabbt min best\u00e4llning kom fram och produkterna var v\u00e4l f\u00f6rpackade. Detta apotek \u00e4r verkligen p\u00e5litligt och jag rekommenderar det till alla som beh\u00f6ver mediciner.&#8221;<\/p>\n\t<\/div>\n\t<div class=\"testimonial-vcard\">\n\t\t<div class=\"testimonial-thumbnail\">\n\t\t\t<span class=\"alignleft layzr-bg\"><img decoding=\"async\" class=\"preload-me iso-lazy-load aspect\" src=\"data:image\/svg+xml,%3Csvg%20xmlns%3D&#39;http%3A%2F%2Fwww.w3.org%2F2000%2Fsvg&#39;%20viewBox%3D&#39;0%200%2060%2060&#39;%2F%3E\" data-src=\"https:\/\/chemsmedstoreonline.com\/wp-content\/uploads\/2013\/12\/dt-person007-60x60.jpg\" data-srcset=\"https:\/\/chemsmedstoreonline.com\/wp-content\/uploads\/2013\/12\/dt-person007-60x60.jpg 60w, https:\/\/chemsmedstoreonline.com\/wp-content\/uploads\/2013\/12\/dt-person007-120x120.jpg 120w\" loading=\"eager\" style=\"--ratio: 60 \/ 60\" sizes=\"(max-width: 60px) 100vw, 60px\" width=\"60\" height=\"60\"   alt=\"\" \/><\/span>\t\t<\/div>\n\t\t<div class=\"testimonial-desc\">\n\t\t\t<span class=\"text-primary\">Peter fr\u00e5n Oslo sa<\/span>\t\t<\/div>\n\t<\/div>\n<\/article>\n\t<\/div>\n\n<\/div>\n<div class=\"wf-cell iso-item\" data-post-id=\"136\" data-date=\"2013-07-08T12:26:32+00:00\" data-name=\"Anders fr\u00e5n G\u00f6teborg\">\n\t<div class=\"testimonial-item\">\n\t\t<article>\n\t<div class=\"testimonial-content\">\n\t\t<p>Jag har rekommenderat detta onlineapotek till m\u00e5nga v\u00e4nner och familj och de har alla varit n\u00f6jda med sina k\u00f6p. Produkterna \u00e4r av h\u00f6gsta kvalitet och leveranserna sker alltid snabbt till <span style=\"word-spacing: normal;\">k\u00f6pa receptbelagda l\u00e4kemedel utan recept\u00a0<\/span><span style=\"word-spacing: normal;\">. Jag handlar h\u00e4r med s\u00e4kerhet och kommer att forts\u00e4tta g\u00f6ra det \u00e4ven i framtiden.\u00a0<\/span><\/p>\n\n\n<p><\/p>\n\t<\/div>\n\t<div class=\"testimonial-vcard\">\n\t\t<div class=\"testimonial-thumbnail\">\n\t\t\t<span class=\"alignleft layzr-bg\"><img decoding=\"async\" class=\"preload-me iso-lazy-load aspect\" src=\"data:image\/svg+xml,%3Csvg%20xmlns%3D&#39;http%3A%2F%2Fwww.w3.org%2F2000%2Fsvg&#39;%20viewBox%3D&#39;0%200%2060%2060&#39;%2F%3E\" data-src=\"https:\/\/chemsmedstoreonline.com\/wp-content\/uploads\/2014\/03\/dt-person010-60x60.jpg\" data-srcset=\"https:\/\/chemsmedstoreonline.com\/wp-content\/uploads\/2014\/03\/dt-person010-60x60.jpg 60w, https:\/\/chemsmedstoreonline.com\/wp-content\/uploads\/2014\/03\/dt-person010-120x120.jpg 120w\" loading=\"eager\" style=\"--ratio: 60 \/ 60\" sizes=\"(max-width: 60px) 100vw, 60px\" width=\"60\" height=\"60\"   alt=\"\" \/><\/span>\t\t<\/div>\n\t\t<div class=\"testimonial-desc\">\n\t\t\t<span class=\"text-primary\">Anders fr\u00e5n G\u00f6teborg<\/span>\t\t<\/div>\n\t<\/div>\n<\/article>\n\t<\/div>\n\n<\/div>\n<div class=\"wf-cell iso-item\" data-post-id=\"139\" data-date=\"2013-04-08T12:28:40+00:00\" data-name=\"Maria fr\u00e5n K\u00f6penhamn\">\n\t<div class=\"testimonial-item\">\n\t\t<article>\n\t<div class=\"testimonial-content\">\n\t\t<p>Jag \u00e4r verkligen tacksam f\u00f6r denna onlineapotekstj\u00e4nst f\u00f4r k\u00f6pa medicin p\u00e5 n\u00e4tet utan recept . Jag beh\u00f6ver regelbundet mediciner p\u00e5 grund av min l\u00e5ngvariga sjukdom. Det har blivit mycket l\u00e4ttare f\u00f6r mig tack vare deras l\u00e5ga priser och snabba leveranser. Deras kundservice \u00e4r alltid tillg\u00e4nglig och jag kan alltid lita p\u00e5 att de har de mediciner jag beh\u00f6ver. &#8211;<\/p>\n\t<\/div>\n\t<div class=\"testimonial-vcard\">\n\t\t<div class=\"testimonial-thumbnail\">\n\t\t\t<span class=\"alignleft layzr-bg\"><img decoding=\"async\" class=\"preload-me iso-lazy-load aspect\" src=\"data:image\/svg+xml,%3Csvg%20xmlns%3D&#39;http%3A%2F%2Fwww.w3.org%2F2000%2Fsvg&#39;%20viewBox%3D&#39;0%200%2060%2060&#39;%2F%3E\" data-src=\"https:\/\/chemsmedstoreonline.com\/wp-content\/uploads\/2012\/03\/dt-person009-60x60.jpg\" data-srcset=\"https:\/\/chemsmedstoreonline.com\/wp-content\/uploads\/2012\/03\/dt-person009-60x60.jpg 60w, https:\/\/chemsmedstoreonline.com\/wp-content\/uploads\/2012\/03\/dt-person009-120x120.jpg 120w\" loading=\"eager\" style=\"--ratio: 60 \/ 60\" sizes=\"(max-width: 60px) 100vw, 60px\" width=\"60\" height=\"60\"   alt=\"\" \/><\/span>\t\t<\/div>\n\t\t<div class=\"testimonial-desc\">\n\t\t\t<span class=\"text-primary\">Maria fr\u00e5n K\u00f6penhamn<\/span>\t\t<\/div>\n\t<\/div>\n<\/article>\n\t<\/div>\n\n<\/div><\/div><\/div><\/div><\/div><\/div><div class=\"vc_row wpb_row vc_row-fluid vc_custom_1491989779029\"><div class=\"wpb_column vc_column_container vc_col-sm-12 vc_col-lg-offset-2 vc_col-lg-8 vc_col-md-offset-2 vc_col-md-8 vc_col-sm-offset-0\"><div class=\"vc_column-inner\"><div class=\"wpb_wrapper\"><div id=\"ultimate-heading-788469d2cfcad81fe\" class=\"uvc-heading ult-adjust-bottom-margin ultimate-heading-788469d2cfcad81fe uvc-9382 \" data-hspacer=\"line_with_icon\" data-hline_width=\"230\" data-hicon_type=\"selector\" data-hborder_style=\"solid\" data-hborder_height=\"2\" data-hborder_color=\"rgba(204,204,204,0.85)\" data-icon_width=\"14\" data-hfixer=\"10\"  data-halign=\"center\" style=\"text-align:center\"><div class=\"uvc-main-heading ult-responsive\"  data-ultimate-target='.uvc-heading.ultimate-heading-788469d2cfcad81fe h2'  data-responsive-json-new='{\"font-size\":\"desktop:20px;\",\"line-height\":\"desktop:30px;\"}' ><h2 style=\"font-weight:bold;\">WRITE YOUR TESTIMONIAL<\/h2><\/div><div class=\"uvc-heading-spacer line_with_icon\" style=\"margin-bottom:40px;height:14px;\"><div class=\"ult-just-icon-wrapper  \"><div class=\"align-icon\" style=\"text-align:center;\">\n<div class=\"aio-icon none \"  style=\"color:#cccccc;font-size:14px;display:inline-block;\">\n\t<i class=\"icomoon-font-awesome-14x14-star\"><\/i>\n<\/div><\/div><\/div><\/div><\/div>\n\t<div class=\"wpb_text_column wpb_content_element  vc_custom_1491989772788\" >\n\t\t<div class=\"wpb_wrapper\">\n\t\t\t<p style=\"text-align: center;\">Perspiciatis faucibus dolor amet purus unde om iste mattis nulla eleifend magna natus sit!\u00a0Proin adipiscing porta tellus, ut feugiat nibh adipiscing metus sit amet. In eu justo a felis lorem ipsum &#8211; lorem ipsum dolor amet faucibus ornare vel id metus.<\/p>\n\n\t\t<\/div>\n\t<\/div>\n<form class=\"dt-contact-form dt-form\" method=\"post\"><input type=\"hidden\" name=\"widget_id\" value=\"presscore-contact-form-widget--1\" \/><input type=\"hidden\" name=\"send_message\" value=\"\" \/><input type=\"hidden\" name=\"security_token\" value=\"21bc17917f45de48bdc6\"\/><div class=\"form-fields\"><span class=\"form-name\"><label class=\"assistive-text\">Name *<\/label><input type=\"text\" class=\"validate[required]\" placeholder=\"Name *\" name=\"name\" value=\"\" aria-required=\"true\">\n<\/span><span class=\"form-mail\"><label class=\"assistive-text\">E-mail *<\/label><input type=\"text\" class=\"validate[required,custom[email]]\" placeholder=\"E-mail *\" name=\"email\" value=\"\" aria-required=\"true\">\n<\/span><span class=\"form-telephone\"><label class=\"assistive-text\">Telephone<\/label><input type=\"text\" placeholder=\"Telephone\" name=\"telephone\" value=\"\" aria-required=\"false\">\n<\/span><\/div><span class=\"form-message\"><label class=\"assistive-text\">Message *<\/label><textarea class=\"validate[required]\" placeholder=\"Message *\" name=\"message\" rows=\"5\" aria-required=\"true\"><\/textarea>\n<\/span><p><a href=\"#\" class=\"dt-btn dt-btn-m dt-btn-submit\" rel=\"nofollow\"><span>Send Message<\/span><\/a><input class=\"assistive-text\" type=\"submit\" value=\"submit\"><\/p><\/form>\n<\/div><\/div><\/div><\/div><!-- Row Backgrounds --><div class=\"upb_color\" data-bg-override=\"ex-full\" data-bg-color=\"#f3f3f5\" data-fadeout=\"\" data-fadeout-percentage=\"30\" data-parallax-content=\"\" data-parallax-content-sense=\"30\" data-row-effect-mobile-disable=\"true\" data-img-parallax-mobile-disable=\"true\" data-rtl=\"false\"  data-custom-vc-row=\"\"  data-vc=\"7.1\"  data-is_old_vc=\"\"  data-theme-support=\"\"   data-overlay=\"false\" data-overlay-color=\"\" data-overlay-pattern=\"\" data-overlay-pattern-opacity=\"\" data-overlay-pattern-size=\"\"    ><\/div>\n<\/section>","protected":false},"excerpt":{"rendered":"<p>WRITE YOUR TESTIMONIAL Perspiciatis faucibus dolor amet purus unde om iste mattis nulla eleifend magna natus sit!\u00a0Proin adipiscing porta tellus, ut feugiat nibh adipiscing metus sit amet. In eu justo a felis lorem ipsum &#8211; lorem ipsum dolor amet faucibus ornare vel id metus.<\/p>","protected":false},"author":1,"featured_media":0,"parent":0,"menu_order":980,"comment_status":"closed","ping_status":"closed","template":"","meta":{"footnotes":""},"class_list":["post-16326","page","type-page","status-publish","hentry","description-off"],"yoast_head":"<!-- This site is optimized with the Yoast SEO Premium plugin v26.2 (Yoast SEO v27.0) - https:\/\/yoast.com\/product\/yoast-seo-premium-wordpress\/ -->\n<title>Rekommendationer - Chems Med Store Online<\/title>\n<meta name=\"robots\" content=\"index, follow, max-snippet:-1, max-image-preview:large, max-video-preview:-1\" \/>\n<link rel=\"canonical\" href=\"https:\/\/chemsmedstoreonline.com\/en\/shop-testimonials\/\" \/>\n<meta property=\"og:locale\" content=\"en_US\" \/>\n<meta property=\"og:type\" content=\"article\" \/>\n<meta property=\"og:title\" content=\"Rekommendationer\" \/>\n<meta property=\"og:url\" content=\"https:\/\/chemsmedstoreonline.com\/en\/shop-testimonials\/\" \/>\n<meta property=\"og:site_name\" content=\"Chems Med Store Online\" \/>\n<meta property=\"article:modified_time\" content=\"2023-12-01T00:17:07+00:00\" \/>\n<meta property=\"og:image\" content=\"https:\/\/chemsmedstoreonline.com\/wp-content\/uploads\/2023\/11\/cropped-pharmacy.png\" \/>\n\t<meta property=\"og:image:width\" content=\"512\" \/>\n\t<meta property=\"og:image:height\" content=\"512\" \/>\n\t<meta property=\"og:image:type\" content=\"image\/png\" \/>\n<meta name=\"twitter:card\" content=\"summary_large_image\" \/>\n<meta name=\"twitter:label1\" content=\"Est. reading time\" \/>\n\t<meta name=\"twitter:data1\" content=\"1 minute\" \/>\n<script type=\"application\/ld+json\" class=\"yoast-schema-graph\">{\"@context\":\"https:\/\/schema.org\",\"@graph\":[{\"@type\":\"WebPage\",\"@id\":\"https:\/\/chemsmedstoreonline.com\/shop-testimonials\/\",\"url\":\"https:\/\/chemsmedstoreonline.com\/shop-testimonials\/\",\"name\":\"Rekommendationer - Chems Med Store Online\",\"isPartOf\":{\"@id\":\"https:\/\/chemsmedstoreonline.com\/en\/#website\"},\"datePublished\":\"2014-06-16T10:10:08+00:00\",\"dateModified\":\"2023-12-01T00:17:07+00:00\",\"breadcrumb\":{\"@id\":\"https:\/\/chemsmedstoreonline.com\/shop-testimonials\/#breadcrumb\"},\"inLanguage\":\"en-US\",\"potentialAction\":[{\"@type\":\"ReadAction\",\"target\":[\"https:\/\/chemsmedstoreonline.com\/shop-testimonials\/\"]}]},{\"@type\":\"BreadcrumbList\",\"@id\":\"https:\/\/chemsmedstoreonline.com\/shop-testimonials\/#breadcrumb\",\"itemListElement\":[{\"@type\":\"ListItem\",\"position\":1,\"name\":\"Home\",\"item\":\"https:\/\/chemsmedstoreonline.com\/en\/\"},{\"@type\":\"ListItem\",\"position\":2,\"name\":\"Rekommendationer\"}]},{\"@type\":\"WebSite\",\"@id\":\"https:\/\/chemsmedstoreonline.com\/en\/#website\",\"url\":\"https:\/\/chemsmedstoreonline.com\/en\/\",\"name\":\"Chem Med Store Online\",\"description\":\"\",\"publisher\":{\"@id\":\"https:\/\/chemsmedstoreonline.com\/en\/#organization\"},\"potentialAction\":[{\"@type\":\"SearchAction\",\"target\":{\"@type\":\"EntryPoint\",\"urlTemplate\":\"https:\/\/chemsmedstoreonline.com\/en\/?s={search_term_string}\"},\"query-input\":{\"@type\":\"PropertyValueSpecification\",\"valueRequired\":true,\"valueName\":\"search_term_string\"}}],\"inLanguage\":\"en-US\"},{\"@type\":\"Organization\",\"@id\":\"https:\/\/chemsmedstoreonline.com\/en\/#organization\",\"name\":\"Chem Med Store Online\",\"url\":\"https:\/\/chemsmedstoreonline.com\/en\/\",\"logo\":{\"@type\":\"ImageObject\",\"inLanguage\":\"en-US\",\"@id\":\"https:\/\/chemsmedstoreonline.com\/en\/#\/schema\/logo\/image\/\",\"url\":\"https:\/\/chemsmedstoreonline.com\/wp-content\/uploads\/2023\/11\/cropped-pharmacy.png\",\"contentUrl\":\"https:\/\/chemsmedstoreonline.com\/wp-content\/uploads\/2023\/11\/cropped-pharmacy.png\",\"width\":512,\"height\":512,\"caption\":\"Chem Med Store Online\"},\"image\":{\"@id\":\"https:\/\/chemsmedstoreonline.com\/en\/#\/schema\/logo\/image\/\"}}]}<\/script>\n<!-- \/ Yoast SEO Premium plugin. -->","yoast_head_json":{"title":"Rekommendationer - Chems Med Store Online","robots":{"index":"index","follow":"follow","max-snippet":"max-snippet:-1","max-image-preview":"max-image-preview:large","max-video-preview":"max-video-preview:-1"},"canonical":"https:\/\/chemsmedstoreonline.com\/en\/shop-testimonials\/","og_locale":"en_US","og_type":"article","og_title":"Rekommendationer","og_url":"https:\/\/chemsmedstoreonline.com\/en\/shop-testimonials\/","og_site_name":"Chems Med Store Online","article_modified_time":"2023-12-01T00:17:07+00:00","og_image":[{"width":512,"height":512,"url":"https:\/\/chemsmedstoreonline.com\/wp-content\/uploads\/2023\/11\/cropped-pharmacy.png","type":"image\/png"}],"twitter_card":"summary_large_image","twitter_misc":{"Est. reading time":"1 minute"},"schema":{"@context":"https:\/\/schema.org","@graph":[{"@type":"WebPage","@id":"https:\/\/chemsmedstoreonline.com\/shop-testimonials\/","url":"https:\/\/chemsmedstoreonline.com\/shop-testimonials\/","name":"Rekommendationer - Chems Med Store Online","isPartOf":{"@id":"https:\/\/chemsmedstoreonline.com\/en\/#website"},"datePublished":"2014-06-16T10:10:08+00:00","dateModified":"2023-12-01T00:17:07+00:00","breadcrumb":{"@id":"https:\/\/chemsmedstoreonline.com\/shop-testimonials\/#breadcrumb"},"inLanguage":"en-US","potentialAction":[{"@type":"ReadAction","target":["https:\/\/chemsmedstoreonline.com\/shop-testimonials\/"]}]},{"@type":"BreadcrumbList","@id":"https:\/\/chemsmedstoreonline.com\/shop-testimonials\/#breadcrumb","itemListElement":[{"@type":"ListItem","position":1,"name":"Home","item":"https:\/\/chemsmedstoreonline.com\/en\/"},{"@type":"ListItem","position":2,"name":"Rekommendationer"}]},{"@type":"WebSite","@id":"https:\/\/chemsmedstoreonline.com\/en\/#website","url":"https:\/\/chemsmedstoreonline.com\/en\/","name":"Chem Med Store Online","description":"","publisher":{"@id":"https:\/\/chemsmedstoreonline.com\/en\/#organization"},"potentialAction":[{"@type":"SearchAction","target":{"@type":"EntryPoint","urlTemplate":"https:\/\/chemsmedstoreonline.com\/en\/?s={search_term_string}"},"query-input":{"@type":"PropertyValueSpecification","valueRequired":true,"valueName":"search_term_string"}}],"inLanguage":"en-US"},{"@type":"Organization","@id":"https:\/\/chemsmedstoreonline.com\/en\/#organization","name":"Chem Med Store Online","url":"https:\/\/chemsmedstoreonline.com\/en\/","logo":{"@type":"ImageObject","inLanguage":"en-US","@id":"https:\/\/chemsmedstoreonline.com\/en\/#\/schema\/logo\/image\/","url":"https:\/\/chemsmedstoreonline.com\/wp-content\/uploads\/2023\/11\/cropped-pharmacy.png","contentUrl":"https:\/\/chemsmedstoreonline.com\/wp-content\/uploads\/2023\/11\/cropped-pharmacy.png","width":512,"height":512,"caption":"Chem Med Store Online"},"image":{"@id":"https:\/\/chemsmedstoreonline.com\/en\/#\/schema\/logo\/image\/"}}]}},"jetpack_sharing_enabled":true,"_links":{"self":[{"href":"https:\/\/chemsmedstoreonline.com\/en\/wp-json\/wp\/v2\/pages\/16326","targetHints":{"allow":["GET"]}}],"collection":[{"href":"https:\/\/chemsmedstoreonline.com\/en\/wp-json\/wp\/v2\/pages"}],"about":[{"href":"https:\/\/chemsmedstoreonline.com\/en\/wp-json\/wp\/v2\/types\/page"}],"author":[{"embeddable":true,"href":"https:\/\/chemsmedstoreonline.com\/en\/wp-json\/wp\/v2\/users\/1"}],"replies":[{"embeddable":true,"href":"https:\/\/chemsmedstoreonline.com\/en\/wp-json\/wp\/v2\/comments?post=16326"}],"version-history":[{"count":0,"href":"https:\/\/chemsmedstoreonline.com\/en\/wp-json\/wp\/v2\/pages\/16326\/revisions"}],"wp:attachment":[{"href":"https:\/\/chemsmedstoreonline.com\/en\/wp-json\/wp\/v2\/media?parent=16326"}],"curies":[{"name":"wp","href":"https:\/\/api.w.org\/{rel}","templated":true}]}}