{"id":33277,"date":"2014-11-16T11:43:36","date_gmt":"2014-11-16T09:43:36","guid":{"rendered":"http:\/\/the7.dream-demo.com\/?page_id=33277"},"modified":"2025-12-22T16:31:50","modified_gmt":"2025-12-22T16:31:50","slug":"shop-q-a","status":"publish","type":"page","link":"https:\/\/chemsmedstoreonline.com\/en\/shop-q-a\/","title":{"rendered":"FAQ"},"content":{"rendered":"<section class=\"wpb-content-wrapper\"><div class=\"vc_row wpb_row vc_row-fluid vc_custom_1491990393354\"><div class=\"wpb_column vc_column_container vc_col-sm-12 vc_col-lg-6 vc_col-md-6 vc_col-xs-12\"><div class=\"vc_column-inner vc_custom_1491990396866\"><div class=\"wpb_wrapper\"><div id=\"ultimate-heading-546369d4f41de860c\" class=\"uvc-heading ult-adjust-bottom-margin ultimate-heading-546369d4f41de860c uvc-626 \" data-hspacer=\"line_with_icon\" data-hline_width=\"230\" data-hicon_type=\"selector\" data-hborder_style=\"solid\" data-hborder_height=\"2\" data-hborder_color=\"rgba(204,204,204,0.85)\" data-icon_width=\"14\" data-hfixer=\"10\"  data-halign=\"center\" style=\"text-align:center\"><div class=\"uvc-main-heading ult-responsive\"  data-ultimate-target='.uvc-heading.ultimate-heading-546369d4f41de860c h2'  data-responsive-json-new='{\"font-size\":\"desktop:20px;\",\"line-height\":\"desktop:30px;\"}' ><h2 style=\"font-weight:bold;\">Vanliga fr\u00e5gor om v\u00e5rt online apotek<\/h2><\/div><div class=\"uvc-heading-spacer line_with_icon\" style=\"margin-bottom:40px;height:14px;\"><div class=\"ult-just-icon-wrapper  \"><div class=\"align-icon\" style=\"text-align:center;\">\n<div class=\"aio-icon none \"  style=\"color:#cccccc;font-size:14px;display:inline-block;\">\n\t<i class=\"icomoon-font-awesome-14x14-star\"><\/i>\n<\/div><\/div><\/div><\/div><\/div>\n\t<div class=\"wpb_accordion wpb_content_element  not-column-inherit dt-style dt-accordion-bg-on dt-accordion-text-big\" data-collapsible=\"yes\" data-vc-disable-keydown=\"false\" data-active-tab=\"false\">\n\t\t<div class=\"wpb_wrapper wpb_accordion_wrapper ui-accordion\">\n\n\n\t<div class=\"wpb_accordion_section group\">\n\t\t<h3 class=\"wpb_accordion_header ui-accordion-header\"><a href=\"#ar-ert-apotek-legitimerat-och-auktoriserat\"><span>\u00c4r ert apotek legitimerat och auktoriserat?<\/span><\/a><\/h3>\n\t\t<div class=\"wpb_accordion_content ui-accordion-content vc_clearfix\">\n\t\t\t\n\t<div class=\"wpb_text_column wpb_content_element \" >\n\t\t<div class=\"wpb_wrapper\">\n\t\t\t<p>Ja, vi \u00e4r ett legitimerat apotek som har varit i branschen i 20 \u00e5r. Vi f\u00f6ljer alla relevanta regler och lagar f\u00f6r att s\u00e4kerst\u00e4lla s\u00e4kerheten och kvaliteten p\u00e5 v\u00e5ra produkter.<\/p>\n\n\t\t<\/div>\n\t<\/div>\n\n\t\t<\/div>\n\t<\/div>\n\n\t<div class=\"wpb_accordion_section group\">\n\t\t<h3 class=\"wpb_accordion_header ui-accordion-header\"><a href=\"#vilka-lander-levererar-ni-till\"><span>Vilka l\u00e4nder levererar ni till?<\/span><\/a><\/h3>\n\t\t<div class=\"wpb_accordion_content ui-accordion-content vc_clearfix\">\n\t\t\t\n\t<div class=\"wpb_text_column wpb_content_element \" >\n\t\t<div class=\"wpb_wrapper\">\n\t\t\t<p>Vi levererar express till var som helst i Sverige, Danmark och Norge. Vi str\u00e4var efter att g\u00f6ra det s\u00e5 enkelt och smidigt som m\u00f6jligt f\u00f6r v\u00e5ra kunder att f\u00e5 sina mediciner snabbt och s\u00e4kert.<\/p>\n\n\t\t<\/div>\n\t<\/div>\n\n\t\t<\/div>\n\t<\/div>\n\n\t<div class=\"wpb_accordion_section group\">\n\t\t<h3 class=\"wpb_accordion_header ui-accordion-header\"><a href=\"#vilken-typ-av-mediciner-erbjuder-ni\"><span>Vilken typ av mediciner erbjuder ni?<\/span><\/a><\/h3>\n\t\t<div class=\"wpb_accordion_content ui-accordion-content vc_clearfix\">\n\t\t\t\n\t<div class=\"wpb_text_column wpb_content_element \" >\n\t\t<div class=\"wpb_wrapper\">\n\t\t\t<p>Vi erbjuder ett brett utbud av mediciner och piller, b\u00e5de receptbelagda och receptfria. Oavsett om du beh\u00f6ver behandling f\u00f6r en specifik sjukdom eller beh\u00f6ver komplettera ditt l\u00e4kemedelssk\u00e5p, har vi alternativ som passar dina behov.<\/p>\n\n\t\t<\/div>\n\t<\/div>\n\n\t\t<\/div>\n\t<\/div>\n\n\t<div class=\"wpb_accordion_section group\">\n\t\t<h3 class=\"wpb_accordion_header ui-accordion-header\"><a href=\"#vilken-kvalitet-har-era-produkter\"><span>Vilken kvalitet har era produkter?<\/span><\/a><\/h3>\n\t\t<div class=\"wpb_accordion_content ui-accordion-content vc_clearfix\">\n\t\t\t\n\t<div class=\"wpb_text_column wpb_content_element \" >\n\t\t<div class=\"wpb_wrapper\">\n\t\t\t<p>Vi f\u00f6rs\u00e4krar att alla v\u00e5ra produkter \u00e4r legitima och av h\u00f6gsta kvalitet. Vi samarbetar endast med p\u00e5litliga tillverkare och leverant\u00f6rer f\u00f6r att s\u00e4kerst\u00e4lla att du f\u00e5r de b\u00e4sta medicinerna tillg\u00e4ngliga.<\/p>\n\n\t\t<\/div>\n\t<\/div>\n\n\t\t<\/div>\n\t<\/div>\n\n\t<div class=\"wpb_accordion_section group\">\n\t\t<h3 class=\"wpb_accordion_header ui-accordion-header\"><a href=\"#hur-lang-tid-tar-leveransen\"><span>Hur l\u00e5ng tid tar leveransen?<\/span><\/a><\/h3>\n\t\t<div class=\"wpb_accordion_content ui-accordion-content vc_clearfix\">\n\t\t\t\n\t<div class=\"wpb_text_column wpb_content_element \" >\n\t\t<div class=\"wpb_wrapper\">\n\t\t\t<p>Vi erbjuder expressleverans f\u00f6r att garantera snabba och p\u00e5litliga leveranser. Leveranstiden kan variera beroende p\u00e5 var du befinner dig, men vi str\u00e4var efter att skicka ut best\u00e4llningar s\u00e5 snabbt som m\u00f6jligt f\u00f6r att du ska f\u00e5 dina mediciner i tid.<\/p>\n\n\t\t<\/div>\n\t<\/div>\n\n\t\t<\/div>\n\t<\/div>\n\n\t<div class=\"wpb_accordion_section group\">\n\t\t<h3 class=\"wpb_accordion_header ui-accordion-header\"><a href=\"#vilka-betalningsmetoder-accepterar-ni\"><span>Vilka betalningsmetoder accepterar ni?<\/span><\/a><\/h3>\n\t\t<div class=\"wpb_accordion_content ui-accordion-content vc_clearfix\">\n\t\t\t\n\t<div class=\"wpb_text_column wpb_content_element \" >\n\t\t<div class=\"wpb_wrapper\">\n\t\t\t<p>F\u00f6r att g\u00f6ra det s\u00e5 smidigt som m\u00f6jligt f\u00f6r v\u00e5ra kunder accepterar vi flera olika betalningsmetoder. F\u00f6rutom traditionella betalningsmetoder s\u00e5som kreditkort och bank\u00f6verf\u00f6ring, accepterar vi \u00e4ven bitcoin-betalningar f\u00f6r att erbjuda dig mer flexibilitet.<\/p>\n\n\t\t<\/div>\n\t<\/div>\n\n\t\t<\/div>\n\t<\/div>\n\n\t<div class=\"wpb_accordion_section group\">\n\t\t<h3 class=\"wpb_accordion_header ui-accordion-header\"><a href=\"#har-ni-nagon-kundtjanst\"><span>Har ni n\u00e5gon kundtj\u00e4nst?<\/span><\/a><\/h3>\n\t\t<div class=\"wpb_accordion_content ui-accordion-content vc_clearfix\">\n\t\t\t\n\t<div class=\"wpb_text_column wpb_content_element \" >\n\t\t<div class=\"wpb_wrapper\">\n\t\t\t<p>Ja, vi har en dedikerad kundtj\u00e4nst som finns tillg\u00e4nglig f\u00f6r att svara p\u00e5 alla dina fr\u00e5gor och ge dig r\u00e5d. V\u00e5rt team av kompetenta apotekare och farmaceuter \u00e4r redo att hj\u00e4lpa dig p\u00e5 svenska och guida dig genom hela processen.<\/p>\n\n\t\t<\/div>\n\t<\/div>\n\n\t\t<\/div>\n\t<\/div>\n\n\t<div class=\"wpb_accordion_section group\">\n\t\t<h3 class=\"wpb_accordion_header ui-accordion-header\"><a href=\"#har-ni-nagra-erbjudanden-eller-rabatter\"><span>Har ni n\u00e5gra erbjudanden eller rabatter?<\/span><\/a><\/h3>\n\t\t<div class=\"wpb_accordion_content ui-accordion-content vc_clearfix\">\n\t\t\t\n\t<div class=\"wpb_text_column wpb_content_element \" >\n\t\t<div class=\"wpb_wrapper\">\n\t\t\t<p>Vi str\u00e4var efter att erbjuda de b\u00e4sta priserna p\u00e5 marknaden och har regelbundna erbjudanden och kampanjer. Vi rekommenderar att du h\u00e5ller dig uppdaterad med v\u00e5ra nyhetsbrev och f\u00f6lj oss p\u00e5 sociala medier f\u00f6r att ta del av v\u00e5ra senaste erbjudanden.<\/p>\n\n\t\t<\/div>\n\t<\/div>\n\n\t\t<\/div>\n\t<\/div>\n\n\t<div class=\"wpb_accordion_section group\">\n\t\t<h3 class=\"wpb_accordion_header ui-accordion-header\"><a href=\"#vad-ar-er-returpolicy\"><span>Vad \u00e4r er returpolicy?<\/span><\/a><\/h3>\n\t\t<div class=\"wpb_accordion_content ui-accordion-content vc_clearfix\">\n\t\t\t\n\t<div class=\"wpb_text_column wpb_content_element \" >\n\t\t<div class=\"wpb_wrapper\">\n\t\t\t<p>Vi v\u00e4rdes\u00e4tter din tillfredsst\u00e4llelse och erbjuder en returpolicy f\u00f6r att s\u00e4kerst\u00e4lla att du \u00e4r n\u00f6jd med ditt k\u00f6p. Om du av n\u00e5gon anledning inte \u00e4r n\u00f6jd kan du kontakta v\u00e5r kundtj\u00e4nst f\u00f6r att diskutera retur- och \u00e5terbetalningsm\u00f6jligheter.<\/p>\n\n\t\t<\/div>\n\t<\/div>\n\n\t\t<\/div>\n\t<\/div>\n\n\t<div class=\"wpb_accordion_section group\">\n\t\t<h3 class=\"wpb_accordion_header ui-accordion-header\"><a href=\"#hur-kan-jag-kontakta-er\"><span>Hur kan jag kontakta er?<\/span><\/a><\/h3>\n\t\t<div class=\"wpb_accordion_content ui-accordion-content vc_clearfix\">\n\t\t\t\n\t<div class=\"wpb_text_column wpb_content_element \" >\n\t\t<div class=\"wpb_wrapper\">\n\t\t\t<p>Du kan kontakta oss genom att whatsapp v\u00e5rt kundtj\u00e4nstnummer, skicka ett mejl eller anv\u00e4nda v\u00e5rt kontaktformul\u00e4r p\u00e5 v\u00e5r webbplats. Vi finns h\u00e4r f\u00f6r att svara p\u00e5 alla dina fr\u00e5gor och ge dig den support du beh\u00f6ver.<\/p>\n\n\t\t<\/div>\n\t<\/div>\n\n\t\t<\/div>\n\t<\/div>\n\n\t<div class=\"wpb_accordion_section group\">\n\t\t<h3 class=\"wpb_accordion_header ui-accordion-header\"><a href=\"#hur-kan-jag-kopa-bitcoin\"><span>Hur kan jag k\u00f6pa bitcoin?<\/span><\/a><\/h3>\n\t\t<div class=\"wpb_accordion_content ui-accordion-content vc_clearfix\">\n\t\t\t\n\t<div class=\"wpb_text_column wpb_content_element \" >\n\t\t<div class=\"wpb_wrapper\">\n\t\t\t<p>Morbi blandit venenatis erat, at maximus arcu cursus ut. Aliquam tempus laoreet dolor, sed auctor leo bibendum a. Donec ligula nisl, pretium sed neque tristique, tincidunt interdum justo. Nulla imperdiet efficitur mauris non sodales. Sed imperdiet orci eu turpis tincidunt molestie.<\/p>\n\n\t\t<\/div>\n\t<\/div>\n\n\t\t<\/div>\n\t<\/div>\n\n\t\t<\/div>\n\t<\/div>\n<\/div><\/div><\/div><div class=\"wpb_column vc_column_container vc_col-sm-12 vc_col-lg-6 vc_col-md-6 vc_col-xs-12\"><div class=\"vc_column-inner vc_custom_1491744105105\"><div class=\"wpb_wrapper\"><div id=\"ultimate-heading-696669d4f41de9dab\" class=\"uvc-heading ult-adjust-bottom-margin ultimate-heading-696669d4f41de9dab uvc-564 \" data-hspacer=\"line_with_icon\" data-hline_width=\"230\" data-hicon_type=\"selector\" data-hborder_style=\"solid\" data-hborder_height=\"2\" data-hborder_color=\"rgba(204,204,204,0.85)\" data-icon_width=\"14\" data-hfixer=\"10\"  data-halign=\"center\" style=\"text-align:center\"><div class=\"uvc-main-heading ult-responsive\"  data-ultimate-target='.uvc-heading.ultimate-heading-696669d4f41de9dab h2'  data-responsive-json-new='{\"font-size\":\"desktop:20px;\",\"line-height\":\"desktop:30px;\"}' ><h2 style=\"font-weight:bold;\">Hittade du inga svar?<\/h2><\/div><div class=\"uvc-heading-spacer line_with_icon\" style=\"margin-bottom:40px;height:14px;\"><div class=\"ult-just-icon-wrapper  \"><div class=\"align-icon\" style=\"text-align:center;\">\n<div class=\"aio-icon none \"  style=\"color:#cccccc;font-size:14px;display:inline-block;\">\n\t<i class=\"icomoon-font-awesome-14x14-star\"><\/i>\n<\/div><\/div><\/div><\/div><\/div>\n\t<div class=\"wpb_text_column wpb_content_element  vc_custom_1700737269743\" >\n\t\t<div class=\"wpb_wrapper\">\n\t\t\t<p>Vi hoppas att dessa vanliga fr\u00e5gor och svar har besvarat dina fr\u00e5gor. Om du har ytterligare fr\u00e5gor eller funderingar, tveka inte att kontakta oss. Vi \u00e4r h\u00e4r f\u00f6r att g\u00f6ra din k\u00f6pupplevelse hos oss s\u00e5 smidig och tillfredsst\u00e4llande som m\u00f6jligt.<\/p>\n\n\t\t<\/div>\n\t<\/div>\n<form class=\"dt-contact-form dt-form\" method=\"post\"><input type=\"hidden\" name=\"widget_id\" value=\"presscore-contact-form-widget--1\" \/><input type=\"hidden\" name=\"send_message\" value=\"\" \/><input type=\"hidden\" name=\"security_token\" value=\"21bc17917f45de48bdc6\"\/><div class=\"form-fields\"><span class=\"form-name\"><label class=\"assistive-text\">Name *<\/label><input type=\"text\" class=\"validate[required]\" placeholder=\"Name *\" name=\"name\" value=\"\" aria-required=\"true\">\n<\/span><span class=\"form-mail\"><label class=\"assistive-text\">E-mail *<\/label><input type=\"text\" class=\"validate[required,custom[email]]\" placeholder=\"E-mail *\" name=\"email\" value=\"\" aria-required=\"true\">\n<\/span><\/div><span class=\"form-message\"><label class=\"assistive-text\">Message *<\/label><textarea class=\"validate[required]\" placeholder=\"Message *\" name=\"message\" rows=\"5\" aria-required=\"true\"><\/textarea>\n<\/span><p><a href=\"#\" class=\"dt-btn dt-btn-m dt-btn-submit\" rel=\"nofollow\"><span>Send Question<\/span><\/a><input class=\"assistive-text\" type=\"submit\" value=\"submit\"><\/p><\/form>\n<\/div><\/div><\/div><\/div>\n<\/section>","protected":false},"excerpt":{"rendered":"<p>Vanliga fr\u00e5gor om v\u00e5rt online apotek \u00c4r ert apotek legitimerat och auktoriserat? Ja, vi \u00e4r ett legitimerat apotek som har varit i branschen i 20 \u00e5r. Vi f\u00f6ljer alla relevanta regler och lagar f\u00f6r att s\u00e4kerst\u00e4lla s\u00e4kerheten och kvaliteten p\u00e5 v\u00e5ra produkter. Vilka l\u00e4nder levererar ni till? Vi levererar express till var som helst i&hellip;<\/p>","protected":false},"author":1,"featured_media":46030,"parent":0,"menu_order":970,"comment_status":"closed","ping_status":"closed","template":"","meta":{"footnotes":""},"class_list":["post-33277","page","type-page","status-publish","has-post-thumbnail","hentry","description-off"],"yoast_head":"<!-- This site is optimized with the Yoast SEO Premium plugin v26.2 (Yoast SEO v27.0) - https:\/\/yoast.com\/product\/yoast-seo-premium-wordpress\/ -->\n<title>Vanliga fr\u00e5gor online apotek \u2013 Chemsmed Store<\/title>\n<meta name=\"description\" content=\"Vanliga fr\u00e5gor online apotek hos Chemsmed Store. F\u00e5 svar om best\u00e4llning, betalning, leverans, s\u00e4kerhet och kundsupport.\" \/>\n<meta name=\"robots\" content=\"index, follow, max-snippet:-1, max-image-preview:large, max-video-preview:-1\" \/>\n<link rel=\"canonical\" href=\"https:\/\/chemsmedstoreonline.com\/en\/shop-q-a\/\" \/>\n<meta property=\"og:locale\" content=\"en_US\" \/>\n<meta property=\"og:type\" content=\"article\" \/>\n<meta property=\"og:title\" content=\"FAQ\" \/>\n<meta property=\"og:description\" content=\"Vanliga fr\u00e5gor online apotek hos Chemsmed Store. F\u00e5 svar om best\u00e4llning, betalning, leverans, s\u00e4kerhet och kundsupport.\" \/>\n<meta property=\"og:url\" content=\"https:\/\/chemsmedstoreonline.com\/en\/shop-q-a\/\" \/>\n<meta property=\"og:site_name\" content=\"Chems Med Store Online\" \/>\n<meta property=\"article:modified_time\" content=\"2025-12-22T16:31:50+00:00\" \/>\n<meta property=\"og:image\" content=\"https:\/\/chemsmedstoreonline.com\/wp-content\/uploads\/2025\/12\/pharmaceutical-cross-caduceus-logo_9801-9.webp\" \/>\n\t<meta property=\"og:image:width\" content=\"500\" \/>\n\t<meta property=\"og:image:height\" content=\"500\" \/>\n\t<meta property=\"og:image:type\" content=\"image\/webp\" \/>\n<meta name=\"twitter:card\" content=\"summary_large_image\" \/>\n<meta name=\"twitter:label1\" content=\"Est. reading time\" \/>\n\t<meta name=\"twitter:data1\" content=\"3 minutes\" \/>\n<script type=\"application\/ld+json\" class=\"yoast-schema-graph\">{\"@context\":\"https:\/\/schema.org\",\"@graph\":[{\"@type\":\"WebPage\",\"@id\":\"https:\/\/chemsmedstoreonline.com\/shop-q-a\/\",\"url\":\"https:\/\/chemsmedstoreonline.com\/shop-q-a\/\",\"name\":\"Vanliga fr\u00e5gor online apotek \u2013 Chemsmed Store\",\"isPartOf\":{\"@id\":\"https:\/\/chemsmedstoreonline.com\/en\/#website\"},\"primaryImageOfPage\":{\"@id\":\"https:\/\/chemsmedstoreonline.com\/shop-q-a\/#primaryimage\"},\"image\":{\"@id\":\"https:\/\/chemsmedstoreonline.com\/shop-q-a\/#primaryimage\"},\"thumbnailUrl\":\"https:\/\/chemsmedstoreonline.com\/wp-content\/uploads\/2025\/12\/pharmaceutical-cross-caduceus-logo_9801-9.webp\",\"datePublished\":\"2014-11-16T09:43:36+00:00\",\"dateModified\":\"2025-12-22T16:31:50+00:00\",\"description\":\"Vanliga fr\u00e5gor online apotek hos Chemsmed Store. F\u00e5 svar om best\u00e4llning, betalning, leverans, s\u00e4kerhet och kundsupport.\",\"breadcrumb\":{\"@id\":\"https:\/\/chemsmedstoreonline.com\/shop-q-a\/#breadcrumb\"},\"inLanguage\":\"en-US\",\"potentialAction\":[{\"@type\":\"ReadAction\",\"target\":[\"https:\/\/chemsmedstoreonline.com\/shop-q-a\/\"]}]},{\"@type\":\"ImageObject\",\"inLanguage\":\"en-US\",\"@id\":\"https:\/\/chemsmedstoreonline.com\/shop-q-a\/#primaryimage\",\"url\":\"https:\/\/chemsmedstoreonline.com\/wp-content\/uploads\/2025\/12\/pharmaceutical-cross-caduceus-logo_9801-9.webp\",\"contentUrl\":\"https:\/\/chemsmedstoreonline.com\/wp-content\/uploads\/2025\/12\/pharmaceutical-cross-caduceus-logo_9801-9.webp\",\"width\":500,\"height\":500,\"caption\":\"Vanliga fr\u00e5gor online apotek och kundsupport\"},{\"@type\":\"BreadcrumbList\",\"@id\":\"https:\/\/chemsmedstoreonline.com\/shop-q-a\/#breadcrumb\",\"itemListElement\":[{\"@type\":\"ListItem\",\"position\":1,\"name\":\"Home\",\"item\":\"https:\/\/chemsmedstoreonline.com\/en\/\"},{\"@type\":\"ListItem\",\"position\":2,\"name\":\"FAQ\"}]},{\"@type\":\"WebSite\",\"@id\":\"https:\/\/chemsmedstoreonline.com\/en\/#website\",\"url\":\"https:\/\/chemsmedstoreonline.com\/en\/\",\"name\":\"Chem Med Store Online\",\"description\":\"\",\"publisher\":{\"@id\":\"https:\/\/chemsmedstoreonline.com\/en\/#organization\"},\"potentialAction\":[{\"@type\":\"SearchAction\",\"target\":{\"@type\":\"EntryPoint\",\"urlTemplate\":\"https:\/\/chemsmedstoreonline.com\/en\/?s={search_term_string}\"},\"query-input\":{\"@type\":\"PropertyValueSpecification\",\"valueRequired\":true,\"valueName\":\"search_term_string\"}}],\"inLanguage\":\"en-US\"},{\"@type\":\"Organization\",\"@id\":\"https:\/\/chemsmedstoreonline.com\/en\/#organization\",\"name\":\"Chem Med Store Online\",\"url\":\"https:\/\/chemsmedstoreonline.com\/en\/\",\"logo\":{\"@type\":\"ImageObject\",\"inLanguage\":\"en-US\",\"@id\":\"https:\/\/chemsmedstoreonline.com\/en\/#\/schema\/logo\/image\/\",\"url\":\"https:\/\/chemsmedstoreonline.com\/wp-content\/uploads\/2023\/11\/cropped-pharmacy.png\",\"contentUrl\":\"https:\/\/chemsmedstoreonline.com\/wp-content\/uploads\/2023\/11\/cropped-pharmacy.png\",\"width\":512,\"height\":512,\"caption\":\"Chem Med Store Online\"},\"image\":{\"@id\":\"https:\/\/chemsmedstoreonline.com\/en\/#\/schema\/logo\/image\/\"}}]}<\/script>\n<!-- \/ Yoast SEO Premium plugin. -->","yoast_head_json":{"title":"Vanliga fr\u00e5gor online apotek \u2013 Chemsmed Store","description":"Vanliga fr\u00e5gor online apotek hos Chemsmed Store. F\u00e5 svar om best\u00e4llning, betalning, leverans, s\u00e4kerhet och kundsupport.","robots":{"index":"index","follow":"follow","max-snippet":"max-snippet:-1","max-image-preview":"max-image-preview:large","max-video-preview":"max-video-preview:-1"},"canonical":"https:\/\/chemsmedstoreonline.com\/en\/shop-q-a\/","og_locale":"en_US","og_type":"article","og_title":"FAQ","og_description":"Vanliga fr\u00e5gor online apotek hos Chemsmed Store. F\u00e5 svar om best\u00e4llning, betalning, leverans, s\u00e4kerhet och kundsupport.","og_url":"https:\/\/chemsmedstoreonline.com\/en\/shop-q-a\/","og_site_name":"Chems Med Store Online","article_modified_time":"2025-12-22T16:31:50+00:00","og_image":[{"width":500,"height":500,"url":"https:\/\/chemsmedstoreonline.com\/wp-content\/uploads\/2025\/12\/pharmaceutical-cross-caduceus-logo_9801-9.webp","type":"image\/webp"}],"twitter_card":"summary_large_image","twitter_misc":{"Est. reading time":"3 minutes"},"schema":{"@context":"https:\/\/schema.org","@graph":[{"@type":"WebPage","@id":"https:\/\/chemsmedstoreonline.com\/shop-q-a\/","url":"https:\/\/chemsmedstoreonline.com\/shop-q-a\/","name":"Vanliga fr\u00e5gor online apotek \u2013 Chemsmed Store","isPartOf":{"@id":"https:\/\/chemsmedstoreonline.com\/en\/#website"},"primaryImageOfPage":{"@id":"https:\/\/chemsmedstoreonline.com\/shop-q-a\/#primaryimage"},"image":{"@id":"https:\/\/chemsmedstoreonline.com\/shop-q-a\/#primaryimage"},"thumbnailUrl":"https:\/\/chemsmedstoreonline.com\/wp-content\/uploads\/2025\/12\/pharmaceutical-cross-caduceus-logo_9801-9.webp","datePublished":"2014-11-16T09:43:36+00:00","dateModified":"2025-12-22T16:31:50+00:00","description":"Vanliga fr\u00e5gor online apotek hos Chemsmed Store. F\u00e5 svar om best\u00e4llning, betalning, leverans, s\u00e4kerhet och kundsupport.","breadcrumb":{"@id":"https:\/\/chemsmedstoreonline.com\/shop-q-a\/#breadcrumb"},"inLanguage":"en-US","potentialAction":[{"@type":"ReadAction","target":["https:\/\/chemsmedstoreonline.com\/shop-q-a\/"]}]},{"@type":"ImageObject","inLanguage":"en-US","@id":"https:\/\/chemsmedstoreonline.com\/shop-q-a\/#primaryimage","url":"https:\/\/chemsmedstoreonline.com\/wp-content\/uploads\/2025\/12\/pharmaceutical-cross-caduceus-logo_9801-9.webp","contentUrl":"https:\/\/chemsmedstoreonline.com\/wp-content\/uploads\/2025\/12\/pharmaceutical-cross-caduceus-logo_9801-9.webp","width":500,"height":500,"caption":"Vanliga fr\u00e5gor online apotek och kundsupport"},{"@type":"BreadcrumbList","@id":"https:\/\/chemsmedstoreonline.com\/shop-q-a\/#breadcrumb","itemListElement":[{"@type":"ListItem","position":1,"name":"Home","item":"https:\/\/chemsmedstoreonline.com\/en\/"},{"@type":"ListItem","position":2,"name":"FAQ"}]},{"@type":"WebSite","@id":"https:\/\/chemsmedstoreonline.com\/en\/#website","url":"https:\/\/chemsmedstoreonline.com\/en\/","name":"Chem Med Store Online","description":"","publisher":{"@id":"https:\/\/chemsmedstoreonline.com\/en\/#organization"},"potentialAction":[{"@type":"SearchAction","target":{"@type":"EntryPoint","urlTemplate":"https:\/\/chemsmedstoreonline.com\/en\/?s={search_term_string}"},"query-input":{"@type":"PropertyValueSpecification","valueRequired":true,"valueName":"search_term_string"}}],"inLanguage":"en-US"},{"@type":"Organization","@id":"https:\/\/chemsmedstoreonline.com\/en\/#organization","name":"Chem Med Store Online","url":"https:\/\/chemsmedstoreonline.com\/en\/","logo":{"@type":"ImageObject","inLanguage":"en-US","@id":"https:\/\/chemsmedstoreonline.com\/en\/#\/schema\/logo\/image\/","url":"https:\/\/chemsmedstoreonline.com\/wp-content\/uploads\/2023\/11\/cropped-pharmacy.png","contentUrl":"https:\/\/chemsmedstoreonline.com\/wp-content\/uploads\/2023\/11\/cropped-pharmacy.png","width":512,"height":512,"caption":"Chem Med Store Online"},"image":{"@id":"https:\/\/chemsmedstoreonline.com\/en\/#\/schema\/logo\/image\/"}}]}},"jetpack_sharing_enabled":true,"_links":{"self":[{"href":"https:\/\/chemsmedstoreonline.com\/en\/wp-json\/wp\/v2\/pages\/33277","targetHints":{"allow":["GET"]}}],"collection":[{"href":"https:\/\/chemsmedstoreonline.com\/en\/wp-json\/wp\/v2\/pages"}],"about":[{"href":"https:\/\/chemsmedstoreonline.com\/en\/wp-json\/wp\/v2\/types\/page"}],"author":[{"embeddable":true,"href":"https:\/\/chemsmedstoreonline.com\/en\/wp-json\/wp\/v2\/users\/1"}],"replies":[{"embeddable":true,"href":"https:\/\/chemsmedstoreonline.com\/en\/wp-json\/wp\/v2\/comments?post=33277"}],"version-history":[{"count":1,"href":"https:\/\/chemsmedstoreonline.com\/en\/wp-json\/wp\/v2\/pages\/33277\/revisions"}],"predecessor-version":[{"id":46031,"href":"https:\/\/chemsmedstoreonline.com\/en\/wp-json\/wp\/v2\/pages\/33277\/revisions\/46031"}],"wp:featuredmedia":[{"embeddable":true,"href":"https:\/\/chemsmedstoreonline.com\/en\/wp-json\/wp\/v2\/media\/46030"}],"wp:attachment":[{"href":"https:\/\/chemsmedstoreonline.com\/en\/wp-json\/wp\/v2\/media?parent=33277"}],"curies":[{"name":"wp","href":"https:\/\/api.w.org\/{rel}","templated":true}]}}