{"id":37098,"date":"2023-12-01T00:31:24","date_gmt":"2023-12-01T00:31:24","guid":{"rendered":"https:\/\/the7.io\/shop\/?page_id=37098"},"modified":"2025-12-22T13:32:15","modified_gmt":"2025-12-22T13:32:15","slug":"aterbetalningar-returer","status":"publish","type":"page","link":"https:\/\/chemsmedstoreonline.com\/en\/aterbetalningar-returer\/","title":{"rendered":"\u00c5terbetalningar &#038; returer"},"content":{"rendered":"<p><!-- Introduction with keyphrase --><\/p>\n<p>V\u00e5rt onlineapotek str\u00e4var efter att erbjuda h\u00f6gkvalitativa l\u00e4kemedel och en positiv k\u00f6pupplevelse f\u00f6r v\u00e5ra kunder. Vi f\u00f6rst\u00e5r att det kan finnas situationer d\u00e4r en <strong>\u00e5terbetalning och retur<\/strong> kan vara n\u00f6dv\u00e4ndig. Nedan f\u00f6ljer v\u00e5r \u00e5terbetalnings- och returpolicy f\u00f6r att ge dig tydlig information om hur vi hanterar s\u00e5dana situationer.<\/p>\n<p><!-- H2: \u00c5terbetalningspolicy --><\/p>\n<h2>\u00c5terbetalningspolicy<\/h2>\n<p>1.1 Felaktig eller skadad produkt<br \/>\nOm du mottar en felaktig eller skadad produkt, v\u00e4nligen kontakta v\u00e5r <a href=\"\/en\/kontakt\/\">kundtj\u00e4nst<\/a> inom 7 dagar efter mottagandet. Vi kommer att g\u00f6ra v\u00e5rt b\u00e4sta f\u00f6r att l\u00f6sa problemet och erbjuda en \u00e5terbetalning eller ers\u00e4ttning. Vi kan be dig att skicka tillbaka den felaktiga eller skadade produkten f\u00f6r att kunna behandla \u00e5terbetalningen.<\/p>\n<p>1.2 Avbruten best\u00e4llning<br \/>\nOm din best\u00e4llning av n\u00e5gon anledning avbryts innan den har skickats, kommer vi att \u00e5terbetala hela beloppet till ditt ursprungliga betalningsmedel. V\u00e4nligen kontakta v\u00e5r <a href=\"\/en\/faq\/\">FAQ<\/a> om du har n\u00e5gra fr\u00e5gor eller beh\u00f6ver hj\u00e4lp med en avbruten best\u00e4llning.<\/p>\n<p>1.3 \u00c5terbetalning vid retur<br \/>\nOm du vill returnera en produkt och beg\u00e4ra en \u00e5terbetalning, v\u00e4nligen kontakta v\u00e5r <a href=\"\/en\/kontakt\/\">kundtj\u00e4nst<\/a> inom 14 dagar efter mottagandet. Produkten m\u00e5ste vara oanv\u00e4nd och i sitt ursprungliga skick f\u00f6r att vara ber\u00e4ttigad till \u00e5terbetalning. Vi kan be dig att skicka tillbaka produkten till oss innan \u00e5terbetalningen behandlas. Observera att returfraktkostnader kan tillkomma och inte \u00e5terbetalas.<\/p>\n<p><!-- H2: Returpolicy --><\/p>\n<h2>Returpolicy<\/h2>\n<p>2.1 Retur av o\u00f6nskade produkter<br \/>\nOm du vill returnera en produkt som du inte l\u00e4ngre \u00f6nskar, v\u00e4nligen kontakta v\u00e5r <a href=\"\/en\/kontakt\/\">kundtj\u00e4nst<\/a> inom 14 dagar efter mottagandet. Produkten m\u00e5ste vara oanv\u00e4nd och i sitt ursprungliga skick f\u00f6r att vara ber\u00e4ttigad till retur. Vi kan be dig att skicka tillbaka produkten till oss innan returen behandlas. Observera att returfraktkostnader kan tillkomma och inte \u00e5terbetalas.<\/p>\n<p>2.2 Retur av felbest\u00e4llda produkter<br \/>\nOm du har felbest\u00e4llt en produkt och vill returnera den, v\u00e4nligen kontakta v\u00e5r <a href=\"\/en\/kontakt\/\">kundtj\u00e4nst<\/a> inom 14 dagar efter mottagandet. Produkten m\u00e5ste vara oanv\u00e4nd och i sitt ursprungliga skick f\u00f6r att vara ber\u00e4ttigad till retur. Vi kan be dig att skicka tillbaka produkten till oss innan returen behandlas. Observera att returfraktkostnader kan tillkomma och inte \u00e5terbetalas.<\/p>\n<p><!-- H2: Allm\u00e4nna villkor --><\/p>\n<h2>Allm\u00e4nna villkor<\/h2>\n<p>3.1 \u00c5terbetalningar och returer behandlas inom 14 dagar efter att vi har mottagit den returnerade produkten.<\/p>\n<p>3.2 Vi f\u00f6rbeh\u00e5ller oss r\u00e4tten att neka en \u00e5terbetalning eller retur om produkten inte uppfyller v\u00e5ra villkor f\u00f6r retur.<\/p>\n<p>3.3 Eventuella frakt- eller expeditionsavgifter som har betalats vid k\u00f6pet \u00e5terbetalas inte vid retur eller \u00e5terbetalning.<\/p>\n<p>3.4 Vi ansvarar inte f\u00f6r eventuella f\u00f6rlorade eller skadade produkter under returfrakten. Vi rekommenderar att du anv\u00e4nder en p\u00e5litlig fraktmetod och f\u00f6rs\u00e4krar paketet vid retur.<\/p>\n<p><!-- Closing paragraph --><\/p>\n<p>Vi hoppas att denna \u00e5terbetalnings- och returpolicy ger dig tydlig v\u00e4gledning om hur vi hanterar s\u00e5dana situationer. Om du har n\u00e5gra fr\u00e5gor eller beh\u00f6ver ytterligare hj\u00e4lp, \u00e4r du v\u00e4lkommen att kontakta v\u00e5r <a href=\"\/en\/kontakt\/\">kundtj\u00e4nst<\/a>. Vi str\u00e4var efter att ge dig en positiv och tillfredsst\u00e4llande k\u00f6pupplevelse.<\/p>\n<p><!-- Outbound link --><\/p>\n<p>F\u00f6r mer information om s\u00e4kra betalningar online, bes\u00f6k <a href=\"https:\/\/www.consumerreports.org\/money\/online-payment-security\" target=\"_blank\" rel=\"noopener\">denna guide om betalningss\u00e4kerhet<\/a>.<\/p>","protected":false},"excerpt":{"rendered":"<p>V\u00e5rt onlineapotek str\u00e4var efter att erbjuda h\u00f6gkvalitativa l\u00e4kemedel och en positiv k\u00f6pupplevelse f\u00f6r v\u00e5ra kunder. Vi f\u00f6rst\u00e5r att det kan finnas situationer d\u00e4r en \u00e5terbetalning och retur kan vara n\u00f6dv\u00e4ndig. Nedan f\u00f6ljer v\u00e5r \u00e5terbetalnings- och returpolicy f\u00f6r att ge dig tydlig information om hur vi hanterar s\u00e5dana situationer. \u00c5terbetalningspolicy 1.1 Felaktig eller skadad produkt Om&hellip;<\/p>","protected":false},"author":1,"featured_media":37470,"parent":0,"menu_order":0,"comment_status":"closed","ping_status":"closed","template":"","meta":{"footnotes":""},"class_list":["post-37098","page","type-page","status-publish","has-post-thumbnail","hentry","description-off"],"yoast_head":"<!-- This site is optimized with the Yoast SEO Premium plugin v26.2 (Yoast SEO v27.0) - https:\/\/yoast.com\/product\/yoast-seo-premium-wordpress\/ -->\n<title>\u00c5terbetalningar och returer \u2013 Trygg returpolicy | Chemsmed Store<\/title>\n<meta name=\"description\" content=\"L\u00e4s v\u00e5r policy f\u00f6r \u00e5terbetalningar och returer. Snabb och trygg hantering av returer och \u00e5terbetalningar med tydlig info om frakt.\" \/>\n<meta name=\"robots\" content=\"index, follow, max-snippet:-1, max-image-preview:large, max-video-preview:-1\" \/>\n<link rel=\"canonical\" href=\"https:\/\/chemsmedstoreonline.com\/en\/aterbetalningar-returer\/\" \/>\n<meta property=\"og:locale\" content=\"en_US\" \/>\n<meta property=\"og:type\" content=\"article\" \/>\n<meta property=\"og:title\" content=\"\u00c5terbetalningar &amp; returer\" \/>\n<meta property=\"og:description\" content=\"L\u00e4s v\u00e5r policy f\u00f6r \u00e5terbetalningar och returer. Snabb och trygg hantering av returer och \u00e5terbetalningar med tydlig info om frakt.\" \/>\n<meta property=\"og:url\" content=\"https:\/\/chemsmedstoreonline.com\/en\/aterbetalningar-returer\/\" \/>\n<meta property=\"og:site_name\" content=\"Chems Med Store Online\" \/>\n<meta property=\"article:modified_time\" content=\"2025-12-22T13:32:15+00:00\" \/>\n<meta property=\"og:image\" content=\"https:\/\/chemsmedstoreonline.com\/wp-content\/uploads\/2023\/11\/cropped-istockphoto-801762106-612x612-1.jpg\" \/>\n\t<meta property=\"og:image:width\" content=\"512\" \/>\n\t<meta property=\"og:image:height\" content=\"512\" \/>\n\t<meta property=\"og:image:type\" content=\"image\/jpeg\" \/>\n<meta name=\"twitter:card\" content=\"summary_large_image\" \/>\n<meta name=\"twitter:label1\" content=\"Est. reading time\" \/>\n\t<meta name=\"twitter:data1\" content=\"3 minutes\" \/>\n<script type=\"application\/ld+json\" class=\"yoast-schema-graph\">{\"@context\":\"https:\/\/schema.org\",\"@graph\":[{\"@type\":\"WebPage\",\"@id\":\"https:\/\/chemsmedstoreonline.com\/aterbetalningar-returer\/\",\"url\":\"https:\/\/chemsmedstoreonline.com\/aterbetalningar-returer\/\",\"name\":\"\u00c5terbetalningar och returer \u2013 Trygg returpolicy | Chemsmed Store\",\"isPartOf\":{\"@id\":\"https:\/\/chemsmedstoreonline.com\/en\/#website\"},\"primaryImageOfPage\":{\"@id\":\"https:\/\/chemsmedstoreonline.com\/aterbetalningar-returer\/#primaryimage\"},\"image\":{\"@id\":\"https:\/\/chemsmedstoreonline.com\/aterbetalningar-returer\/#primaryimage\"},\"thumbnailUrl\":\"https:\/\/chemsmedstoreonline.com\/wp-content\/uploads\/2023\/11\/cropped-istockphoto-801762106-612x612-1.jpg\",\"datePublished\":\"2023-12-01T00:31:24+00:00\",\"dateModified\":\"2025-12-22T13:32:15+00:00\",\"description\":\"L\u00e4s v\u00e5r policy f\u00f6r \u00e5terbetalningar och returer. Snabb och trygg hantering av returer och \u00e5terbetalningar med tydlig info om frakt.\",\"breadcrumb\":{\"@id\":\"https:\/\/chemsmedstoreonline.com\/aterbetalningar-returer\/#breadcrumb\"},\"inLanguage\":\"en-US\",\"potentialAction\":[{\"@type\":\"ReadAction\",\"target\":[\"https:\/\/chemsmedstoreonline.com\/aterbetalningar-returer\/\"]}]},{\"@type\":\"ImageObject\",\"inLanguage\":\"en-US\",\"@id\":\"https:\/\/chemsmedstoreonline.com\/aterbetalningar-returer\/#primaryimage\",\"url\":\"https:\/\/chemsmedstoreonline.com\/wp-content\/uploads\/2023\/11\/cropped-istockphoto-801762106-612x612-1.jpg\",\"contentUrl\":\"https:\/\/chemsmedstoreonline.com\/wp-content\/uploads\/2023\/11\/cropped-istockphoto-801762106-612x612-1.jpg\",\"width\":512,\"height\":512,\"caption\":\"\u00e5terbetalningar och returer steg-f\u00f6r-steg\"},{\"@type\":\"BreadcrumbList\",\"@id\":\"https:\/\/chemsmedstoreonline.com\/aterbetalningar-returer\/#breadcrumb\",\"itemListElement\":[{\"@type\":\"ListItem\",\"position\":1,\"name\":\"Home\",\"item\":\"https:\/\/chemsmedstoreonline.com\/en\/\"},{\"@type\":\"ListItem\",\"position\":2,\"name\":\"\u00c5terbetalningar &#038; returer\"}]},{\"@type\":\"WebSite\",\"@id\":\"https:\/\/chemsmedstoreonline.com\/en\/#website\",\"url\":\"https:\/\/chemsmedstoreonline.com\/en\/\",\"name\":\"Chem Med Store Online\",\"description\":\"\",\"publisher\":{\"@id\":\"https:\/\/chemsmedstoreonline.com\/en\/#organization\"},\"potentialAction\":[{\"@type\":\"SearchAction\",\"target\":{\"@type\":\"EntryPoint\",\"urlTemplate\":\"https:\/\/chemsmedstoreonline.com\/en\/?s={search_term_string}\"},\"query-input\":{\"@type\":\"PropertyValueSpecification\",\"valueRequired\":true,\"valueName\":\"search_term_string\"}}],\"inLanguage\":\"en-US\"},{\"@type\":\"Organization\",\"@id\":\"https:\/\/chemsmedstoreonline.com\/en\/#organization\",\"name\":\"Chem Med Store Online\",\"url\":\"https:\/\/chemsmedstoreonline.com\/en\/\",\"logo\":{\"@type\":\"ImageObject\",\"inLanguage\":\"en-US\",\"@id\":\"https:\/\/chemsmedstoreonline.com\/en\/#\/schema\/logo\/image\/\",\"url\":\"https:\/\/chemsmedstoreonline.com\/wp-content\/uploads\/2023\/11\/cropped-pharmacy.png\",\"contentUrl\":\"https:\/\/chemsmedstoreonline.com\/wp-content\/uploads\/2023\/11\/cropped-pharmacy.png\",\"width\":512,\"height\":512,\"caption\":\"Chem Med Store Online\"},\"image\":{\"@id\":\"https:\/\/chemsmedstoreonline.com\/en\/#\/schema\/logo\/image\/\"}}]}<\/script>\n<!-- \/ Yoast SEO Premium plugin. -->","yoast_head_json":{"title":"\u00c5terbetalningar och returer \u2013 Trygg returpolicy | Chemsmed Store","description":"L\u00e4s v\u00e5r policy f\u00f6r \u00e5terbetalningar och returer. Snabb och trygg hantering av returer och \u00e5terbetalningar med tydlig info om frakt.","robots":{"index":"index","follow":"follow","max-snippet":"max-snippet:-1","max-image-preview":"max-image-preview:large","max-video-preview":"max-video-preview:-1"},"canonical":"https:\/\/chemsmedstoreonline.com\/en\/aterbetalningar-returer\/","og_locale":"en_US","og_type":"article","og_title":"\u00c5terbetalningar & returer","og_description":"L\u00e4s v\u00e5r policy f\u00f6r \u00e5terbetalningar och returer. Snabb och trygg hantering av returer och \u00e5terbetalningar med tydlig info om frakt.","og_url":"https:\/\/chemsmedstoreonline.com\/en\/aterbetalningar-returer\/","og_site_name":"Chems Med Store Online","article_modified_time":"2025-12-22T13:32:15+00:00","og_image":[{"width":512,"height":512,"url":"https:\/\/chemsmedstoreonline.com\/wp-content\/uploads\/2023\/11\/cropped-istockphoto-801762106-612x612-1.jpg","type":"image\/jpeg"}],"twitter_card":"summary_large_image","twitter_misc":{"Est. reading time":"3 minutes"},"schema":{"@context":"https:\/\/schema.org","@graph":[{"@type":"WebPage","@id":"https:\/\/chemsmedstoreonline.com\/aterbetalningar-returer\/","url":"https:\/\/chemsmedstoreonline.com\/aterbetalningar-returer\/","name":"\u00c5terbetalningar och returer \u2013 Trygg returpolicy | Chemsmed Store","isPartOf":{"@id":"https:\/\/chemsmedstoreonline.com\/en\/#website"},"primaryImageOfPage":{"@id":"https:\/\/chemsmedstoreonline.com\/aterbetalningar-returer\/#primaryimage"},"image":{"@id":"https:\/\/chemsmedstoreonline.com\/aterbetalningar-returer\/#primaryimage"},"thumbnailUrl":"https:\/\/chemsmedstoreonline.com\/wp-content\/uploads\/2023\/11\/cropped-istockphoto-801762106-612x612-1.jpg","datePublished":"2023-12-01T00:31:24+00:00","dateModified":"2025-12-22T13:32:15+00:00","description":"L\u00e4s v\u00e5r policy f\u00f6r \u00e5terbetalningar och returer. Snabb och trygg hantering av returer och \u00e5terbetalningar med tydlig info om frakt.","breadcrumb":{"@id":"https:\/\/chemsmedstoreonline.com\/aterbetalningar-returer\/#breadcrumb"},"inLanguage":"en-US","potentialAction":[{"@type":"ReadAction","target":["https:\/\/chemsmedstoreonline.com\/aterbetalningar-returer\/"]}]},{"@type":"ImageObject","inLanguage":"en-US","@id":"https:\/\/chemsmedstoreonline.com\/aterbetalningar-returer\/#primaryimage","url":"https:\/\/chemsmedstoreonline.com\/wp-content\/uploads\/2023\/11\/cropped-istockphoto-801762106-612x612-1.jpg","contentUrl":"https:\/\/chemsmedstoreonline.com\/wp-content\/uploads\/2023\/11\/cropped-istockphoto-801762106-612x612-1.jpg","width":512,"height":512,"caption":"\u00e5terbetalningar och returer steg-f\u00f6r-steg"},{"@type":"BreadcrumbList","@id":"https:\/\/chemsmedstoreonline.com\/aterbetalningar-returer\/#breadcrumb","itemListElement":[{"@type":"ListItem","position":1,"name":"Home","item":"https:\/\/chemsmedstoreonline.com\/en\/"},{"@type":"ListItem","position":2,"name":"\u00c5terbetalningar &#038; returer"}]},{"@type":"WebSite","@id":"https:\/\/chemsmedstoreonline.com\/en\/#website","url":"https:\/\/chemsmedstoreonline.com\/en\/","name":"Chem Med Store Online","description":"","publisher":{"@id":"https:\/\/chemsmedstoreonline.com\/en\/#organization"},"potentialAction":[{"@type":"SearchAction","target":{"@type":"EntryPoint","urlTemplate":"https:\/\/chemsmedstoreonline.com\/en\/?s={search_term_string}"},"query-input":{"@type":"PropertyValueSpecification","valueRequired":true,"valueName":"search_term_string"}}],"inLanguage":"en-US"},{"@type":"Organization","@id":"https:\/\/chemsmedstoreonline.com\/en\/#organization","name":"Chem Med Store Online","url":"https:\/\/chemsmedstoreonline.com\/en\/","logo":{"@type":"ImageObject","inLanguage":"en-US","@id":"https:\/\/chemsmedstoreonline.com\/en\/#\/schema\/logo\/image\/","url":"https:\/\/chemsmedstoreonline.com\/wp-content\/uploads\/2023\/11\/cropped-pharmacy.png","contentUrl":"https:\/\/chemsmedstoreonline.com\/wp-content\/uploads\/2023\/11\/cropped-pharmacy.png","width":512,"height":512,"caption":"Chem Med Store Online"},"image":{"@id":"https:\/\/chemsmedstoreonline.com\/en\/#\/schema\/logo\/image\/"}}]}},"jetpack_sharing_enabled":true,"_links":{"self":[{"href":"https:\/\/chemsmedstoreonline.com\/en\/wp-json\/wp\/v2\/pages\/37098","targetHints":{"allow":["GET"]}}],"collection":[{"href":"https:\/\/chemsmedstoreonline.com\/en\/wp-json\/wp\/v2\/pages"}],"about":[{"href":"https:\/\/chemsmedstoreonline.com\/en\/wp-json\/wp\/v2\/types\/page"}],"author":[{"embeddable":true,"href":"https:\/\/chemsmedstoreonline.com\/en\/wp-json\/wp\/v2\/users\/1"}],"replies":[{"embeddable":true,"href":"https:\/\/chemsmedstoreonline.com\/en\/wp-json\/wp\/v2\/comments?post=37098"}],"version-history":[{"count":1,"href":"https:\/\/chemsmedstoreonline.com\/en\/wp-json\/wp\/v2\/pages\/37098\/revisions"}],"predecessor-version":[{"id":46024,"href":"https:\/\/chemsmedstoreonline.com\/en\/wp-json\/wp\/v2\/pages\/37098\/revisions\/46024"}],"wp:featuredmedia":[{"embeddable":true,"href":"https:\/\/chemsmedstoreonline.com\/en\/wp-json\/wp\/v2\/media\/37470"}],"wp:attachment":[{"href":"https:\/\/chemsmedstoreonline.com\/en\/wp-json\/wp\/v2\/media?parent=37098"}],"curies":[{"name":"wp","href":"https:\/\/api.w.org\/{rel}","templated":true}]}}