{"id":37163,"date":"2023-11-20T10:08:40","date_gmt":"2023-11-20T10:08:40","guid":{"rendered":"https:\/\/medicalsolutions72.com\/product\/elvanse-30-mg\/"},"modified":"2025-11-01T02:46:09","modified_gmt":"2025-11-01T02:46:09","slug":"kopa-elvanse-utan-recept","status":"publish","type":"product","link":"https:\/\/chemsmedstoreonline.com\/en\/product\/kopa-elvanse-utan-recept\/","title":{"rendered":"Elvanse ADHD"},"content":{"rendered":"<h2>K\u00f6pa elvanse utan recept<\/h2>\n<div>\n<p>Elvanse \u00e4r ett l\u00e4kemedel som anv\u00e4nds f\u00f6r att behandla ADHD hos vuxna och barn. Det \u00e4r en p\u00e5litlig och effektiv medicin som kan hj\u00e4lpa till att minska ADHD-symtom som sl\u00f6seri, impulsivitet och hyperaktivitet.<\/p>\n<p>Det finns flera sk\u00e4l till att k\u00f6pa elvanse utan recept fr\u00e5n v\u00e5r webbplats \u00e4r det b\u00e4sta alternativet i Sverige, Danmark och Norge. F\u00f6rst och fr\u00e4mst har vi en m\u00e4ngd olika doser av <a href=\"https:\/\/www.psykiatrispecialisterna.se\/privat-adhd-utredning-barn?gad_source=1&amp;gclid=CjwKCAiA04arBhAkEiwAuNOsIpetrG8N739O8JXHyrvqVpGnbUYPhWVkmq01tnMphwNuIH9gsAlD9RoCxrIQAvD_BwE\">Elvanse<\/a> tillg\u00e4ngliga. Dessa inkluderar Elvanse 60mg, Elvanse 30mg, Elvanse 50mg, Elvanse 70mg och Elvanse 20mg. Som ett resultat kan v\u00e5ra kunder v\u00e4lja den dos som \u00e4r b\u00e4st l\u00e4mpad f\u00f6r deras individuella behov.<\/p>\n<p>F\u00f6r det andra erbjuder vi dig m\u00f6jligheten att enkelt k\u00f6pa Elvanse p\u00e5 n\u00e4tet. Du kan undvika besv\u00e4ret med att beh\u00f6va bes\u00f6ka ett fysiskt apotek eller apotek genom att best\u00e4lla fr\u00e5n v\u00e5rt <a href=\"https:\/\/medicalsolutions72.com\">onlineapotek<\/a>. Elvanse k\u00f6pa kan enkelt k\u00f6pas hemma och levereras direkt till din d\u00f6rr.<\/p>\n<p>F\u00f6r det tredje erbjuder vi Elvanse k\u00f6p priser som \u00e4r konkurrenskraftiga. Vi \u00e4r medvetna om betydelsen av att f\u00e5 tillg\u00e5ng till billig och n\u00f6dv\u00e4ndig medicin. Du kan spara pengar genom att k\u00f6pa elvanse utan recept fr\u00e5n v\u00e5r onlineapotek snarare \u00e4n fr\u00e5n traditionella apotek.<\/p>\n<p>Dessutom \u00e4r vi stolta \u00f6ver att kunna erbjuda p\u00e5litliga och snabba leveranser till Sverige, Danmark och Norge f\u00f6r add elvanse. Vi str\u00e4var efter att leverera dina best\u00e4llningar s\u00e5 snabbt som m\u00f6jligt eftersom vi f\u00f6rst\u00e5r att det \u00e4r viktigt att f\u00e5 medicin i tid.<\/p>\n<\/div>","protected":false},"excerpt":{"rendered":"<p>Om du letar efter ett bekv\u00e4mt och p\u00e5litligt s\u00e4tt att k\u00f6pa Elvanse online, \u00e4r v\u00e5rt onlineapotek det b\u00e4sta valet. Vi erbjuder konkurrenskraftiga priser, snabb leverans till Sverige, Danmark och Norge, och ett brett utbud av doser. Upplev f\u00f6rdelarna med att k\u00f6pa Elvanse utan recept fr\u00e5n oss idag.<\/p>","protected":false},"featured_media":37162,"comment_status":"open","ping_status":"closed","template":"","meta":[],"product_brand":[],"product_cat":[220],"product_tag":[597,589,590,593,596,591,592,594,595,605,599,601,602,598,603,606,600,604],"class_list":{"0":"post-37163","1":"product","2":"type-product","3":"status-publish","4":"has-post-thumbnail","6":"product_cat-add-adhd","7":"product_tag-adhd-medicin-elvanse","8":"product_tag-elvanse-20mg","9":"product_tag-elvanse-30mg","10":"product_tag-elvanse-40-mg","11":"product_tag-elvanse-60-mg","12":"product_tag-elvanse-70-mg","13":"product_tag-elvanse-70mg","14":"product_tag-elvanse-add","15":"product_tag-elvanse-adhd","16":"product_tag-elvanse-adhd-medication","17":"product_tag-elvanse-adhd-medicin","18":"product_tag-elvanse-kop","19":"product_tag-elvanse-kopa","20":"product_tag-elvanse-medicin","21":"product_tag-elvanse-utan-adhd","22":"product_tag-elvanse-vuxen-70-mg","23":"product_tag-kopa-elvanse","24":"product_tag-kopa-elvanse-utan-recept","25":"description-off","27":"first","28":"instock","29":"sale","30":"shipping-taxable","31":"purchasable","32":"product-type-variable"},"yoast_head":"<!-- This site is optimized with the Yoast SEO Premium plugin v26.2 (Yoast SEO v27.0) - https:\/\/yoast.com\/product\/yoast-seo-premium-wordpress\/ -->\n<title>K\u00f6pa elvanse utan recept 2025 | Best\u00e4lla l\u00e4kemedel SVERIGE<\/title>\n<meta name=\"description\" content=\"K\u00f6pa elvanse utan recept, f\u00e5 dina mediciner levererade direkt till din d\u00f6rr - enkelt och bekv\u00e4mt. S\u00e4ker, diskret och snabb leverans 2024\" \/>\n<meta name=\"robots\" content=\"index, follow, max-snippet:-1, max-image-preview:large, max-video-preview:-1\" \/>\n<link rel=\"canonical\" href=\"https:\/\/chemsmedstoreonline.com\/en\/product\/kopa-elvanse-utan-recept\/\" \/>\n<meta property=\"og:locale\" content=\"en_US\" \/>\n<meta property=\"og:type\" content=\"article\" \/>\n<meta property=\"og:title\" content=\"Elvanse ADHD\" \/>\n<meta property=\"og:description\" content=\"K\u00f6pa elvanse utan recept, f\u00e5 dina mediciner levererade direkt till din d\u00f6rr - enkelt och bekv\u00e4mt. S\u00e4ker, diskret och snabb leverans 2024\" \/>\n<meta property=\"og:url\" content=\"https:\/\/chemsmedstoreonline.com\/en\/product\/kopa-elvanse-utan-recept\/\" \/>\n<meta property=\"og:site_name\" content=\"Chems Med Store Online\" \/>\n<meta property=\"article:modified_time\" content=\"2025-11-01T02:46:09+00:00\" \/>\n<meta property=\"og:image\" content=\"https:\/\/chemsmedstoreonline.com\/wp-content\/uploads\/2023\/11\/91CABC5C-0246-B691-862CA9885977A890.jpg\" \/>\n\t<meta property=\"og:image:width\" content=\"300\" \/>\n\t<meta property=\"og:image:height\" content=\"263\" \/>\n\t<meta property=\"og:image:type\" content=\"image\/jpeg\" \/>\n<meta name=\"twitter:card\" content=\"summary_large_image\" \/>\n<meta name=\"twitter:label1\" content=\"Est. reading time\" \/>\n\t<meta name=\"twitter:data1\" content=\"2 minutes\" \/>\n<script type=\"application\/ld+json\" class=\"yoast-schema-graph\">{\"@context\":\"https:\/\/schema.org\",\"@graph\":[{\"@type\":\"WebPage\",\"@id\":\"https:\/\/chemsmedstoreonline.com\/product\/kopa-elvanse-utan-recept\/\",\"url\":\"https:\/\/chemsmedstoreonline.com\/product\/kopa-elvanse-utan-recept\/\",\"name\":\"K\u00f6pa elvanse utan recept 2025 | Best\u00e4lla l\u00e4kemedel SVERIGE\",\"isPartOf\":{\"@id\":\"https:\/\/chemsmedstoreonline.com\/en\/#website\"},\"primaryImageOfPage\":{\"@id\":\"https:\/\/chemsmedstoreonline.com\/product\/kopa-elvanse-utan-recept\/#primaryimage\"},\"image\":{\"@id\":\"https:\/\/chemsmedstoreonline.com\/product\/kopa-elvanse-utan-recept\/#primaryimage\"},\"thumbnailUrl\":\"https:\/\/chemsmedstoreonline.com\/wp-content\/uploads\/2023\/11\/91CABC5C-0246-B691-862CA9885977A890.jpg\",\"datePublished\":\"2023-11-20T10:08:40+00:00\",\"dateModified\":\"2025-11-01T02:46:09+00:00\",\"description\":\"K\u00f6pa elvanse utan recept, f\u00e5 dina mediciner levererade direkt till din d\u00f6rr - enkelt och bekv\u00e4mt. S\u00e4ker, diskret och snabb leverans 2024\",\"breadcrumb\":{\"@id\":\"https:\/\/chemsmedstoreonline.com\/product\/kopa-elvanse-utan-recept\/#breadcrumb\"},\"inLanguage\":\"en-US\",\"potentialAction\":[{\"@type\":\"ReadAction\",\"target\":[\"https:\/\/chemsmedstoreonline.com\/product\/kopa-elvanse-utan-recept\/\"]}]},{\"@type\":\"ImageObject\",\"inLanguage\":\"en-US\",\"@id\":\"https:\/\/chemsmedstoreonline.com\/product\/kopa-elvanse-utan-recept\/#primaryimage\",\"url\":\"https:\/\/chemsmedstoreonline.com\/wp-content\/uploads\/2023\/11\/91CABC5C-0246-B691-862CA9885977A890.jpg\",\"contentUrl\":\"https:\/\/chemsmedstoreonline.com\/wp-content\/uploads\/2023\/11\/91CABC5C-0246-B691-862CA9885977A890.jpg\",\"width\":300,\"height\":263},{\"@type\":\"BreadcrumbList\",\"@id\":\"https:\/\/chemsmedstoreonline.com\/product\/kopa-elvanse-utan-recept\/#breadcrumb\",\"itemListElement\":[{\"@type\":\"ListItem\",\"position\":1,\"name\":\"Home\",\"item\":\"https:\/\/chemsmedstoreonline.com\/en\/\"},{\"@type\":\"ListItem\",\"position\":2,\"name\":\"All products\",\"item\":\"https:\/\/chemsmedstoreonline.com\/all-products\/\"},{\"@type\":\"ListItem\",\"position\":3,\"name\":\"Elvanse ADHD\"}]},{\"@type\":\"WebSite\",\"@id\":\"https:\/\/chemsmedstoreonline.com\/en\/#website\",\"url\":\"https:\/\/chemsmedstoreonline.com\/en\/\",\"name\":\"Chem Med Store Online\",\"description\":\"\",\"publisher\":{\"@id\":\"https:\/\/chemsmedstoreonline.com\/en\/#organization\"},\"potentialAction\":[{\"@type\":\"SearchAction\",\"target\":{\"@type\":\"EntryPoint\",\"urlTemplate\":\"https:\/\/chemsmedstoreonline.com\/en\/?s={search_term_string}\"},\"query-input\":{\"@type\":\"PropertyValueSpecification\",\"valueRequired\":true,\"valueName\":\"search_term_string\"}}],\"inLanguage\":\"en-US\"},{\"@type\":\"Organization\",\"@id\":\"https:\/\/chemsmedstoreonline.com\/en\/#organization\",\"name\":\"Chem Med Store Online\",\"url\":\"https:\/\/chemsmedstoreonline.com\/en\/\",\"logo\":{\"@type\":\"ImageObject\",\"inLanguage\":\"en-US\",\"@id\":\"https:\/\/chemsmedstoreonline.com\/en\/#\/schema\/logo\/image\/\",\"url\":\"https:\/\/chemsmedstoreonline.com\/wp-content\/uploads\/2023\/11\/cropped-pharmacy.png\",\"contentUrl\":\"https:\/\/chemsmedstoreonline.com\/wp-content\/uploads\/2023\/11\/cropped-pharmacy.png\",\"width\":512,\"height\":512,\"caption\":\"Chem Med Store Online\"},\"image\":{\"@id\":\"https:\/\/chemsmedstoreonline.com\/en\/#\/schema\/logo\/image\/\"}}]}<\/script>\n<!-- \/ Yoast SEO Premium plugin. -->","yoast_head_json":{"title":"K\u00f6pa elvanse utan recept 2025 | Best\u00e4lla l\u00e4kemedel SVERIGE","description":"K\u00f6pa elvanse utan recept, f\u00e5 dina mediciner levererade direkt till din d\u00f6rr - enkelt och bekv\u00e4mt. S\u00e4ker, diskret och snabb leverans 2024","robots":{"index":"index","follow":"follow","max-snippet":"max-snippet:-1","max-image-preview":"max-image-preview:large","max-video-preview":"max-video-preview:-1"},"canonical":"https:\/\/chemsmedstoreonline.com\/en\/product\/kopa-elvanse-utan-recept\/","og_locale":"en_US","og_type":"article","og_title":"Elvanse ADHD","og_description":"K\u00f6pa elvanse utan recept, f\u00e5 dina mediciner levererade direkt till din d\u00f6rr - enkelt och bekv\u00e4mt. S\u00e4ker, diskret och snabb leverans 2024","og_url":"https:\/\/chemsmedstoreonline.com\/en\/product\/kopa-elvanse-utan-recept\/","og_site_name":"Chems Med Store Online","article_modified_time":"2025-11-01T02:46:09+00:00","og_image":[{"width":300,"height":263,"url":"https:\/\/chemsmedstoreonline.com\/wp-content\/uploads\/2023\/11\/91CABC5C-0246-B691-862CA9885977A890.jpg","type":"image\/jpeg"}],"twitter_card":"summary_large_image","twitter_misc":{"Est. reading time":"2 minutes"},"schema":{"@context":"https:\/\/schema.org","@graph":[{"@type":"WebPage","@id":"https:\/\/chemsmedstoreonline.com\/product\/kopa-elvanse-utan-recept\/","url":"https:\/\/chemsmedstoreonline.com\/product\/kopa-elvanse-utan-recept\/","name":"K\u00f6pa elvanse utan recept 2025 | Best\u00e4lla l\u00e4kemedel SVERIGE","isPartOf":{"@id":"https:\/\/chemsmedstoreonline.com\/en\/#website"},"primaryImageOfPage":{"@id":"https:\/\/chemsmedstoreonline.com\/product\/kopa-elvanse-utan-recept\/#primaryimage"},"image":{"@id":"https:\/\/chemsmedstoreonline.com\/product\/kopa-elvanse-utan-recept\/#primaryimage"},"thumbnailUrl":"https:\/\/chemsmedstoreonline.com\/wp-content\/uploads\/2023\/11\/91CABC5C-0246-B691-862CA9885977A890.jpg","datePublished":"2023-11-20T10:08:40+00:00","dateModified":"2025-11-01T02:46:09+00:00","description":"K\u00f6pa elvanse utan recept, f\u00e5 dina mediciner levererade direkt till din d\u00f6rr - enkelt och bekv\u00e4mt. S\u00e4ker, diskret och snabb leverans 2024","breadcrumb":{"@id":"https:\/\/chemsmedstoreonline.com\/product\/kopa-elvanse-utan-recept\/#breadcrumb"},"inLanguage":"en-US","potentialAction":[{"@type":"ReadAction","target":["https:\/\/chemsmedstoreonline.com\/product\/kopa-elvanse-utan-recept\/"]}]},{"@type":"ImageObject","inLanguage":"en-US","@id":"https:\/\/chemsmedstoreonline.com\/product\/kopa-elvanse-utan-recept\/#primaryimage","url":"https:\/\/chemsmedstoreonline.com\/wp-content\/uploads\/2023\/11\/91CABC5C-0246-B691-862CA9885977A890.jpg","contentUrl":"https:\/\/chemsmedstoreonline.com\/wp-content\/uploads\/2023\/11\/91CABC5C-0246-B691-862CA9885977A890.jpg","width":300,"height":263},{"@type":"BreadcrumbList","@id":"https:\/\/chemsmedstoreonline.com\/product\/kopa-elvanse-utan-recept\/#breadcrumb","itemListElement":[{"@type":"ListItem","position":1,"name":"Home","item":"https:\/\/chemsmedstoreonline.com\/en\/"},{"@type":"ListItem","position":2,"name":"All products","item":"https:\/\/chemsmedstoreonline.com\/all-products\/"},{"@type":"ListItem","position":3,"name":"Elvanse ADHD"}]},{"@type":"WebSite","@id":"https:\/\/chemsmedstoreonline.com\/en\/#website","url":"https:\/\/chemsmedstoreonline.com\/en\/","name":"Chem Med Store Online","description":"","publisher":{"@id":"https:\/\/chemsmedstoreonline.com\/en\/#organization"},"potentialAction":[{"@type":"SearchAction","target":{"@type":"EntryPoint","urlTemplate":"https:\/\/chemsmedstoreonline.com\/en\/?s={search_term_string}"},"query-input":{"@type":"PropertyValueSpecification","valueRequired":true,"valueName":"search_term_string"}}],"inLanguage":"en-US"},{"@type":"Organization","@id":"https:\/\/chemsmedstoreonline.com\/en\/#organization","name":"Chem Med Store Online","url":"https:\/\/chemsmedstoreonline.com\/en\/","logo":{"@type":"ImageObject","inLanguage":"en-US","@id":"https:\/\/chemsmedstoreonline.com\/en\/#\/schema\/logo\/image\/","url":"https:\/\/chemsmedstoreonline.com\/wp-content\/uploads\/2023\/11\/cropped-pharmacy.png","contentUrl":"https:\/\/chemsmedstoreonline.com\/wp-content\/uploads\/2023\/11\/cropped-pharmacy.png","width":512,"height":512,"caption":"Chem Med Store Online"},"image":{"@id":"https:\/\/chemsmedstoreonline.com\/en\/#\/schema\/logo\/image\/"}}]}},"jetpack_sharing_enabled":true,"_links":{"self":[{"href":"https:\/\/chemsmedstoreonline.com\/en\/wp-json\/wp\/v2\/product\/37163","targetHints":{"allow":["GET"]}}],"collection":[{"href":"https:\/\/chemsmedstoreonline.com\/en\/wp-json\/wp\/v2\/product"}],"about":[{"href":"https:\/\/chemsmedstoreonline.com\/en\/wp-json\/wp\/v2\/types\/product"}],"replies":[{"embeddable":true,"href":"https:\/\/chemsmedstoreonline.com\/en\/wp-json\/wp\/v2\/comments?post=37163"}],"wp:featuredmedia":[{"embeddable":true,"href":"https:\/\/chemsmedstoreonline.com\/en\/wp-json\/wp\/v2\/media\/37162"}],"wp:attachment":[{"href":"https:\/\/chemsmedstoreonline.com\/en\/wp-json\/wp\/v2\/media?parent=37163"}],"wp:term":[{"taxonomy":"product_brand","embeddable":true,"href":"https:\/\/chemsmedstoreonline.com\/en\/wp-json\/wp\/v2\/product_brand?post=37163"},{"taxonomy":"product_cat","embeddable":true,"href":"https:\/\/chemsmedstoreonline.com\/en\/wp-json\/wp\/v2\/product_cat?post=37163"},{"taxonomy":"product_tag","embeddable":true,"href":"https:\/\/chemsmedstoreonline.com\/en\/wp-json\/wp\/v2\/product_tag?post=37163"}],"curies":[{"name":"wp","href":"https:\/\/api.w.org\/{rel}","templated":true}]}}