{"id":37165,"date":"2023-11-20T10:08:40","date_gmt":"2023-11-20T10:08:40","guid":{"rendered":"https:\/\/medicalsolutions72.com\/product\/ksalol\/"},"modified":"2025-06-27T01:41:08","modified_gmt":"2025-06-27T01:41:08","slug":"ksalol-1mg","status":"publish","type":"product","link":"https:\/\/chemsmedstoreonline.com\/en\/product\/ksalol-1mg\/","title":{"rendered":"ksalol 1mg"},"content":{"rendered":"<p>Ksalol 1mg inneh\u00e5ller den aktiva ingrediensen Alprazolam. Det \u00e4r ett l\u00e4kemedel i gruppen av anxiolytika som anv\u00e4nds f\u00f6r att behandla \u00e5ngest och andra psykiska st\u00f6rningar. Ksalol 1mg p\u00e5verkar hj\u00e4rnans kemikalier som kan orsaka \u00e5ngest.<\/p>\n<h3>Vilka indikationer anv\u00e4nds Ksalol f\u00f6r?<\/h3>\n<p>Ksalol 1mg anv\u00e4nds fr\u00e4mst f\u00f6r att behandla tv\u00e5 prim\u00e4ra sjukdomar: <a href=\"https:\/\/mind.se\/fakta\/diagnoser\/generaliserad-angest\/\">generaliserad \u00e5ngest och paniksyndrom<\/a>. Generaliserad \u00e5ngest \u00e4r en typ av \u00e5ngest som orsakar l\u00e5ngvarig oro och r\u00e4dsla, medan paniksyndrom \u00e4r en typ av \u00e5ngest som orsakar pl\u00f6tsliga och intensiva panikattacker. Ksalol kan ocks\u00e5 anv\u00e4ndas f\u00f6r andra sjukdomar som en l\u00e4kare har rekommenderat. Dessa inkluderar social fobi eller s\u00f6mnst\u00f6rningar.<\/p>\n<h3>Hur tas Ksalol 1mg?<\/h3>\n<p>N\u00e4r du tar alprazolam ksalol b\u00f6r du f\u00f6lja l\u00e4karens instruktioner. L\u00e4karen kommer att best\u00e4mma den b\u00e4sta dosen och hur ofta den ska tas. Det \u00e4r vanligt att b\u00f6rja med en liten dos och sedan gradvis \u00f6ka dosen. Detta minskar antalet potentiella biverkningar. Ksalol Alprazolam tas vanligtvis n\u00e4r man har \u00e5ngest. Det \u00e4r viktigt att ta medicinen med vatten ist\u00e4llet f\u00f6r att tugga eller krossa den.<\/p>\n<h3>Biverkningar av Ksalol 1mg<\/h3>\n<p>Ksalol galenika kan orsaka biverkningar, som alla l\u00e4kemedel. Biverkningarna som kan uppst\u00e5 inkluderar s\u00f6mnighet, yrsel, f\u00f6rvirring och minnesproblem bland de vanligaste. Huvudv\u00e4rk, illam\u00e5ende, kr\u00e4kningar och f\u00f6rstoppning \u00e4r andra biverkningar som kan uppst\u00e5. Dessa biverkningar \u00e4r vanligtvis lindriga och f\u00f6rsvinner vanligtvis efter en kort tid. Du b\u00f6r kontakta din l\u00e4kare om de inte f\u00f6rsvinner eller blir v\u00e4rre.<\/p>\n<h3>Vad \u00e4r sk\u00e4let till att v\u00e4lja att k\u00f6pa Ksalol 1mg fr\u00e5n v\u00e5rt onlineapotek?<\/h3>\n<p>Att k\u00f6pa Ksalol 1mg fr\u00e5n v\u00e5rt onlineapotek har m\u00e5nga f\u00f6rdelar. Dessa omfattar:<\/p>\n<ul>\n<li>Legitimerad och etablerad leverant\u00f6r: V\u00e5rt onlineapotek har varit i branschen i mer \u00e4n tv\u00e5 decennier och \u00e4r en p\u00e5litlig leverant\u00f6r av l\u00e4kemedel av h\u00f6g kvalitet.<\/li>\n<li>S\u00e4ker och snabb leverans: Vi levererar s\u00e4kert och snabbt till kunder i Sverige, Danmark och Norge.<\/li>\n<li>Pris som \u00e4r konkurrenskraftigt: Vi erbjuder bra priser p\u00e5 <a href=\"https:\/\/www.cannabisdischarge.com\/product\/death-star-gummies-500mg\/\">Ksalol Alprazolam<\/a> och vi ger rabatter p\u00e5 st\u00f6rre best\u00e4llningar.<\/li>\n<li>Diskret paketering: F\u00f6r att skydda din privatliv och integritet packar vi alla v\u00e5ra produkter diskret.<\/li>\n<li>Kundtj\u00e4nst: Fr\u00e5gor eller funderingar om galenika ksalol\u00a0eller andra mediciner kan st\u00e4llas till v\u00e5rt professionella apotekspersonal n\u00e4r som helst.<\/li>\n<\/ul>","protected":false},"excerpt":{"rendered":"<p>V\u00e5rt onlineapotek s\u00e4ljer kvalitetsmediciner till konkurrenskraftiga priser till kunder i Sverige, Danmark och Norge. Kontakta oss om du har n\u00e5gra fr\u00e5gor eller vill veta mer om v\u00e5ra produkter, inklusive Ksalol 1mg.<\/p>","protected":false},"featured_media":37410,"comment_status":"open","ping_status":"closed","template":"","meta":[],"product_brand":[],"product_cat":[216],"product_tag":[],"class_list":{"0":"post-37165","1":"product","2":"type-product","3":"status-publish","4":"has-post-thumbnail","6":"product_cat-angest","7":"description-off","9":"first","10":"instock","11":"sale","12":"shipping-taxable","13":"purchasable","14":"product-type-variable"},"yoast_head":"<!-- This site is optimized with the Yoast SEO Premium plugin v26.2 (Yoast SEO v27.0) - https:\/\/yoast.com\/product\/yoast-seo-premium-wordpress\/ -->\n<title>K\u00f6pa ksalol 1mg utan recept 2024 | Best\u00e4lla medicin p\u00e5 n\u00e4tet<\/title>\n<meta name=\"description\" content=\"K\u00f6pa ksalol 1mg utan recept, f\u00e5 dina mediciner levererade direkt till din d\u00f6rr - enkelt och bekv\u00e4mt. S\u00e4ker, diskret och snabb leverans 2024\" \/>\n<meta name=\"robots\" content=\"index, follow, max-snippet:-1, max-image-preview:large, max-video-preview:-1\" \/>\n<link rel=\"canonical\" href=\"https:\/\/chemsmedstoreonline.com\/en\/product\/ksalol-1mg\/\" \/>\n<meta property=\"og:locale\" content=\"en_US\" \/>\n<meta property=\"og:type\" content=\"article\" \/>\n<meta property=\"og:title\" content=\"ksalol 1mg\" \/>\n<meta property=\"og:description\" content=\"K\u00f6pa ksalol 1mg utan recept, f\u00e5 dina mediciner levererade direkt till din d\u00f6rr - enkelt och bekv\u00e4mt. S\u00e4ker, diskret och snabb leverans 2024\" \/>\n<meta property=\"og:url\" content=\"https:\/\/chemsmedstoreonline.com\/en\/product\/ksalol-1mg\/\" \/>\n<meta property=\"og:site_name\" content=\"Chems Med Store Online\" \/>\n<meta property=\"article:modified_time\" content=\"2025-06-27T01:41:08+00:00\" \/>\n<meta property=\"og:image\" content=\"https:\/\/chemsmedstoreonline.com\/wp-content\/uploads\/2023\/11\/ksalol-2.png\" \/>\n\t<meta property=\"og:image:width\" content=\"600\" \/>\n\t<meta property=\"og:image:height\" content=\"600\" \/>\n\t<meta property=\"og:image:type\" content=\"image\/png\" \/>\n<meta name=\"twitter:card\" content=\"summary_large_image\" \/>\n<meta name=\"twitter:label1\" content=\"Est. reading time\" \/>\n\t<meta name=\"twitter:data1\" content=\"2 minutes\" \/>\n<script type=\"application\/ld+json\" class=\"yoast-schema-graph\">{\"@context\":\"https:\/\/schema.org\",\"@graph\":[{\"@type\":\"WebPage\",\"@id\":\"https:\/\/chemsmedstoreonline.com\/product\/ksalol-1mg\/\",\"url\":\"https:\/\/chemsmedstoreonline.com\/product\/ksalol-1mg\/\",\"name\":\"K\u00f6pa ksalol 1mg utan recept 2024 | Best\u00e4lla medicin p\u00e5 n\u00e4tet\",\"isPartOf\":{\"@id\":\"https:\/\/chemsmedstoreonline.com\/en\/#website\"},\"primaryImageOfPage\":{\"@id\":\"https:\/\/chemsmedstoreonline.com\/product\/ksalol-1mg\/#primaryimage\"},\"image\":{\"@id\":\"https:\/\/chemsmedstoreonline.com\/product\/ksalol-1mg\/#primaryimage\"},\"thumbnailUrl\":\"https:\/\/chemsmedstoreonline.com\/wp-content\/uploads\/2023\/11\/ksalol-2.png\",\"datePublished\":\"2023-11-20T10:08:40+00:00\",\"dateModified\":\"2025-06-27T01:41:08+00:00\",\"description\":\"K\u00f6pa ksalol 1mg utan recept, f\u00e5 dina mediciner levererade direkt till din d\u00f6rr - enkelt och bekv\u00e4mt. S\u00e4ker, diskret och snabb leverans 2024\",\"breadcrumb\":{\"@id\":\"https:\/\/chemsmedstoreonline.com\/product\/ksalol-1mg\/#breadcrumb\"},\"inLanguage\":\"en-US\",\"potentialAction\":[{\"@type\":\"ReadAction\",\"target\":[\"https:\/\/chemsmedstoreonline.com\/product\/ksalol-1mg\/\"]}]},{\"@type\":\"ImageObject\",\"inLanguage\":\"en-US\",\"@id\":\"https:\/\/chemsmedstoreonline.com\/product\/ksalol-1mg\/#primaryimage\",\"url\":\"https:\/\/chemsmedstoreonline.com\/wp-content\/uploads\/2023\/11\/ksalol-2.png\",\"contentUrl\":\"https:\/\/chemsmedstoreonline.com\/wp-content\/uploads\/2023\/11\/ksalol-2.png\",\"width\":600,\"height\":600,\"caption\":\"ksalol 1mg\"},{\"@type\":\"BreadcrumbList\",\"@id\":\"https:\/\/chemsmedstoreonline.com\/product\/ksalol-1mg\/#breadcrumb\",\"itemListElement\":[{\"@type\":\"ListItem\",\"position\":1,\"name\":\"Home\",\"item\":\"https:\/\/chemsmedstoreonline.com\/en\/\"},{\"@type\":\"ListItem\",\"position\":2,\"name\":\"All products\",\"item\":\"https:\/\/chemsmedstoreonline.com\/all-products\/\"},{\"@type\":\"ListItem\",\"position\":3,\"name\":\"ksalol 1mg\"}]},{\"@type\":\"WebSite\",\"@id\":\"https:\/\/chemsmedstoreonline.com\/en\/#website\",\"url\":\"https:\/\/chemsmedstoreonline.com\/en\/\",\"name\":\"Chem Med Store Online\",\"description\":\"\",\"publisher\":{\"@id\":\"https:\/\/chemsmedstoreonline.com\/en\/#organization\"},\"potentialAction\":[{\"@type\":\"SearchAction\",\"target\":{\"@type\":\"EntryPoint\",\"urlTemplate\":\"https:\/\/chemsmedstoreonline.com\/en\/?s={search_term_string}\"},\"query-input\":{\"@type\":\"PropertyValueSpecification\",\"valueRequired\":true,\"valueName\":\"search_term_string\"}}],\"inLanguage\":\"en-US\"},{\"@type\":\"Organization\",\"@id\":\"https:\/\/chemsmedstoreonline.com\/en\/#organization\",\"name\":\"Chem Med Store Online\",\"url\":\"https:\/\/chemsmedstoreonline.com\/en\/\",\"logo\":{\"@type\":\"ImageObject\",\"inLanguage\":\"en-US\",\"@id\":\"https:\/\/chemsmedstoreonline.com\/en\/#\/schema\/logo\/image\/\",\"url\":\"https:\/\/chemsmedstoreonline.com\/wp-content\/uploads\/2023\/11\/cropped-pharmacy.png\",\"contentUrl\":\"https:\/\/chemsmedstoreonline.com\/wp-content\/uploads\/2023\/11\/cropped-pharmacy.png\",\"width\":512,\"height\":512,\"caption\":\"Chem Med Store Online\"},\"image\":{\"@id\":\"https:\/\/chemsmedstoreonline.com\/en\/#\/schema\/logo\/image\/\"}}]}<\/script>\n<!-- \/ Yoast SEO Premium plugin. -->","yoast_head_json":{"title":"K\u00f6pa ksalol 1mg utan recept 2024 | Best\u00e4lla medicin p\u00e5 n\u00e4tet","description":"K\u00f6pa ksalol 1mg utan recept, f\u00e5 dina mediciner levererade direkt till din d\u00f6rr - enkelt och bekv\u00e4mt. S\u00e4ker, diskret och snabb leverans 2024","robots":{"index":"index","follow":"follow","max-snippet":"max-snippet:-1","max-image-preview":"max-image-preview:large","max-video-preview":"max-video-preview:-1"},"canonical":"https:\/\/chemsmedstoreonline.com\/en\/product\/ksalol-1mg\/","og_locale":"en_US","og_type":"article","og_title":"ksalol 1mg","og_description":"K\u00f6pa ksalol 1mg utan recept, f\u00e5 dina mediciner levererade direkt till din d\u00f6rr - enkelt och bekv\u00e4mt. S\u00e4ker, diskret och snabb leverans 2024","og_url":"https:\/\/chemsmedstoreonline.com\/en\/product\/ksalol-1mg\/","og_site_name":"Chems Med Store Online","article_modified_time":"2025-06-27T01:41:08+00:00","og_image":[{"width":600,"height":600,"url":"https:\/\/chemsmedstoreonline.com\/wp-content\/uploads\/2023\/11\/ksalol-2.png","type":"image\/png"}],"twitter_card":"summary_large_image","twitter_misc":{"Est. reading time":"2 minutes"},"schema":{"@context":"https:\/\/schema.org","@graph":[{"@type":"WebPage","@id":"https:\/\/chemsmedstoreonline.com\/product\/ksalol-1mg\/","url":"https:\/\/chemsmedstoreonline.com\/product\/ksalol-1mg\/","name":"K\u00f6pa ksalol 1mg utan recept 2024 | Best\u00e4lla medicin p\u00e5 n\u00e4tet","isPartOf":{"@id":"https:\/\/chemsmedstoreonline.com\/en\/#website"},"primaryImageOfPage":{"@id":"https:\/\/chemsmedstoreonline.com\/product\/ksalol-1mg\/#primaryimage"},"image":{"@id":"https:\/\/chemsmedstoreonline.com\/product\/ksalol-1mg\/#primaryimage"},"thumbnailUrl":"https:\/\/chemsmedstoreonline.com\/wp-content\/uploads\/2023\/11\/ksalol-2.png","datePublished":"2023-11-20T10:08:40+00:00","dateModified":"2025-06-27T01:41:08+00:00","description":"K\u00f6pa ksalol 1mg utan recept, f\u00e5 dina mediciner levererade direkt till din d\u00f6rr - enkelt och bekv\u00e4mt. S\u00e4ker, diskret och snabb leverans 2024","breadcrumb":{"@id":"https:\/\/chemsmedstoreonline.com\/product\/ksalol-1mg\/#breadcrumb"},"inLanguage":"en-US","potentialAction":[{"@type":"ReadAction","target":["https:\/\/chemsmedstoreonline.com\/product\/ksalol-1mg\/"]}]},{"@type":"ImageObject","inLanguage":"en-US","@id":"https:\/\/chemsmedstoreonline.com\/product\/ksalol-1mg\/#primaryimage","url":"https:\/\/chemsmedstoreonline.com\/wp-content\/uploads\/2023\/11\/ksalol-2.png","contentUrl":"https:\/\/chemsmedstoreonline.com\/wp-content\/uploads\/2023\/11\/ksalol-2.png","width":600,"height":600,"caption":"ksalol 1mg"},{"@type":"BreadcrumbList","@id":"https:\/\/chemsmedstoreonline.com\/product\/ksalol-1mg\/#breadcrumb","itemListElement":[{"@type":"ListItem","position":1,"name":"Home","item":"https:\/\/chemsmedstoreonline.com\/en\/"},{"@type":"ListItem","position":2,"name":"All products","item":"https:\/\/chemsmedstoreonline.com\/all-products\/"},{"@type":"ListItem","position":3,"name":"ksalol 1mg"}]},{"@type":"WebSite","@id":"https:\/\/chemsmedstoreonline.com\/en\/#website","url":"https:\/\/chemsmedstoreonline.com\/en\/","name":"Chem Med Store Online","description":"","publisher":{"@id":"https:\/\/chemsmedstoreonline.com\/en\/#organization"},"potentialAction":[{"@type":"SearchAction","target":{"@type":"EntryPoint","urlTemplate":"https:\/\/chemsmedstoreonline.com\/en\/?s={search_term_string}"},"query-input":{"@type":"PropertyValueSpecification","valueRequired":true,"valueName":"search_term_string"}}],"inLanguage":"en-US"},{"@type":"Organization","@id":"https:\/\/chemsmedstoreonline.com\/en\/#organization","name":"Chem Med Store Online","url":"https:\/\/chemsmedstoreonline.com\/en\/","logo":{"@type":"ImageObject","inLanguage":"en-US","@id":"https:\/\/chemsmedstoreonline.com\/en\/#\/schema\/logo\/image\/","url":"https:\/\/chemsmedstoreonline.com\/wp-content\/uploads\/2023\/11\/cropped-pharmacy.png","contentUrl":"https:\/\/chemsmedstoreonline.com\/wp-content\/uploads\/2023\/11\/cropped-pharmacy.png","width":512,"height":512,"caption":"Chem Med Store Online"},"image":{"@id":"https:\/\/chemsmedstoreonline.com\/en\/#\/schema\/logo\/image\/"}}]}},"jetpack_sharing_enabled":true,"_links":{"self":[{"href":"https:\/\/chemsmedstoreonline.com\/en\/wp-json\/wp\/v2\/product\/37165","targetHints":{"allow":["GET"]}}],"collection":[{"href":"https:\/\/chemsmedstoreonline.com\/en\/wp-json\/wp\/v2\/product"}],"about":[{"href":"https:\/\/chemsmedstoreonline.com\/en\/wp-json\/wp\/v2\/types\/product"}],"replies":[{"embeddable":true,"href":"https:\/\/chemsmedstoreonline.com\/en\/wp-json\/wp\/v2\/comments?post=37165"}],"wp:featuredmedia":[{"embeddable":true,"href":"https:\/\/chemsmedstoreonline.com\/en\/wp-json\/wp\/v2\/media\/37410"}],"wp:attachment":[{"href":"https:\/\/chemsmedstoreonline.com\/en\/wp-json\/wp\/v2\/media?parent=37165"}],"wp:term":[{"taxonomy":"product_brand","embeddable":true,"href":"https:\/\/chemsmedstoreonline.com\/en\/wp-json\/wp\/v2\/product_brand?post=37165"},{"taxonomy":"product_cat","embeddable":true,"href":"https:\/\/chemsmedstoreonline.com\/en\/wp-json\/wp\/v2\/product_cat?post=37165"},{"taxonomy":"product_tag","embeddable":true,"href":"https:\/\/chemsmedstoreonline.com\/en\/wp-json\/wp\/v2\/product_tag?post=37165"}],"curies":[{"name":"wp","href":"https:\/\/api.w.org\/{rel}","templated":true}]}}