{"id":37167,"date":"2023-11-20T10:08:41","date_gmt":"2023-11-20T10:08:41","guid":{"rendered":"https:\/\/medicalsolutions72.com\/product\/lyrica-300mg\/"},"modified":"2024-03-09T23:38:52","modified_gmt":"2024-03-09T23:38:52","slug":"kopa-lyrica","status":"publish","type":"product","link":"https:\/\/chemsmedstoreonline.com\/en\/product\/kopa-lyrica\/","title":{"rendered":"Lyrica 300mg"},"content":{"rendered":"<h3>K\u00f6pa lyrica\u00a0utan recept<\/h3>\n<p>Lyrica \u00e4r en medicin som anv\u00e4nds f\u00f6r att behandla olika typer av sm\u00e4rta samt <a href=\"https:\/\/www.tlv.se\/download\/18.467926b615d084471ac33382\/1510316384167\/bes111219-lyrica.pdf\">epileptiska<\/a> anfall. Lyricas verksamma \u00e4mne, pregabalin, verkar genom att f\u00f6r\u00e4ndra hj\u00e4rnsignaler som orsakar kramper och sm\u00e4rta.<\/p>\n<p>Lyrica kan anv\u00e4ndas f\u00f6r att behandla fibromyalgi, diabetes, ryggm\u00e4rgsskador och herpes zoster (b\u00e4ltros). Det kan ocks\u00e5 anv\u00e4ndas som en epilepsibehandling eftersom det minskar antalet anfall.<\/p>\n<p>Det finns flera sk\u00e4l till att k\u00f6pa Lyrica online fr\u00e5n v\u00e5r onlineapotek \u00e4r det b\u00e4sta valet i Sverige, Danmark och Norge. F\u00f6r det f\u00f6rsta tillhandah\u00e5ller vi m\u00f6jligheten att k\u00f6pa l\u00e4kemedel online utan att beh\u00f6va bes\u00f6ka ett fysiskt apotek. Det sparar v\u00e5ra kunder tid och anstr\u00e4ngning.<\/p>\n<h3>Best\u00e4lla medicin p\u00e5 n\u00e4tet<\/h3>\n<p>F\u00f6r det andra erbjuder vi Lyrica till rimliga priser. V\u00e5ra kunder kan spara pengar genom att k\u00f6pa Lyrica fr\u00e5n oss ist\u00e4llet f\u00f6r fr\u00e5n vanliga apotek. F\u00f6r att g\u00f6ra medicinen mer tillg\u00e4nglig f\u00f6r alla, str\u00e4var vi efter att erbjuda de b\u00e4sta priserna.<\/p>\n<p>F\u00f6r det tredje tillhandah\u00e5ller vi p\u00e5litlig, snabb leverans till Sverige, Danmark och Norge. Vi har etablerat samarbeten med p\u00e5litliga leverant\u00f6rer f\u00f6r att v\u00e5rt onlineapotek ska kunna garantera att v\u00e5ra kunder f\u00e5r sina best\u00e4llningar i tid och i gott skick.<\/p>\n<p>Slutligen tillhandah\u00e5ller vi en s\u00e4ker och p\u00e5litlig <a href=\"https:\/\/medicalsolutions72.com\/bestalla-receptbelagd-medicin-pa-natet\/\">shoppingupplevelse<\/a>. Vi garanterar s\u00e4kra och skyddade transaktioner och skyddar v\u00e5ra kunders integritet och s\u00e4kerhet. F\u00f6r att s\u00e4kerst\u00e4lla att v\u00e5ra kunder f\u00e5r h\u00f6gkvalitativa och \u00e4kta mediciner \u00e4r v\u00e5rt onlineapotek licensierat och f\u00f6ljer alla relevanta regler och f\u00f6reskrifter.<\/p>","protected":false},"excerpt":{"rendered":"<p>Om du letar efter ett p\u00e5litligt och bekv\u00e4mt s\u00e4tt att k\u00f6pa Lyrica, \u00e4r v\u00e5rt onlineapotek det b\u00e4sta valet. Vi garanterar en s\u00e4ker shoppingupplevelse, snabb leverans och konkurrenskraftiga priser. Upplev f\u00f6rdelarna med att handla online n\u00e4r du k\u00f6per Lyrica fr\u00e5n oss idag. K\u00f6p Lyrica, k\u00f6p Lyrica online, Lyrica k\u00f6p.<\/p>","protected":false},"featured_media":37650,"comment_status":"open","ping_status":"closed","template":"","meta":[],"product_brand":[],"product_cat":[219],"product_tag":[],"class_list":{"0":"post-37167","1":"product","2":"type-product","3":"status-publish","4":"has-post-thumbnail","6":"product_cat-smartstillande-piller","7":"description-off","9":"first","10":"instock","11":"sale","12":"shipping-taxable","13":"purchasable","14":"product-type-variable"},"yoast_head":"<!-- This site is optimized with the Yoast SEO Premium plugin v26.2 (Yoast SEO v27.0) - https:\/\/yoast.com\/product\/yoast-seo-premium-wordpress\/ -->\n<title>K\u00f6pa lyrica Online 2024| k\u00f6pa l\u00e4kemedel utan recept<\/title>\n<meta name=\"description\" content=\"K\u00f6pa lyrica utan recept, f\u00e5 dina mediciner levererade direkt till din d\u00f6rr - enkelt och bekv\u00e4mt. S\u00e4ker, diskret och snabb leverans 2024\" \/>\n<meta name=\"robots\" content=\"index, follow, max-snippet:-1, max-image-preview:large, max-video-preview:-1\" \/>\n<link rel=\"canonical\" href=\"https:\/\/chemsmedstoreonline.com\/en\/product\/kopa-lyrica\/\" \/>\n<meta property=\"og:locale\" content=\"en_US\" \/>\n<meta property=\"og:type\" content=\"article\" \/>\n<meta property=\"og:title\" content=\"Lyrica 300mg\" \/>\n<meta property=\"og:description\" content=\"K\u00f6pa lyrica utan recept, f\u00e5 dina mediciner levererade direkt till din d\u00f6rr - enkelt och bekv\u00e4mt. S\u00e4ker, diskret och snabb leverans 2024\" \/>\n<meta property=\"og:url\" content=\"https:\/\/chemsmedstoreonline.com\/en\/product\/kopa-lyrica\/\" \/>\n<meta property=\"og:site_name\" content=\"Chems Med Store Online\" \/>\n<meta property=\"article:modified_time\" content=\"2024-03-09T23:38:52+00:00\" \/>\n<meta property=\"og:image\" content=\"https:\/\/chemsmedstoreonline.com\/wp-content\/uploads\/2023\/11\/lyrica-pregabalin-300mg-e1701129281931.jpg\" \/>\n\t<meta property=\"og:image:width\" content=\"685\" \/>\n\t<meta property=\"og:image:height\" content=\"695\" \/>\n\t<meta property=\"og:image:type\" content=\"image\/jpeg\" \/>\n<meta name=\"twitter:card\" content=\"summary_large_image\" \/>\n<meta name=\"twitter:label1\" content=\"Est. reading time\" \/>\n\t<meta name=\"twitter:data1\" content=\"2 minutes\" \/>\n<script type=\"application\/ld+json\" class=\"yoast-schema-graph\">{\"@context\":\"https:\/\/schema.org\",\"@graph\":[{\"@type\":\"WebPage\",\"@id\":\"https:\/\/chemsmedstoreonline.com\/product\/kopa-lyrica\/\",\"url\":\"https:\/\/chemsmedstoreonline.com\/product\/kopa-lyrica\/\",\"name\":\"K\u00f6pa lyrica Online 2024| k\u00f6pa l\u00e4kemedel utan recept\",\"isPartOf\":{\"@id\":\"https:\/\/chemsmedstoreonline.com\/en\/#website\"},\"primaryImageOfPage\":{\"@id\":\"https:\/\/chemsmedstoreonline.com\/product\/kopa-lyrica\/#primaryimage\"},\"image\":{\"@id\":\"https:\/\/chemsmedstoreonline.com\/product\/kopa-lyrica\/#primaryimage\"},\"thumbnailUrl\":\"https:\/\/chemsmedstoreonline.com\/wp-content\/uploads\/2023\/11\/lyrica-pregabalin-300mg-e1701129281931.jpg\",\"datePublished\":\"2023-11-20T10:08:41+00:00\",\"dateModified\":\"2024-03-09T23:38:52+00:00\",\"description\":\"K\u00f6pa lyrica utan recept, f\u00e5 dina mediciner levererade direkt till din d\u00f6rr - enkelt och bekv\u00e4mt. S\u00e4ker, diskret och snabb leverans 2024\",\"breadcrumb\":{\"@id\":\"https:\/\/chemsmedstoreonline.com\/product\/kopa-lyrica\/#breadcrumb\"},\"inLanguage\":\"en-US\",\"potentialAction\":[{\"@type\":\"ReadAction\",\"target\":[\"https:\/\/chemsmedstoreonline.com\/product\/kopa-lyrica\/\"]}]},{\"@type\":\"ImageObject\",\"inLanguage\":\"en-US\",\"@id\":\"https:\/\/chemsmedstoreonline.com\/product\/kopa-lyrica\/#primaryimage\",\"url\":\"https:\/\/chemsmedstoreonline.com\/wp-content\/uploads\/2023\/11\/lyrica-pregabalin-300mg-e1701129281931.jpg\",\"contentUrl\":\"https:\/\/chemsmedstoreonline.com\/wp-content\/uploads\/2023\/11\/lyrica-pregabalin-300mg-e1701129281931.jpg\",\"width\":685,\"height\":695,\"caption\":\"k\u00f6pa lyrica\"},{\"@type\":\"BreadcrumbList\",\"@id\":\"https:\/\/chemsmedstoreonline.com\/product\/kopa-lyrica\/#breadcrumb\",\"itemListElement\":[{\"@type\":\"ListItem\",\"position\":1,\"name\":\"Home\",\"item\":\"https:\/\/chemsmedstoreonline.com\/en\/\"},{\"@type\":\"ListItem\",\"position\":2,\"name\":\"All products\",\"item\":\"https:\/\/chemsmedstoreonline.com\/all-products\/\"},{\"@type\":\"ListItem\",\"position\":3,\"name\":\"Lyrica 300mg\"}]},{\"@type\":\"WebSite\",\"@id\":\"https:\/\/chemsmedstoreonline.com\/en\/#website\",\"url\":\"https:\/\/chemsmedstoreonline.com\/en\/\",\"name\":\"Chem Med Store Online\",\"description\":\"\",\"publisher\":{\"@id\":\"https:\/\/chemsmedstoreonline.com\/en\/#organization\"},\"potentialAction\":[{\"@type\":\"SearchAction\",\"target\":{\"@type\":\"EntryPoint\",\"urlTemplate\":\"https:\/\/chemsmedstoreonline.com\/en\/?s={search_term_string}\"},\"query-input\":{\"@type\":\"PropertyValueSpecification\",\"valueRequired\":true,\"valueName\":\"search_term_string\"}}],\"inLanguage\":\"en-US\"},{\"@type\":\"Organization\",\"@id\":\"https:\/\/chemsmedstoreonline.com\/en\/#organization\",\"name\":\"Chem Med Store Online\",\"url\":\"https:\/\/chemsmedstoreonline.com\/en\/\",\"logo\":{\"@type\":\"ImageObject\",\"inLanguage\":\"en-US\",\"@id\":\"https:\/\/chemsmedstoreonline.com\/en\/#\/schema\/logo\/image\/\",\"url\":\"https:\/\/chemsmedstoreonline.com\/wp-content\/uploads\/2023\/11\/cropped-pharmacy.png\",\"contentUrl\":\"https:\/\/chemsmedstoreonline.com\/wp-content\/uploads\/2023\/11\/cropped-pharmacy.png\",\"width\":512,\"height\":512,\"caption\":\"Chem Med Store Online\"},\"image\":{\"@id\":\"https:\/\/chemsmedstoreonline.com\/en\/#\/schema\/logo\/image\/\"}}]}<\/script>\n<!-- \/ Yoast SEO Premium plugin. -->","yoast_head_json":{"title":"K\u00f6pa lyrica Online 2024| k\u00f6pa l\u00e4kemedel utan recept","description":"K\u00f6pa lyrica utan recept, f\u00e5 dina mediciner levererade direkt till din d\u00f6rr - enkelt och bekv\u00e4mt. S\u00e4ker, diskret och snabb leverans 2024","robots":{"index":"index","follow":"follow","max-snippet":"max-snippet:-1","max-image-preview":"max-image-preview:large","max-video-preview":"max-video-preview:-1"},"canonical":"https:\/\/chemsmedstoreonline.com\/en\/product\/kopa-lyrica\/","og_locale":"en_US","og_type":"article","og_title":"Lyrica 300mg","og_description":"K\u00f6pa lyrica utan recept, f\u00e5 dina mediciner levererade direkt till din d\u00f6rr - enkelt och bekv\u00e4mt. S\u00e4ker, diskret och snabb leverans 2024","og_url":"https:\/\/chemsmedstoreonline.com\/en\/product\/kopa-lyrica\/","og_site_name":"Chems Med Store Online","article_modified_time":"2024-03-09T23:38:52+00:00","og_image":[{"width":685,"height":695,"url":"https:\/\/chemsmedstoreonline.com\/wp-content\/uploads\/2023\/11\/lyrica-pregabalin-300mg-e1701129281931.jpg","type":"image\/jpeg"}],"twitter_card":"summary_large_image","twitter_misc":{"Est. reading time":"2 minutes"},"schema":{"@context":"https:\/\/schema.org","@graph":[{"@type":"WebPage","@id":"https:\/\/chemsmedstoreonline.com\/product\/kopa-lyrica\/","url":"https:\/\/chemsmedstoreonline.com\/product\/kopa-lyrica\/","name":"K\u00f6pa lyrica Online 2024| k\u00f6pa l\u00e4kemedel utan recept","isPartOf":{"@id":"https:\/\/chemsmedstoreonline.com\/en\/#website"},"primaryImageOfPage":{"@id":"https:\/\/chemsmedstoreonline.com\/product\/kopa-lyrica\/#primaryimage"},"image":{"@id":"https:\/\/chemsmedstoreonline.com\/product\/kopa-lyrica\/#primaryimage"},"thumbnailUrl":"https:\/\/chemsmedstoreonline.com\/wp-content\/uploads\/2023\/11\/lyrica-pregabalin-300mg-e1701129281931.jpg","datePublished":"2023-11-20T10:08:41+00:00","dateModified":"2024-03-09T23:38:52+00:00","description":"K\u00f6pa lyrica utan recept, f\u00e5 dina mediciner levererade direkt till din d\u00f6rr - enkelt och bekv\u00e4mt. S\u00e4ker, diskret och snabb leverans 2024","breadcrumb":{"@id":"https:\/\/chemsmedstoreonline.com\/product\/kopa-lyrica\/#breadcrumb"},"inLanguage":"en-US","potentialAction":[{"@type":"ReadAction","target":["https:\/\/chemsmedstoreonline.com\/product\/kopa-lyrica\/"]}]},{"@type":"ImageObject","inLanguage":"en-US","@id":"https:\/\/chemsmedstoreonline.com\/product\/kopa-lyrica\/#primaryimage","url":"https:\/\/chemsmedstoreonline.com\/wp-content\/uploads\/2023\/11\/lyrica-pregabalin-300mg-e1701129281931.jpg","contentUrl":"https:\/\/chemsmedstoreonline.com\/wp-content\/uploads\/2023\/11\/lyrica-pregabalin-300mg-e1701129281931.jpg","width":685,"height":695,"caption":"k\u00f6pa lyrica"},{"@type":"BreadcrumbList","@id":"https:\/\/chemsmedstoreonline.com\/product\/kopa-lyrica\/#breadcrumb","itemListElement":[{"@type":"ListItem","position":1,"name":"Home","item":"https:\/\/chemsmedstoreonline.com\/en\/"},{"@type":"ListItem","position":2,"name":"All products","item":"https:\/\/chemsmedstoreonline.com\/all-products\/"},{"@type":"ListItem","position":3,"name":"Lyrica 300mg"}]},{"@type":"WebSite","@id":"https:\/\/chemsmedstoreonline.com\/en\/#website","url":"https:\/\/chemsmedstoreonline.com\/en\/","name":"Chem Med Store Online","description":"","publisher":{"@id":"https:\/\/chemsmedstoreonline.com\/en\/#organization"},"potentialAction":[{"@type":"SearchAction","target":{"@type":"EntryPoint","urlTemplate":"https:\/\/chemsmedstoreonline.com\/en\/?s={search_term_string}"},"query-input":{"@type":"PropertyValueSpecification","valueRequired":true,"valueName":"search_term_string"}}],"inLanguage":"en-US"},{"@type":"Organization","@id":"https:\/\/chemsmedstoreonline.com\/en\/#organization","name":"Chem Med Store Online","url":"https:\/\/chemsmedstoreonline.com\/en\/","logo":{"@type":"ImageObject","inLanguage":"en-US","@id":"https:\/\/chemsmedstoreonline.com\/en\/#\/schema\/logo\/image\/","url":"https:\/\/chemsmedstoreonline.com\/wp-content\/uploads\/2023\/11\/cropped-pharmacy.png","contentUrl":"https:\/\/chemsmedstoreonline.com\/wp-content\/uploads\/2023\/11\/cropped-pharmacy.png","width":512,"height":512,"caption":"Chem Med Store Online"},"image":{"@id":"https:\/\/chemsmedstoreonline.com\/en\/#\/schema\/logo\/image\/"}}]}},"jetpack_sharing_enabled":true,"_links":{"self":[{"href":"https:\/\/chemsmedstoreonline.com\/en\/wp-json\/wp\/v2\/product\/37167","targetHints":{"allow":["GET"]}}],"collection":[{"href":"https:\/\/chemsmedstoreonline.com\/en\/wp-json\/wp\/v2\/product"}],"about":[{"href":"https:\/\/chemsmedstoreonline.com\/en\/wp-json\/wp\/v2\/types\/product"}],"replies":[{"embeddable":true,"href":"https:\/\/chemsmedstoreonline.com\/en\/wp-json\/wp\/v2\/comments?post=37167"}],"wp:featuredmedia":[{"embeddable":true,"href":"https:\/\/chemsmedstoreonline.com\/en\/wp-json\/wp\/v2\/media\/37650"}],"wp:attachment":[{"href":"https:\/\/chemsmedstoreonline.com\/en\/wp-json\/wp\/v2\/media?parent=37167"}],"wp:term":[{"taxonomy":"product_brand","embeddable":true,"href":"https:\/\/chemsmedstoreonline.com\/en\/wp-json\/wp\/v2\/product_brand?post=37167"},{"taxonomy":"product_cat","embeddable":true,"href":"https:\/\/chemsmedstoreonline.com\/en\/wp-json\/wp\/v2\/product_cat?post=37167"},{"taxonomy":"product_tag","embeddable":true,"href":"https:\/\/chemsmedstoreonline.com\/en\/wp-json\/wp\/v2\/product_tag?post=37167"}],"curies":[{"name":"wp","href":"https:\/\/api.w.org\/{rel}","templated":true}]}}