{"id":37175,"date":"2023-11-20T10:08:44","date_gmt":"2023-11-20T10:08:44","guid":{"rendered":"https:\/\/medicalsolutions72.com\/product\/stilnoct-zolpidem\/"},"modified":"2025-11-01T02:38:50","modified_gmt":"2025-11-01T02:38:50","slug":"kopa-stilnoct-utan-recept","status":"publish","type":"product","link":"https:\/\/chemsmedstoreonline.com\/en\/product\/kopa-stilnoct-utan-recept\/","title":{"rendered":"Stilnoct (Zolpidem) 10mg"},"content":{"rendered":"<h2>k\u00f6pa stilnoct utan recept<\/h2>\n<p>Stilnoct \u00e4r ett l\u00e4kemedel som anv\u00e4nds f\u00f6r att behandla s\u00f6mnl\u00f6shet och andra s\u00f6mnst\u00f6rningar. K\u00f6pa Zolpidem, det aktiva \u00e4mnet i Stilnoct, en medlem av en grupp l\u00e4kemedel som kallas hypnotika eller s\u00f6mnmedel.<\/p>\n<p>Stilnoct verkar genom att p\u00e5verka hj\u00e4rnans kemikalier som kan vara obalanserade hos personer som har problem med att sova. K\u00f6pa stilnoct utan recept , det g\u00f6r det l\u00e4ttare att sova och f\u00f6rb\u00e4ttrar s\u00f6mnkvaliteten. Stilnoct k\u00f6pa hj\u00e4lper dig att somna snabbt och sova hela natten utan att vakna.<\/p>\n<p>Att k\u00f6pa Stilnoct inrikes fr\u00e5n v\u00e5r <a href=\"https:\/\/medicalsolutions72.com\">onlineapotek i Sverige<\/a>, Danmark och Norge har m\u00e5nga f\u00f6rdelar. H\u00e4r \u00e4r n\u00e5gra sk\u00e4l till varf\u00f6r vi anser att detta \u00e4r det mest l\u00e4mpliga valet:<\/p>\n<p>1. \u00d6vergripande tillg\u00e4nglighet: Att k\u00f6pa Stilnoct utomlands g\u00f6r det enkelt och bekv\u00e4mt f\u00f6r dig att f\u00e5 medicinen n\u00e4r du beh\u00f6ver den. Du beh\u00f6ver inte l\u00e4ngre v\u00e4nta i k\u00f6 eller bes\u00f6ka ett fysiskt apotek.<\/p>\n<p>2. Privat leverans: Vi f\u00f6rst\u00e5r att s\u00f6mnproblem kan vara delikata fr\u00e5gor och att du kanske inte vill dela dina h\u00e4lsoproblem med andra m\u00e4nniskor. D\u00e4rf\u00f6r levererar vi Stilnoct diskret till din d\u00f6rr. K\u00f6pa stilnoct utan recept, v\u00e5r prioritet \u00e4r din integritet.<\/p>\n<p>3. Varor av h\u00f6g kvalitet: Vi lovar att alla v\u00e5ra mediciner, inklusive Stilnoct 10mg, \u00e4r av h\u00f6gsta kvalitet och uppfyller alla s\u00e4kerhetsstandarder. F\u00f6r att s\u00e4kerst\u00e4lla att du f\u00e5r en effektiv och s\u00e4ker produkt samarbetar vi endast med p\u00e5litliga tillverkare till k\u00f6pa zolpidem online.<\/p>\n<p>4. Kundservice: V\u00e5rt onlineapoteks professionella och v\u00e4nliga kundsupport svarar p\u00e5 alla dina fr\u00e5gor och ger dig den hj\u00e4lp du beh\u00f6ver till k\u00f6pa zolpidem. Vi str\u00e4var efter att ge alla v\u00e5ra kunder positiva och tillfredsst\u00e4llande k\u00f6pupplevelser f\u00f6r zolpidem k\u00f6pa.<\/p>\n<p>5. Billighet: Vi tillhandah\u00e5ller konkurrenskraftiga priser p\u00e5 zolpidem stilnoct och andra l\u00e4kemedel. Du kan beh\u00e5lla produktens kvalitet utan att spara pengar genom att k\u00f6pa stilnoct p\u00e5 n\u00e4tet fr\u00e5n oss.<\/p>\n<h2>Hur man tar zolpidem stilnoct 10 mg<\/h2>\n<p>F\u00f6r att s\u00e4kerst\u00e4lla att l\u00e4kemedlet tas p\u00e5 r\u00e4tt s\u00e4tt \u00e4r det viktigt att f\u00f6lja r\u00e4tt<a href=\"https:\/\/www.fass.se\/LIF\/product?userType=0&amp;nplId=19940128000064\"> dosering och anv\u00e4ndningsanvisningar<\/a>. F\u00f6r att ta Stilnoct p\u00e5 r\u00e4tt s\u00e4tt m\u00e5ste du f\u00f6lja dessa steg:<\/p>\n<ul>\n<li>Ta Stilnoct 10mg innan du g\u00e5r och l\u00e4gger dig: Stilnoct b\u00f6r tas kort f\u00f6re s\u00e4ngg\u00e5endet eftersom det kommer att hj\u00e4lpa dig att somna snabbare. F\u00f6r att underl\u00e4tta sv\u00e4ljningen, ta tabletten med ett glas vatten.<\/li>\n<li>Anv\u00e4nd inte alkohol: N\u00e4r du tar zolpidem k\u00f6pa b\u00f6r du undvika att konsumera alkohol. Alkohol kan st\u00e4rka l\u00e4kemedlets effekter och \u00f6ka sannolikheten f\u00f6r biverkningar.<\/li>\n<li>Undvik att anv\u00e4nda eller k\u00f6ra maskiner: Stilnoct kan orsaka s\u00f6mn och minska reaktionsf\u00f6rm\u00e5gan. Efter att du k\u00f6pa zolpidem i sverige, var f\u00f6rsiktig med att k\u00f6ra eller anv\u00e4nda maskiner som kr\u00e4ver full uppm\u00e4rksamhet.<\/li>\n<li>Avst\u00e5 fr\u00e5n att konsumera Stilnoct under en l\u00e4ngre period: Stilnoct b\u00f6r inte anv\u00e4ndas under en l\u00e4ngre tid. F\u00f6r att undvika beroende och toleransutveckling rekommenderas det att anv\u00e4nda det bara under en kort period. Du m\u00e5ste prata med din l\u00e4kare om du beh\u00f6ver forts\u00e4tta anv\u00e4nda Stilnoct under en l\u00e4ngre tid.<\/li>\n<li>Var medveten om potentiella biverkningar: Stilnoct kan ha biverkningar, som alla l\u00e4kemedel. Huvudv\u00e4rk, yrsel, tr\u00f6tthet och f\u00f6r\u00e4ndringar i smaksinnet \u00e4r vanliga biverkningar. Kontakta omedelbart din l\u00e4kare om du upplever n\u00e5gra allvarliga biverkningar.<\/li>\n<\/ul>\n<p>F\u00f6r att anv\u00e4nda Stilnoct p\u00e5 ett s\u00e4kert och effektivt s\u00e4tt \u00e4r det viktigt att f\u00f6lja dessa riktlinjer. Husk att prata med din l\u00e4kare om du har n\u00e5gra fr\u00e5gor eller oro n\u00e4r du anv\u00e4nder Stilnoct.<\/p>","protected":false},"excerpt":{"rendered":"<p>Stilnoct fungerar bra f\u00f6r att behandla s\u00f6mnl\u00f6shet och s\u00f6mnst\u00f6rningar. Du f\u00e5r tillg\u00e5ng till en bekv\u00e4m, p\u00e5litlig och billig l\u00f6sning f\u00f6r dina s\u00f6mnbehov genom att k\u00f6pa stilnoct utan recept fr\u00e5n v\u00e5rt onlineapotek i Sverige, Danmark och Norge. Vi str\u00e4var efter att ge alla v\u00e5ra kunder positiva och tillfredsst\u00e4llande k\u00f6pupplevelser.<\/p>","protected":false},"featured_media":37552,"comment_status":"open","ping_status":"closed","template":"","meta":[],"product_brand":[],"product_cat":[216],"product_tag":[584,577,585,578,586,572,587,573,570,579,580,571,581,582,517,574,575,588,583,569,576],"class_list":{"0":"post-37175","1":"product","2":"type-product","3":"status-publish","4":"has-post-thumbnail","6":"product_cat-angest","7":"product_tag-bestalla-stilnoct","8":"product_tag-bestalla-stilnoct-pa-natet","9":"product_tag-kopa-stilnoct","10":"product_tag-kopa-stilnoct-inrikes","11":"product_tag-kopa-stilnoct-pa-natet","12":"product_tag-kopa-stilnoct-utan-recept","13":"product_tag-kopa-stilnoct-utomlands","14":"product_tag-somntabletter-stilnoct","15":"product_tag-stilnoct-10-mg","16":"product_tag-stilnoct-10mg","17":"product_tag-stilnoct-15-mg","18":"product_tag-stilnoct-5-mg","19":"product_tag-stilnoct-benzo","20":"product_tag-stilnoct-graviditet","21":"product_tag-stilnoct-imovane","22":"product_tag-stilnoct-mot-angest","23":"product_tag-stilnoct-pa-natet","24":"product_tag-stilnoct-receptfritt","25":"product_tag-stilnoct-utan-recept","26":"product_tag-zolpidem-stilnoct","27":"product_tag-zopiklon-stilnoct","28":"description-off","30":"first","31":"instock","32":"sale","33":"shipping-taxable","34":"purchasable","35":"product-type-variable"},"yoast_head":"<!-- This site is optimized with the Yoast SEO Premium plugin v26.2 (Yoast SEO v27.0) - https:\/\/yoast.com\/product\/yoast-seo-premium-wordpress\/ -->\n<title>K\u00f6pa stilnoct utan recept 2025 | Zolpidem stilnoct 10 mg<\/title>\n<meta name=\"description\" content=\"K\u00f6pa stilnoct utan recept, f\u00e5 dina mediciner levererade direkt till din d\u00f6rr - enkelt och bekv\u00e4mt. S\u00e4ker, diskret och snabb leverans 2025\" \/>\n<meta name=\"robots\" content=\"index, follow, max-snippet:-1, max-image-preview:large, max-video-preview:-1\" \/>\n<link rel=\"canonical\" href=\"https:\/\/chemsmedstoreonline.com\/en\/product\/kopa-stilnoct-utan-recept\/\" \/>\n<meta property=\"og:locale\" content=\"en_US\" \/>\n<meta property=\"og:type\" content=\"article\" \/>\n<meta property=\"og:title\" content=\"Stilnoct (Zolpidem) 10mg\" \/>\n<meta property=\"og:description\" content=\"K\u00f6pa stilnoct utan recept, f\u00e5 dina mediciner levererade direkt till din d\u00f6rr - enkelt och bekv\u00e4mt. S\u00e4ker, diskret och snabb leverans 2025\" \/>\n<meta property=\"og:url\" content=\"https:\/\/chemsmedstoreonline.com\/en\/product\/kopa-stilnoct-utan-recept\/\" \/>\n<meta property=\"og:site_name\" content=\"Chems Med Store Online\" \/>\n<meta property=\"article:modified_time\" content=\"2025-11-01T02:38:50+00:00\" \/>\n<meta property=\"og:image\" content=\"https:\/\/chemsmedstoreonline.com\/wp-content\/uploads\/2023\/11\/artworks-000540878409-rutufe-t500x500.jpg\" \/>\n\t<meta property=\"og:image:width\" content=\"500\" \/>\n\t<meta property=\"og:image:height\" content=\"500\" \/>\n\t<meta property=\"og:image:type\" content=\"image\/jpeg\" \/>\n<meta name=\"twitter:card\" content=\"summary_large_image\" \/>\n<meta name=\"twitter:label1\" content=\"Est. reading time\" \/>\n\t<meta name=\"twitter:data1\" content=\"3 minutes\" \/>\n<script type=\"application\/ld+json\" class=\"yoast-schema-graph\">{\"@context\":\"https:\/\/schema.org\",\"@graph\":[{\"@type\":\"WebPage\",\"@id\":\"https:\/\/chemsmedstoreonline.com\/product\/kopa-stilnoct-utan-recept\/\",\"url\":\"https:\/\/chemsmedstoreonline.com\/product\/kopa-stilnoct-utan-recept\/\",\"name\":\"K\u00f6pa stilnoct utan recept 2025 | Zolpidem stilnoct 10 mg\",\"isPartOf\":{\"@id\":\"https:\/\/chemsmedstoreonline.com\/en\/#website\"},\"primaryImageOfPage\":{\"@id\":\"https:\/\/chemsmedstoreonline.com\/product\/kopa-stilnoct-utan-recept\/#primaryimage\"},\"image\":{\"@id\":\"https:\/\/chemsmedstoreonline.com\/product\/kopa-stilnoct-utan-recept\/#primaryimage\"},\"thumbnailUrl\":\"https:\/\/chemsmedstoreonline.com\/wp-content\/uploads\/2023\/11\/artworks-000540878409-rutufe-t500x500.jpg\",\"datePublished\":\"2023-11-20T10:08:44+00:00\",\"dateModified\":\"2025-11-01T02:38:50+00:00\",\"description\":\"K\u00f6pa stilnoct utan recept, f\u00e5 dina mediciner levererade direkt till din d\u00f6rr - enkelt och bekv\u00e4mt. S\u00e4ker, diskret och snabb leverans 2025\",\"breadcrumb\":{\"@id\":\"https:\/\/chemsmedstoreonline.com\/product\/kopa-stilnoct-utan-recept\/#breadcrumb\"},\"inLanguage\":\"en-US\",\"potentialAction\":[{\"@type\":\"ReadAction\",\"target\":[\"https:\/\/chemsmedstoreonline.com\/product\/kopa-stilnoct-utan-recept\/\"]}]},{\"@type\":\"ImageObject\",\"inLanguage\":\"en-US\",\"@id\":\"https:\/\/chemsmedstoreonline.com\/product\/kopa-stilnoct-utan-recept\/#primaryimage\",\"url\":\"https:\/\/chemsmedstoreonline.com\/wp-content\/uploads\/2023\/11\/artworks-000540878409-rutufe-t500x500.jpg\",\"contentUrl\":\"https:\/\/chemsmedstoreonline.com\/wp-content\/uploads\/2023\/11\/artworks-000540878409-rutufe-t500x500.jpg\",\"width\":500,\"height\":500,\"caption\":\"k\u00f6pa stilnoct utan recept\"},{\"@type\":\"BreadcrumbList\",\"@id\":\"https:\/\/chemsmedstoreonline.com\/product\/kopa-stilnoct-utan-recept\/#breadcrumb\",\"itemListElement\":[{\"@type\":\"ListItem\",\"position\":1,\"name\":\"Home\",\"item\":\"https:\/\/chemsmedstoreonline.com\/en\/\"},{\"@type\":\"ListItem\",\"position\":2,\"name\":\"All products\",\"item\":\"https:\/\/chemsmedstoreonline.com\/all-products\/\"},{\"@type\":\"ListItem\",\"position\":3,\"name\":\"Stilnoct (Zolpidem) 10mg\"}]},{\"@type\":\"WebSite\",\"@id\":\"https:\/\/chemsmedstoreonline.com\/en\/#website\",\"url\":\"https:\/\/chemsmedstoreonline.com\/en\/\",\"name\":\"Chem Med Store Online\",\"description\":\"\",\"publisher\":{\"@id\":\"https:\/\/chemsmedstoreonline.com\/en\/#organization\"},\"potentialAction\":[{\"@type\":\"SearchAction\",\"target\":{\"@type\":\"EntryPoint\",\"urlTemplate\":\"https:\/\/chemsmedstoreonline.com\/en\/?s={search_term_string}\"},\"query-input\":{\"@type\":\"PropertyValueSpecification\",\"valueRequired\":true,\"valueName\":\"search_term_string\"}}],\"inLanguage\":\"en-US\"},{\"@type\":\"Organization\",\"@id\":\"https:\/\/chemsmedstoreonline.com\/en\/#organization\",\"name\":\"Chem Med Store Online\",\"url\":\"https:\/\/chemsmedstoreonline.com\/en\/\",\"logo\":{\"@type\":\"ImageObject\",\"inLanguage\":\"en-US\",\"@id\":\"https:\/\/chemsmedstoreonline.com\/en\/#\/schema\/logo\/image\/\",\"url\":\"https:\/\/chemsmedstoreonline.com\/wp-content\/uploads\/2023\/11\/cropped-pharmacy.png\",\"contentUrl\":\"https:\/\/chemsmedstoreonline.com\/wp-content\/uploads\/2023\/11\/cropped-pharmacy.png\",\"width\":512,\"height\":512,\"caption\":\"Chem Med Store Online\"},\"image\":{\"@id\":\"https:\/\/chemsmedstoreonline.com\/en\/#\/schema\/logo\/image\/\"}}]}<\/script>\n<!-- \/ Yoast SEO Premium plugin. -->","yoast_head_json":{"title":"K\u00f6pa stilnoct utan recept 2025 | Zolpidem stilnoct 10 mg","description":"K\u00f6pa stilnoct utan recept, f\u00e5 dina mediciner levererade direkt till din d\u00f6rr - enkelt och bekv\u00e4mt. S\u00e4ker, diskret och snabb leverans 2025","robots":{"index":"index","follow":"follow","max-snippet":"max-snippet:-1","max-image-preview":"max-image-preview:large","max-video-preview":"max-video-preview:-1"},"canonical":"https:\/\/chemsmedstoreonline.com\/en\/product\/kopa-stilnoct-utan-recept\/","og_locale":"en_US","og_type":"article","og_title":"Stilnoct (Zolpidem) 10mg","og_description":"K\u00f6pa stilnoct utan recept, f\u00e5 dina mediciner levererade direkt till din d\u00f6rr - enkelt och bekv\u00e4mt. S\u00e4ker, diskret och snabb leverans 2025","og_url":"https:\/\/chemsmedstoreonline.com\/en\/product\/kopa-stilnoct-utan-recept\/","og_site_name":"Chems Med Store Online","article_modified_time":"2025-11-01T02:38:50+00:00","og_image":[{"width":500,"height":500,"url":"https:\/\/chemsmedstoreonline.com\/wp-content\/uploads\/2023\/11\/artworks-000540878409-rutufe-t500x500.jpg","type":"image\/jpeg"}],"twitter_card":"summary_large_image","twitter_misc":{"Est. reading time":"3 minutes"},"schema":{"@context":"https:\/\/schema.org","@graph":[{"@type":"WebPage","@id":"https:\/\/chemsmedstoreonline.com\/product\/kopa-stilnoct-utan-recept\/","url":"https:\/\/chemsmedstoreonline.com\/product\/kopa-stilnoct-utan-recept\/","name":"K\u00f6pa stilnoct utan recept 2025 | Zolpidem stilnoct 10 mg","isPartOf":{"@id":"https:\/\/chemsmedstoreonline.com\/en\/#website"},"primaryImageOfPage":{"@id":"https:\/\/chemsmedstoreonline.com\/product\/kopa-stilnoct-utan-recept\/#primaryimage"},"image":{"@id":"https:\/\/chemsmedstoreonline.com\/product\/kopa-stilnoct-utan-recept\/#primaryimage"},"thumbnailUrl":"https:\/\/chemsmedstoreonline.com\/wp-content\/uploads\/2023\/11\/artworks-000540878409-rutufe-t500x500.jpg","datePublished":"2023-11-20T10:08:44+00:00","dateModified":"2025-11-01T02:38:50+00:00","description":"K\u00f6pa stilnoct utan recept, f\u00e5 dina mediciner levererade direkt till din d\u00f6rr - enkelt och bekv\u00e4mt. S\u00e4ker, diskret och snabb leverans 2025","breadcrumb":{"@id":"https:\/\/chemsmedstoreonline.com\/product\/kopa-stilnoct-utan-recept\/#breadcrumb"},"inLanguage":"en-US","potentialAction":[{"@type":"ReadAction","target":["https:\/\/chemsmedstoreonline.com\/product\/kopa-stilnoct-utan-recept\/"]}]},{"@type":"ImageObject","inLanguage":"en-US","@id":"https:\/\/chemsmedstoreonline.com\/product\/kopa-stilnoct-utan-recept\/#primaryimage","url":"https:\/\/chemsmedstoreonline.com\/wp-content\/uploads\/2023\/11\/artworks-000540878409-rutufe-t500x500.jpg","contentUrl":"https:\/\/chemsmedstoreonline.com\/wp-content\/uploads\/2023\/11\/artworks-000540878409-rutufe-t500x500.jpg","width":500,"height":500,"caption":"k\u00f6pa stilnoct utan recept"},{"@type":"BreadcrumbList","@id":"https:\/\/chemsmedstoreonline.com\/product\/kopa-stilnoct-utan-recept\/#breadcrumb","itemListElement":[{"@type":"ListItem","position":1,"name":"Home","item":"https:\/\/chemsmedstoreonline.com\/en\/"},{"@type":"ListItem","position":2,"name":"All products","item":"https:\/\/chemsmedstoreonline.com\/all-products\/"},{"@type":"ListItem","position":3,"name":"Stilnoct (Zolpidem) 10mg"}]},{"@type":"WebSite","@id":"https:\/\/chemsmedstoreonline.com\/en\/#website","url":"https:\/\/chemsmedstoreonline.com\/en\/","name":"Chem Med Store Online","description":"","publisher":{"@id":"https:\/\/chemsmedstoreonline.com\/en\/#organization"},"potentialAction":[{"@type":"SearchAction","target":{"@type":"EntryPoint","urlTemplate":"https:\/\/chemsmedstoreonline.com\/en\/?s={search_term_string}"},"query-input":{"@type":"PropertyValueSpecification","valueRequired":true,"valueName":"search_term_string"}}],"inLanguage":"en-US"},{"@type":"Organization","@id":"https:\/\/chemsmedstoreonline.com\/en\/#organization","name":"Chem Med Store Online","url":"https:\/\/chemsmedstoreonline.com\/en\/","logo":{"@type":"ImageObject","inLanguage":"en-US","@id":"https:\/\/chemsmedstoreonline.com\/en\/#\/schema\/logo\/image\/","url":"https:\/\/chemsmedstoreonline.com\/wp-content\/uploads\/2023\/11\/cropped-pharmacy.png","contentUrl":"https:\/\/chemsmedstoreonline.com\/wp-content\/uploads\/2023\/11\/cropped-pharmacy.png","width":512,"height":512,"caption":"Chem Med Store Online"},"image":{"@id":"https:\/\/chemsmedstoreonline.com\/en\/#\/schema\/logo\/image\/"}}]}},"jetpack_sharing_enabled":true,"_links":{"self":[{"href":"https:\/\/chemsmedstoreonline.com\/en\/wp-json\/wp\/v2\/product\/37175","targetHints":{"allow":["GET"]}}],"collection":[{"href":"https:\/\/chemsmedstoreonline.com\/en\/wp-json\/wp\/v2\/product"}],"about":[{"href":"https:\/\/chemsmedstoreonline.com\/en\/wp-json\/wp\/v2\/types\/product"}],"replies":[{"embeddable":true,"href":"https:\/\/chemsmedstoreonline.com\/en\/wp-json\/wp\/v2\/comments?post=37175"}],"wp:featuredmedia":[{"embeddable":true,"href":"https:\/\/chemsmedstoreonline.com\/en\/wp-json\/wp\/v2\/media\/37552"}],"wp:attachment":[{"href":"https:\/\/chemsmedstoreonline.com\/en\/wp-json\/wp\/v2\/media?parent=37175"}],"wp:term":[{"taxonomy":"product_brand","embeddable":true,"href":"https:\/\/chemsmedstoreonline.com\/en\/wp-json\/wp\/v2\/product_brand?post=37175"},{"taxonomy":"product_cat","embeddable":true,"href":"https:\/\/chemsmedstoreonline.com\/en\/wp-json\/wp\/v2\/product_cat?post=37175"},{"taxonomy":"product_tag","embeddable":true,"href":"https:\/\/chemsmedstoreonline.com\/en\/wp-json\/wp\/v2\/product_tag?post=37175"}],"curies":[{"name":"wp","href":"https:\/\/api.w.org\/{rel}","templated":true}]}}