{"id":37231,"date":"2023-11-20T10:24:46","date_gmt":"2023-11-20T10:24:46","guid":{"rendered":"https:\/\/medicalsolutions72.com\/product\/kamagra-jelly-2\/"},"modified":"2025-11-01T01:57:54","modified_gmt":"2025-11-01T01:57:54","slug":"bestalla-kamagra","status":"publish","type":"product","link":"https:\/\/chemsmedstoreonline.com\/en\/product\/bestalla-kamagra\/","title":{"rendered":"k\u00f6pa kamagra"},"content":{"rendered":"<h2>K\u00f6p kamagra i sverige<\/h2>\n<p>Kamagra \u00e4r en medicin som anv\u00e4nds f\u00f6r att behandla <a href=\"https:\/\/viss.nu\/kunskapsstod\/vardprogram\/erektil-dysfunktion#:~:text=F\u00f6rekomst%20av%20m\u00e5ttlig%20grad%20till,20%20procent%20av%20alla%20m\u00e4n.&amp;text=Man%20ber\u00e4knar%20att%20cirka%20500.000,form%20av%20behandling%20f\u00f6r%20detta.\">erektil dysfunktion hos m\u00e4n<\/a>. Det aktiva \u00e4mnet i kamagra k\u00f6pa kallas sildenafilcitrat och det fungerar genom att \u00f6ka blodfl\u00f6det till penisen, vilket hj\u00e4lper till att uppn\u00e5 och beh\u00e5lla en erektion under sexuell stimulering.<\/p>\n<p>Kamagra jelly k\u00f6pa \u00e4r en popul\u00e4r form av Kamagra som kommer i gel\u00e9form ist\u00e4llet f\u00f6r tabletter. Detta g\u00f6r det enklare att ta och snabbare att absorbera i kroppen. Kamagra jelly \u00e4r ocks\u00e5 tillg\u00e4ngligt i olika smaker, vilket g\u00f6r det mer tilltalande f\u00f6r vissa anv\u00e4ndare.<\/p>\n<p>Att best\u00e4ll kamagra jelly fr\u00e5n <a href=\"https:\/\/medicalsolutions72.com\/bestalla-receptbelagd-medicin-pa-natet\/\">v\u00e5rt onlineapotek<\/a> \u00e4r det b\u00e4sta alternativet i Sverige, Danmark och Norge av flera sk\u00e4l. F\u00f6r det f\u00f6rsta erbjuder vi h\u00f6gkvalitativa och \u00e4kta kamagra k\u00f6p -produkter. Vi samarbetar endast med p\u00e5litliga tillverkare och leverant\u00f6rer f\u00f6r att s\u00e4kerst\u00e4lla att v\u00e5ra kunder f\u00e5r mediciner av h\u00f6gsta kvalitet.<\/p>\n<h2>Best\u00e4lla kamagra online 2024<\/h2>\n<p>Vi erbjuder en bekv\u00e4m och diskret k\u00f6pupplevelse f\u00f6r kamagra best\u00e4lla. Genom att best\u00e4lla Kamagra jelly fr\u00e5n oss kan v\u00e5ra kunder undvika besv\u00e4ret med att bes\u00f6ka fysiska apotek och ist\u00e4llet f\u00e5 medicinen levererad direkt till sin d\u00f6rr. Vi v\u00e4rnar om v\u00e5ra kunders integritet och ser till att alla best\u00e4llningar hanteras p\u00e5 ett s\u00e4kert och konfidentiellt s\u00e4tt.<\/p>\n<p>V\u00e5r konkurrenskraftiga priser p\u00e5 kamagra jelly k\u00f6pa eller k\u00f6pa kamagra s\u00e4kert p\u00e5 n\u00e4tet. Vi f\u00f6rst\u00e5r vikten av att g\u00f6ra medicinen tillg\u00e4nglig f\u00f6r alla som beh\u00f6ver den, och d\u00e4rf\u00f6r str\u00e4var vi efter att erbjuda de b\u00e4sta priserna p\u00e5 marknaden. Genom att best\u00e4ll kamagra online fr\u00e5n oss kan v\u00e5ra kunder spara pengar samtidigt som de f\u00e5r tillg\u00e5ng till en effektiv behandling f\u00f6r erektil dysfunktion.<\/p>\n<h2>K\u00f6pa kamagra s\u00e4kert p\u00e5 n\u00e4tet<\/h2>\n<p>V\u00e5rt onlineapotek har etablerade samarbeten med p\u00e5litliga leverant\u00f6rer och vi ser till att v\u00e5ra kunder f\u00e5r sina kamagra best\u00e4lla i tid och i gott skick. Vi str\u00e4var efter att g\u00f6ra k\u00f6pupplevelsen s\u00e5 smidig och problemfri som m\u00f6jligt f\u00f6r v\u00e5ra kunder.Vi ett licensierat onlineapotek som f\u00f6ljer alla relevanta regler och f\u00f6reskrifter till k\u00f6p kamagra i sverige.<\/p>\n<p>F\u00f6rstklassig service och snabb leverans till k\u00f6pa kamagra billigt, det \u00e4r vad du f\u00e5r n\u00e4r du handlar hos oss. V\u00e4lj v\u00e5rt apotek f\u00f6r att f\u00e5 best\u00e4lla kamagra i tid, varje g\u00e5ng.Vi garanterar att v\u00e5ra kunder f\u00e5r \u00e4kta och s\u00e4kra mediciner av h\u00f6gsta kvalitet. Vi v\u00e4rnar om v\u00e5ra kunders h\u00e4lsa och v\u00e4lbefinnande och ser till att alla produkter vi erbjuder \u00e4r noggrant testade och godk\u00e4nda.<\/p>\n<p>&nbsp;<\/p>","protected":false},"excerpt":{"rendered":"<p>Om du letar efter en p\u00e5litlig och bekv\u00e4m plats att k\u00f6pa Kamagra jelly, \u00e4r v\u00e5rt onlineapotek det b\u00e4sta alternativet f\u00f6r dig. Vi erbjuder h\u00f6gkvalitativa produkter, konkurrenskraftiga priser och snabb leverans till Sverige, Danmark och Norge. K\u00f6p Kamagra jelly fr\u00e5n oss idag och upplev f\u00f6rdelarna med att handla fr\u00e5n oss. &#8221;K\u00f6pa Kamagra, Best\u00e4lla Kamagra, Kamagra jelly, Kamagra 100mg.&#8221;<\/p>","protected":false},"featured_media":37683,"comment_status":"open","ping_status":"closed","template":"","meta":[],"product_brand":[],"product_cat":[218],"product_tag":[561,567,559,568,555,562,544,548,553,563,556,554,558,564,551,547,545,565,549,546,557,552,560,550,566],"class_list":{"0":"post-37231","1":"product","2":"type-product","3":"status-publish","4":"has-post-thumbnail","6":"product_cat-kopa-potensmedel-utan-recept","7":"product_tag-bestall-kamagra","8":"product_tag-bestall-kamagra-online","9":"product_tag-buy-kamagra","10":"product_tag-buy-kamagra-uk","11":"product_tag-cobra-kamagra","12":"product_tag-kamagra-100-gold","13":"product_tag-kamagra-100mg","14":"product_tag-kamagra-100mg-oral-jelly","15":"product_tag-kamagra-100mg-sildenafil-oral-jelly","16":"product_tag-kamagra-100mg-tablets","17":"product_tag-kamagra-ajanta-pharma-100-mg","18":"product_tag-kamagra-amsterdam-where-to-buy","19":"product_tag-kamagra-bitcoin","20":"product_tag-kamagra-cialis","21":"product_tag-kamagra-direkt","22":"product_tag-kamagra-gel","23":"product_tag-kamagra-jelly","24":"product_tag-kamagra-jelly-online","25":"product_tag-kamagra-online","26":"product_tag-kamagra-oral-jelly","27":"product_tag-kamagra-sampon-upotreba","28":"product_tag-kamagra-sverige","29":"product_tag-kamagra-vs-cialis","30":"product_tag-kopa-kamagra","31":"product_tag-potensmedel-kamagra","32":"description-off","34":"first","35":"instock","36":"sale","37":"shipping-taxable","38":"purchasable","39":"product-type-variable"},"yoast_head":"<!-- This site is optimized with the Yoast SEO Premium plugin v26.2 (Yoast SEO v27.0) - https:\/\/yoast.com\/product\/yoast-seo-premium-wordpress\/ -->\n<title>Best\u00e4lla kamagra online 2024 | K\u00f6pa kamagra s\u00e4kert p\u00e5 n\u00e4tet<\/title>\n<meta name=\"description\" content=\"Best\u00e4lla kamagra utan recept, f\u00e5 dina mediciner levererade direkt till din d\u00f6rr - enkelt och bekv\u00e4mt. S\u00e4ker, diskret och snabb leverans 2024\" \/>\n<meta name=\"robots\" content=\"index, follow, max-snippet:-1, max-image-preview:large, max-video-preview:-1\" \/>\n<link rel=\"canonical\" href=\"https:\/\/chemsmedstoreonline.com\/en\/product\/bestalla-kamagra\/\" \/>\n<meta property=\"og:locale\" content=\"en_US\" \/>\n<meta property=\"og:type\" content=\"article\" \/>\n<meta property=\"og:title\" content=\"k\u00f6pa kamagra\" \/>\n<meta property=\"og:description\" content=\"Best\u00e4lla kamagra utan recept, f\u00e5 dina mediciner levererade direkt till din d\u00f6rr - enkelt och bekv\u00e4mt. S\u00e4ker, diskret och snabb leverans 2024\" \/>\n<meta property=\"og:url\" content=\"https:\/\/chemsmedstoreonline.com\/en\/product\/bestalla-kamagra\/\" \/>\n<meta property=\"og:site_name\" content=\"Chems Med Store Online\" \/>\n<meta property=\"article:modified_time\" content=\"2025-11-01T01:57:54+00:00\" \/>\n<meta property=\"og:image\" content=\"https:\/\/chemsmedstoreonline.com\/wp-content\/uploads\/2023\/11\/Product-Kamagra.png\" \/>\n\t<meta property=\"og:image:width\" content=\"571\" \/>\n\t<meta property=\"og:image:height\" content=\"640\" \/>\n\t<meta property=\"og:image:type\" content=\"image\/png\" \/>\n<meta name=\"twitter:card\" content=\"summary_large_image\" \/>\n<meta name=\"twitter:label1\" content=\"Est. reading time\" \/>\n\t<meta name=\"twitter:data1\" content=\"2 minutes\" \/>\n<script type=\"application\/ld+json\" class=\"yoast-schema-graph\">{\"@context\":\"https:\/\/schema.org\",\"@graph\":[{\"@type\":\"WebPage\",\"@id\":\"https:\/\/chemsmedstoreonline.com\/product\/bestalla-kamagra\/\",\"url\":\"https:\/\/chemsmedstoreonline.com\/product\/bestalla-kamagra\/\",\"name\":\"Best\u00e4lla kamagra online 2024 | K\u00f6pa kamagra s\u00e4kert p\u00e5 n\u00e4tet\",\"isPartOf\":{\"@id\":\"https:\/\/chemsmedstoreonline.com\/en\/#website\"},\"primaryImageOfPage\":{\"@id\":\"https:\/\/chemsmedstoreonline.com\/product\/bestalla-kamagra\/#primaryimage\"},\"image\":{\"@id\":\"https:\/\/chemsmedstoreonline.com\/product\/bestalla-kamagra\/#primaryimage\"},\"thumbnailUrl\":\"https:\/\/chemsmedstoreonline.com\/wp-content\/uploads\/2023\/11\/Product-Kamagra.png\",\"datePublished\":\"2023-11-20T10:24:46+00:00\",\"dateModified\":\"2025-11-01T01:57:54+00:00\",\"description\":\"Best\u00e4lla kamagra utan recept, f\u00e5 dina mediciner levererade direkt till din d\u00f6rr - enkelt och bekv\u00e4mt. S\u00e4ker, diskret och snabb leverans 2024\",\"breadcrumb\":{\"@id\":\"https:\/\/chemsmedstoreonline.com\/product\/bestalla-kamagra\/#breadcrumb\"},\"inLanguage\":\"en-US\",\"potentialAction\":[{\"@type\":\"ReadAction\",\"target\":[\"https:\/\/chemsmedstoreonline.com\/product\/bestalla-kamagra\/\"]}]},{\"@type\":\"ImageObject\",\"inLanguage\":\"en-US\",\"@id\":\"https:\/\/chemsmedstoreonline.com\/product\/bestalla-kamagra\/#primaryimage\",\"url\":\"https:\/\/chemsmedstoreonline.com\/wp-content\/uploads\/2023\/11\/Product-Kamagra.png\",\"contentUrl\":\"https:\/\/chemsmedstoreonline.com\/wp-content\/uploads\/2023\/11\/Product-Kamagra.png\",\"width\":571,\"height\":640,\"caption\":\"Best\u00e4lla kamagra\"},{\"@type\":\"BreadcrumbList\",\"@id\":\"https:\/\/chemsmedstoreonline.com\/product\/bestalla-kamagra\/#breadcrumb\",\"itemListElement\":[{\"@type\":\"ListItem\",\"position\":1,\"name\":\"Home\",\"item\":\"https:\/\/chemsmedstoreonline.com\/en\/\"},{\"@type\":\"ListItem\",\"position\":2,\"name\":\"All products\",\"item\":\"https:\/\/chemsmedstoreonline.com\/all-products\/\"},{\"@type\":\"ListItem\",\"position\":3,\"name\":\"k\u00f6pa kamagra\"}]},{\"@type\":\"WebSite\",\"@id\":\"https:\/\/chemsmedstoreonline.com\/en\/#website\",\"url\":\"https:\/\/chemsmedstoreonline.com\/en\/\",\"name\":\"Chem Med Store Online\",\"description\":\"\",\"publisher\":{\"@id\":\"https:\/\/chemsmedstoreonline.com\/en\/#organization\"},\"potentialAction\":[{\"@type\":\"SearchAction\",\"target\":{\"@type\":\"EntryPoint\",\"urlTemplate\":\"https:\/\/chemsmedstoreonline.com\/en\/?s={search_term_string}\"},\"query-input\":{\"@type\":\"PropertyValueSpecification\",\"valueRequired\":true,\"valueName\":\"search_term_string\"}}],\"inLanguage\":\"en-US\"},{\"@type\":\"Organization\",\"@id\":\"https:\/\/chemsmedstoreonline.com\/en\/#organization\",\"name\":\"Chem Med Store Online\",\"url\":\"https:\/\/chemsmedstoreonline.com\/en\/\",\"logo\":{\"@type\":\"ImageObject\",\"inLanguage\":\"en-US\",\"@id\":\"https:\/\/chemsmedstoreonline.com\/en\/#\/schema\/logo\/image\/\",\"url\":\"https:\/\/chemsmedstoreonline.com\/wp-content\/uploads\/2023\/11\/cropped-pharmacy.png\",\"contentUrl\":\"https:\/\/chemsmedstoreonline.com\/wp-content\/uploads\/2023\/11\/cropped-pharmacy.png\",\"width\":512,\"height\":512,\"caption\":\"Chem Med Store Online\"},\"image\":{\"@id\":\"https:\/\/chemsmedstoreonline.com\/en\/#\/schema\/logo\/image\/\"}}]}<\/script>\n<!-- \/ Yoast SEO Premium plugin. -->","yoast_head_json":{"title":"Best\u00e4lla kamagra online 2024 | K\u00f6pa kamagra s\u00e4kert p\u00e5 n\u00e4tet","description":"Best\u00e4lla kamagra utan recept, f\u00e5 dina mediciner levererade direkt till din d\u00f6rr - enkelt och bekv\u00e4mt. S\u00e4ker, diskret och snabb leverans 2024","robots":{"index":"index","follow":"follow","max-snippet":"max-snippet:-1","max-image-preview":"max-image-preview:large","max-video-preview":"max-video-preview:-1"},"canonical":"https:\/\/chemsmedstoreonline.com\/en\/product\/bestalla-kamagra\/","og_locale":"en_US","og_type":"article","og_title":"k\u00f6pa kamagra","og_description":"Best\u00e4lla kamagra utan recept, f\u00e5 dina mediciner levererade direkt till din d\u00f6rr - enkelt och bekv\u00e4mt. S\u00e4ker, diskret och snabb leverans 2024","og_url":"https:\/\/chemsmedstoreonline.com\/en\/product\/bestalla-kamagra\/","og_site_name":"Chems Med Store Online","article_modified_time":"2025-11-01T01:57:54+00:00","og_image":[{"width":571,"height":640,"url":"https:\/\/chemsmedstoreonline.com\/wp-content\/uploads\/2023\/11\/Product-Kamagra.png","type":"image\/png"}],"twitter_card":"summary_large_image","twitter_misc":{"Est. reading time":"2 minutes"},"schema":{"@context":"https:\/\/schema.org","@graph":[{"@type":"WebPage","@id":"https:\/\/chemsmedstoreonline.com\/product\/bestalla-kamagra\/","url":"https:\/\/chemsmedstoreonline.com\/product\/bestalla-kamagra\/","name":"Best\u00e4lla kamagra online 2024 | K\u00f6pa kamagra s\u00e4kert p\u00e5 n\u00e4tet","isPartOf":{"@id":"https:\/\/chemsmedstoreonline.com\/en\/#website"},"primaryImageOfPage":{"@id":"https:\/\/chemsmedstoreonline.com\/product\/bestalla-kamagra\/#primaryimage"},"image":{"@id":"https:\/\/chemsmedstoreonline.com\/product\/bestalla-kamagra\/#primaryimage"},"thumbnailUrl":"https:\/\/chemsmedstoreonline.com\/wp-content\/uploads\/2023\/11\/Product-Kamagra.png","datePublished":"2023-11-20T10:24:46+00:00","dateModified":"2025-11-01T01:57:54+00:00","description":"Best\u00e4lla kamagra utan recept, f\u00e5 dina mediciner levererade direkt till din d\u00f6rr - enkelt och bekv\u00e4mt. S\u00e4ker, diskret och snabb leverans 2024","breadcrumb":{"@id":"https:\/\/chemsmedstoreonline.com\/product\/bestalla-kamagra\/#breadcrumb"},"inLanguage":"en-US","potentialAction":[{"@type":"ReadAction","target":["https:\/\/chemsmedstoreonline.com\/product\/bestalla-kamagra\/"]}]},{"@type":"ImageObject","inLanguage":"en-US","@id":"https:\/\/chemsmedstoreonline.com\/product\/bestalla-kamagra\/#primaryimage","url":"https:\/\/chemsmedstoreonline.com\/wp-content\/uploads\/2023\/11\/Product-Kamagra.png","contentUrl":"https:\/\/chemsmedstoreonline.com\/wp-content\/uploads\/2023\/11\/Product-Kamagra.png","width":571,"height":640,"caption":"Best\u00e4lla kamagra"},{"@type":"BreadcrumbList","@id":"https:\/\/chemsmedstoreonline.com\/product\/bestalla-kamagra\/#breadcrumb","itemListElement":[{"@type":"ListItem","position":1,"name":"Home","item":"https:\/\/chemsmedstoreonline.com\/en\/"},{"@type":"ListItem","position":2,"name":"All products","item":"https:\/\/chemsmedstoreonline.com\/all-products\/"},{"@type":"ListItem","position":3,"name":"k\u00f6pa kamagra"}]},{"@type":"WebSite","@id":"https:\/\/chemsmedstoreonline.com\/en\/#website","url":"https:\/\/chemsmedstoreonline.com\/en\/","name":"Chem Med Store Online","description":"","publisher":{"@id":"https:\/\/chemsmedstoreonline.com\/en\/#organization"},"potentialAction":[{"@type":"SearchAction","target":{"@type":"EntryPoint","urlTemplate":"https:\/\/chemsmedstoreonline.com\/en\/?s={search_term_string}"},"query-input":{"@type":"PropertyValueSpecification","valueRequired":true,"valueName":"search_term_string"}}],"inLanguage":"en-US"},{"@type":"Organization","@id":"https:\/\/chemsmedstoreonline.com\/en\/#organization","name":"Chem Med Store Online","url":"https:\/\/chemsmedstoreonline.com\/en\/","logo":{"@type":"ImageObject","inLanguage":"en-US","@id":"https:\/\/chemsmedstoreonline.com\/en\/#\/schema\/logo\/image\/","url":"https:\/\/chemsmedstoreonline.com\/wp-content\/uploads\/2023\/11\/cropped-pharmacy.png","contentUrl":"https:\/\/chemsmedstoreonline.com\/wp-content\/uploads\/2023\/11\/cropped-pharmacy.png","width":512,"height":512,"caption":"Chem Med Store Online"},"image":{"@id":"https:\/\/chemsmedstoreonline.com\/en\/#\/schema\/logo\/image\/"}}]}},"jetpack_sharing_enabled":true,"_links":{"self":[{"href":"https:\/\/chemsmedstoreonline.com\/en\/wp-json\/wp\/v2\/product\/37231","targetHints":{"allow":["GET"]}}],"collection":[{"href":"https:\/\/chemsmedstoreonline.com\/en\/wp-json\/wp\/v2\/product"}],"about":[{"href":"https:\/\/chemsmedstoreonline.com\/en\/wp-json\/wp\/v2\/types\/product"}],"replies":[{"embeddable":true,"href":"https:\/\/chemsmedstoreonline.com\/en\/wp-json\/wp\/v2\/comments?post=37231"}],"wp:featuredmedia":[{"embeddable":true,"href":"https:\/\/chemsmedstoreonline.com\/en\/wp-json\/wp\/v2\/media\/37683"}],"wp:attachment":[{"href":"https:\/\/chemsmedstoreonline.com\/en\/wp-json\/wp\/v2\/media?parent=37231"}],"wp:term":[{"taxonomy":"product_brand","embeddable":true,"href":"https:\/\/chemsmedstoreonline.com\/en\/wp-json\/wp\/v2\/product_brand?post=37231"},{"taxonomy":"product_cat","embeddable":true,"href":"https:\/\/chemsmedstoreonline.com\/en\/wp-json\/wp\/v2\/product_cat?post=37231"},{"taxonomy":"product_tag","embeddable":true,"href":"https:\/\/chemsmedstoreonline.com\/en\/wp-json\/wp\/v2\/product_tag?post=37231"}],"curies":[{"name":"wp","href":"https:\/\/api.w.org\/{rel}","templated":true}]}}