{"id":37233,"date":"2023-11-20T10:24:47","date_gmt":"2023-11-20T10:24:47","guid":{"rendered":"https:\/\/medicalsolutions72.com\/product\/kop-generisk-cialis-online-2\/"},"modified":"2025-11-01T01:54:28","modified_gmt":"2025-11-01T01:54:28","slug":"kopa-cialis","status":"publish","type":"product","link":"https:\/\/chemsmedstoreonline.com\/en\/product\/kopa-cialis\/","title":{"rendered":"K\u00f6pa cialis 20mg"},"content":{"rendered":"<h2>k\u00f6pa cialis receptfritt online<\/h2>\n<p>Cialis \u00e4r en popul\u00e4r <a href=\"https:\/\/www.google.com\/url?sa=t&amp;rct=j&amp;q=&amp;esrc=s&amp;source=web&amp;cd=&amp;ved=2ahUKEwj4jsSVxPGCAxWBQEEAHWx0CVkQFnoECAsQAQ&amp;url=https%3A%2F%2Ferickajohnson.se%2Fonewebmedia%2FMacroscopy.pdf&amp;usg=AOvVaw1ZRsZOGE_KDKI7e0PQpp9b&amp;opi=89978449\">potensmedicin<\/a> som har f\u00f6rb\u00e4ttrat sexlivet f\u00f6r m\u00e5nga m\u00e4n i de nordiska regionerna. Med sin aktiva ingrediens tadalafil hj\u00e4lper Cialis till att \u00f6ka blodfl\u00f6det till penis, vilket resulterar i en starkare och l\u00e4ngrevarig erektion.<\/p>\n<p>M\u00e5nga m\u00e4n i Sverige har upplevt positiva effekter av att anv\u00e4nda Cialis. Genom att k\u00f6pa Cialis fr\u00e5n v\u00e5r onlineapotek kan m\u00e4n i Sverige njuta av f\u00f6rdelarna med denna potensmedicin p\u00e5 ett s\u00e4kert och bekv\u00e4mt s\u00e4tt. Att cialis k\u00f6pa online \u00e4r det b\u00e4sta alternativet f\u00f6r m\u00e4n i Sverige av flera sk\u00e4l.<\/p>\n<h2>Cialis online billigt 2024<\/h2>\n<p>F\u00f6r det f\u00f6rsta kan du <a href=\"https:\/\/medicalsolutions72.com\/kontakt\/\">k\u00f6pa Cialis utan recept fr\u00e5n v\u00e5r onlineapotek<\/a>. Detta inneb\u00e4r att du inte beh\u00f6ver bes\u00f6ka en l\u00e4kare f\u00f6r att f\u00e5 ett recept. Det sparar tid och pengar, och ger dig m\u00f6jlighet att diskret cialis receptfritt n\u00e4r det passar dig b\u00e4st.<\/p>\n<p>F\u00f6r det andra erbjuder vi Cialis till ett f\u00f6rm\u00e5nligt pris. Genom att k\u00f6pa Cialis online kan du spara pengar j\u00e4mf\u00f6rt med att k\u00f6pa det p\u00e5 ett traditionellt apotek. Vi erbjuder konkurrenskraftiga priser och regelbundiga erbjudanden f\u00f6r att g\u00f6ra det \u00e4nnu mer prisv\u00e4rt f\u00f6r dig.<\/p>\n<p>F\u00f6r det tredje kan du k\u00f6pa Cialis s\u00e4kert p\u00e5 n\u00e4tet fr\u00e5n v\u00e5r onlineapotek. Vi garanterar att alla v\u00e5ra produkter \u00e4r av h\u00f6gsta kvalitet och att de levereras diskret till din d\u00f6rr. Vi v\u00e4rnar om din integritet och ser till att din best\u00e4llning behandlas konfidentiellt.<\/p>\n<p>Nyckelord: cialis k\u00f6pa, k\u00f6p cialis sverige, cialis receptfritt, cialis online billigt.<\/p>","protected":false},"excerpt":{"rendered":"<p>Om du letar efter en s\u00e4ker och bekv\u00e4m l\u00f6sning f\u00f6r att k\u00f6pa Cialis i Sverige, \u00e4r v\u00e5rt onlineapotek det b\u00e4sta valet f\u00f6r dig. Vi erbjuder m\u00f6jligheten att k\u00f6pa Cialis utan recept, till ett f\u00f6rm\u00e5nligt pris och med diskret leverans. K\u00f6p Cialis online billigt och f\u00f6rb\u00e4ttra ditt sexliv redan idag!<\/p>","protected":false},"featured_media":37736,"comment_status":"open","ping_status":"closed","template":"","meta":[],"product_brand":[],"product_cat":[218],"product_tag":[541,531,527,522,535,524,542,539,543,530,523,525,528,529,536,532,537,540,526,538,533,534],"class_list":{"0":"post-37233","1":"product","2":"type-product","3":"status-publish","4":"has-post-thumbnail","6":"product_cat-kopa-potensmedel-utan-recept","7":"product_tag-bestall-cialis","8":"product_tag-cialis-10-mg","9":"product_tag-cialis-100mg","10":"product_tag-cialis-20mg","11":"product_tag-cialis-40-mg","12":"product_tag-cialis-5-mg","13":"product_tag-cialis-apotea","14":"product_tag-cialis-apoteket","15":"product_tag-cialis-bestalla","16":"product_tag-cialis-kopa","17":"product_tag-cialis-online","18":"product_tag-cialis-online-billigt","19":"product_tag-cialis-online-snabb-leverans","20":"product_tag-cialis-receptfritt","21":"product_tag-cialis-reseptfritt","22":"product_tag-cialis-sverige","23":"product_tag-cialis-uk-prescription","24":"product_tag-kop-cialis","25":"product_tag-kopa-cialis","26":"product_tag-kopa-cialis-pa-apoteket","27":"product_tag-kopa-cialis-sakert-pa-natet","28":"product_tag-potensmedel-cialis","29":"description-off","31":"first","32":"instock","33":"sale","34":"shipping-taxable","35":"purchasable","36":"product-type-variable"},"yoast_head":"<!-- This site is optimized with the Yoast SEO Premium plugin v26.2 (Yoast SEO v27.0) - https:\/\/yoast.com\/product\/yoast-seo-premium-wordpress\/ -->\n<title>K\u00f6pa cialis 20mg | Best\u00e4lla l\u00e4kemedel utan recept<\/title>\n<meta name=\"description\" content=\"k\u00f6pa cialis utan recept, f\u00e5 dina mediciner levererade direkt till din d\u00f6rr - enkelt och bekv\u00e4mt. S\u00e4ker, diskret och snabb leverans 2024\" \/>\n<meta name=\"robots\" content=\"index, follow, max-snippet:-1, max-image-preview:large, max-video-preview:-1\" \/>\n<link rel=\"canonical\" href=\"https:\/\/chemsmedstoreonline.com\/en\/product\/kopa-cialis\/\" \/>\n<meta property=\"og:locale\" content=\"en_US\" \/>\n<meta property=\"og:type\" content=\"article\" \/>\n<meta property=\"og:title\" content=\"K\u00f6pa cialis 20mg\" \/>\n<meta property=\"og:description\" content=\"k\u00f6pa cialis utan recept, f\u00e5 dina mediciner levererade direkt till din d\u00f6rr - enkelt och bekv\u00e4mt. S\u00e4ker, diskret och snabb leverans 2024\" \/>\n<meta property=\"og:url\" content=\"https:\/\/chemsmedstoreonline.com\/en\/product\/kopa-cialis\/\" \/>\n<meta property=\"og:site_name\" content=\"Chems Med Store Online\" \/>\n<meta property=\"article:modified_time\" content=\"2025-11-01T01:54:28+00:00\" \/>\n<meta property=\"og:image\" content=\"https:\/\/chemsmedstoreonline.com\/wp-content\/uploads\/2023\/11\/cialis-tadalafil-20mg-pgd-8-tablets-d6a382dfa958dd40d29248f5f076e256fa3b4095bf77f413d594c9b90d1f9e1b.png.webp\" \/>\n\t<meta property=\"og:image:width\" content=\"750\" \/>\n\t<meta property=\"og:image:height\" content=\"475\" \/>\n\t<meta property=\"og:image:type\" content=\"image\/webp\" \/>\n<meta name=\"twitter:card\" content=\"summary_large_image\" \/>\n<meta name=\"twitter:label1\" content=\"Est. reading time\" \/>\n\t<meta name=\"twitter:data1\" content=\"2 minutes\" \/>\n<script type=\"application\/ld+json\" class=\"yoast-schema-graph\">{\"@context\":\"https:\/\/schema.org\",\"@graph\":[{\"@type\":\"WebPage\",\"@id\":\"https:\/\/chemsmedstoreonline.com\/product\/kopa-cialis\/\",\"url\":\"https:\/\/chemsmedstoreonline.com\/product\/kopa-cialis\/\",\"name\":\"K\u00f6pa cialis 20mg | Best\u00e4lla l\u00e4kemedel utan recept\",\"isPartOf\":{\"@id\":\"https:\/\/chemsmedstoreonline.com\/en\/#website\"},\"primaryImageOfPage\":{\"@id\":\"https:\/\/chemsmedstoreonline.com\/product\/kopa-cialis\/#primaryimage\"},\"image\":{\"@id\":\"https:\/\/chemsmedstoreonline.com\/product\/kopa-cialis\/#primaryimage\"},\"thumbnailUrl\":\"https:\/\/chemsmedstoreonline.com\/wp-content\/uploads\/2023\/11\/cialis-tadalafil-20mg-pgd-8-tablets-d6a382dfa958dd40d29248f5f076e256fa3b4095bf77f413d594c9b90d1f9e1b.png.webp\",\"datePublished\":\"2023-11-20T10:24:47+00:00\",\"dateModified\":\"2025-11-01T01:54:28+00:00\",\"description\":\"k\u00f6pa cialis utan recept, f\u00e5 dina mediciner levererade direkt till din d\u00f6rr - enkelt och bekv\u00e4mt. S\u00e4ker, diskret och snabb leverans 2024\",\"breadcrumb\":{\"@id\":\"https:\/\/chemsmedstoreonline.com\/product\/kopa-cialis\/#breadcrumb\"},\"inLanguage\":\"en-US\",\"potentialAction\":[{\"@type\":\"ReadAction\",\"target\":[\"https:\/\/chemsmedstoreonline.com\/product\/kopa-cialis\/\"]}]},{\"@type\":\"ImageObject\",\"inLanguage\":\"en-US\",\"@id\":\"https:\/\/chemsmedstoreonline.com\/product\/kopa-cialis\/#primaryimage\",\"url\":\"https:\/\/chemsmedstoreonline.com\/wp-content\/uploads\/2023\/11\/cialis-tadalafil-20mg-pgd-8-tablets-d6a382dfa958dd40d29248f5f076e256fa3b4095bf77f413d594c9b90d1f9e1b.png.webp\",\"contentUrl\":\"https:\/\/chemsmedstoreonline.com\/wp-content\/uploads\/2023\/11\/cialis-tadalafil-20mg-pgd-8-tablets-d6a382dfa958dd40d29248f5f076e256fa3b4095bf77f413d594c9b90d1f9e1b.png.webp\",\"width\":750,\"height\":475,\"caption\":\"k\u00f6pa cialis\"},{\"@type\":\"BreadcrumbList\",\"@id\":\"https:\/\/chemsmedstoreonline.com\/product\/kopa-cialis\/#breadcrumb\",\"itemListElement\":[{\"@type\":\"ListItem\",\"position\":1,\"name\":\"Home\",\"item\":\"https:\/\/chemsmedstoreonline.com\/en\/\"},{\"@type\":\"ListItem\",\"position\":2,\"name\":\"All products\",\"item\":\"https:\/\/chemsmedstoreonline.com\/all-products\/\"},{\"@type\":\"ListItem\",\"position\":3,\"name\":\"K\u00f6pa cialis 20mg\"}]},{\"@type\":\"WebSite\",\"@id\":\"https:\/\/chemsmedstoreonline.com\/en\/#website\",\"url\":\"https:\/\/chemsmedstoreonline.com\/en\/\",\"name\":\"Chem Med Store Online\",\"description\":\"\",\"publisher\":{\"@id\":\"https:\/\/chemsmedstoreonline.com\/en\/#organization\"},\"potentialAction\":[{\"@type\":\"SearchAction\",\"target\":{\"@type\":\"EntryPoint\",\"urlTemplate\":\"https:\/\/chemsmedstoreonline.com\/en\/?s={search_term_string}\"},\"query-input\":{\"@type\":\"PropertyValueSpecification\",\"valueRequired\":true,\"valueName\":\"search_term_string\"}}],\"inLanguage\":\"en-US\"},{\"@type\":\"Organization\",\"@id\":\"https:\/\/chemsmedstoreonline.com\/en\/#organization\",\"name\":\"Chem Med Store Online\",\"url\":\"https:\/\/chemsmedstoreonline.com\/en\/\",\"logo\":{\"@type\":\"ImageObject\",\"inLanguage\":\"en-US\",\"@id\":\"https:\/\/chemsmedstoreonline.com\/en\/#\/schema\/logo\/image\/\",\"url\":\"https:\/\/chemsmedstoreonline.com\/wp-content\/uploads\/2023\/11\/cropped-pharmacy.png\",\"contentUrl\":\"https:\/\/chemsmedstoreonline.com\/wp-content\/uploads\/2023\/11\/cropped-pharmacy.png\",\"width\":512,\"height\":512,\"caption\":\"Chem Med Store Online\"},\"image\":{\"@id\":\"https:\/\/chemsmedstoreonline.com\/en\/#\/schema\/logo\/image\/\"}}]}<\/script>\n<!-- \/ Yoast SEO Premium plugin. -->","yoast_head_json":{"title":"K\u00f6pa cialis 20mg | Best\u00e4lla l\u00e4kemedel utan recept","description":"k\u00f6pa cialis utan recept, f\u00e5 dina mediciner levererade direkt till din d\u00f6rr - enkelt och bekv\u00e4mt. S\u00e4ker, diskret och snabb leverans 2024","robots":{"index":"index","follow":"follow","max-snippet":"max-snippet:-1","max-image-preview":"max-image-preview:large","max-video-preview":"max-video-preview:-1"},"canonical":"https:\/\/chemsmedstoreonline.com\/en\/product\/kopa-cialis\/","og_locale":"en_US","og_type":"article","og_title":"K\u00f6pa cialis 20mg","og_description":"k\u00f6pa cialis utan recept, f\u00e5 dina mediciner levererade direkt till din d\u00f6rr - enkelt och bekv\u00e4mt. S\u00e4ker, diskret och snabb leverans 2024","og_url":"https:\/\/chemsmedstoreonline.com\/en\/product\/kopa-cialis\/","og_site_name":"Chems Med Store Online","article_modified_time":"2025-11-01T01:54:28+00:00","og_image":[{"width":750,"height":475,"url":"https:\/\/chemsmedstoreonline.com\/wp-content\/uploads\/2023\/11\/cialis-tadalafil-20mg-pgd-8-tablets-d6a382dfa958dd40d29248f5f076e256fa3b4095bf77f413d594c9b90d1f9e1b.png.webp","type":"image\/webp"}],"twitter_card":"summary_large_image","twitter_misc":{"Est. reading time":"2 minutes"},"schema":{"@context":"https:\/\/schema.org","@graph":[{"@type":"WebPage","@id":"https:\/\/chemsmedstoreonline.com\/product\/kopa-cialis\/","url":"https:\/\/chemsmedstoreonline.com\/product\/kopa-cialis\/","name":"K\u00f6pa cialis 20mg | Best\u00e4lla l\u00e4kemedel utan recept","isPartOf":{"@id":"https:\/\/chemsmedstoreonline.com\/en\/#website"},"primaryImageOfPage":{"@id":"https:\/\/chemsmedstoreonline.com\/product\/kopa-cialis\/#primaryimage"},"image":{"@id":"https:\/\/chemsmedstoreonline.com\/product\/kopa-cialis\/#primaryimage"},"thumbnailUrl":"https:\/\/chemsmedstoreonline.com\/wp-content\/uploads\/2023\/11\/cialis-tadalafil-20mg-pgd-8-tablets-d6a382dfa958dd40d29248f5f076e256fa3b4095bf77f413d594c9b90d1f9e1b.png.webp","datePublished":"2023-11-20T10:24:47+00:00","dateModified":"2025-11-01T01:54:28+00:00","description":"k\u00f6pa cialis utan recept, f\u00e5 dina mediciner levererade direkt till din d\u00f6rr - enkelt och bekv\u00e4mt. S\u00e4ker, diskret och snabb leverans 2024","breadcrumb":{"@id":"https:\/\/chemsmedstoreonline.com\/product\/kopa-cialis\/#breadcrumb"},"inLanguage":"en-US","potentialAction":[{"@type":"ReadAction","target":["https:\/\/chemsmedstoreonline.com\/product\/kopa-cialis\/"]}]},{"@type":"ImageObject","inLanguage":"en-US","@id":"https:\/\/chemsmedstoreonline.com\/product\/kopa-cialis\/#primaryimage","url":"https:\/\/chemsmedstoreonline.com\/wp-content\/uploads\/2023\/11\/cialis-tadalafil-20mg-pgd-8-tablets-d6a382dfa958dd40d29248f5f076e256fa3b4095bf77f413d594c9b90d1f9e1b.png.webp","contentUrl":"https:\/\/chemsmedstoreonline.com\/wp-content\/uploads\/2023\/11\/cialis-tadalafil-20mg-pgd-8-tablets-d6a382dfa958dd40d29248f5f076e256fa3b4095bf77f413d594c9b90d1f9e1b.png.webp","width":750,"height":475,"caption":"k\u00f6pa cialis"},{"@type":"BreadcrumbList","@id":"https:\/\/chemsmedstoreonline.com\/product\/kopa-cialis\/#breadcrumb","itemListElement":[{"@type":"ListItem","position":1,"name":"Home","item":"https:\/\/chemsmedstoreonline.com\/en\/"},{"@type":"ListItem","position":2,"name":"All products","item":"https:\/\/chemsmedstoreonline.com\/all-products\/"},{"@type":"ListItem","position":3,"name":"K\u00f6pa cialis 20mg"}]},{"@type":"WebSite","@id":"https:\/\/chemsmedstoreonline.com\/en\/#website","url":"https:\/\/chemsmedstoreonline.com\/en\/","name":"Chem Med Store Online","description":"","publisher":{"@id":"https:\/\/chemsmedstoreonline.com\/en\/#organization"},"potentialAction":[{"@type":"SearchAction","target":{"@type":"EntryPoint","urlTemplate":"https:\/\/chemsmedstoreonline.com\/en\/?s={search_term_string}"},"query-input":{"@type":"PropertyValueSpecification","valueRequired":true,"valueName":"search_term_string"}}],"inLanguage":"en-US"},{"@type":"Organization","@id":"https:\/\/chemsmedstoreonline.com\/en\/#organization","name":"Chem Med Store Online","url":"https:\/\/chemsmedstoreonline.com\/en\/","logo":{"@type":"ImageObject","inLanguage":"en-US","@id":"https:\/\/chemsmedstoreonline.com\/en\/#\/schema\/logo\/image\/","url":"https:\/\/chemsmedstoreonline.com\/wp-content\/uploads\/2023\/11\/cropped-pharmacy.png","contentUrl":"https:\/\/chemsmedstoreonline.com\/wp-content\/uploads\/2023\/11\/cropped-pharmacy.png","width":512,"height":512,"caption":"Chem Med Store Online"},"image":{"@id":"https:\/\/chemsmedstoreonline.com\/en\/#\/schema\/logo\/image\/"}}]}},"jetpack_sharing_enabled":true,"_links":{"self":[{"href":"https:\/\/chemsmedstoreonline.com\/en\/wp-json\/wp\/v2\/product\/37233","targetHints":{"allow":["GET"]}}],"collection":[{"href":"https:\/\/chemsmedstoreonline.com\/en\/wp-json\/wp\/v2\/product"}],"about":[{"href":"https:\/\/chemsmedstoreonline.com\/en\/wp-json\/wp\/v2\/types\/product"}],"replies":[{"embeddable":true,"href":"https:\/\/chemsmedstoreonline.com\/en\/wp-json\/wp\/v2\/comments?post=37233"}],"wp:featuredmedia":[{"embeddable":true,"href":"https:\/\/chemsmedstoreonline.com\/en\/wp-json\/wp\/v2\/media\/37736"}],"wp:attachment":[{"href":"https:\/\/chemsmedstoreonline.com\/en\/wp-json\/wp\/v2\/media?parent=37233"}],"wp:term":[{"taxonomy":"product_brand","embeddable":true,"href":"https:\/\/chemsmedstoreonline.com\/en\/wp-json\/wp\/v2\/product_brand?post=37233"},{"taxonomy":"product_cat","embeddable":true,"href":"https:\/\/chemsmedstoreonline.com\/en\/wp-json\/wp\/v2\/product_cat?post=37233"},{"taxonomy":"product_tag","embeddable":true,"href":"https:\/\/chemsmedstoreonline.com\/en\/wp-json\/wp\/v2\/product_tag?post=37233"}],"curies":[{"name":"wp","href":"https:\/\/api.w.org\/{rel}","templated":true}]}}