{"id":37241,"date":"2023-11-20T10:29:07","date_gmt":"2023-11-20T10:29:07","guid":{"rendered":"https:\/\/medicalsolutions72.com\/product\/imovane-2\/"},"modified":"2025-11-01T01:29:58","modified_gmt":"2025-11-01T01:29:58","slug":"kopa-imovane-utan-recept","status":"publish","type":"product","link":"https:\/\/chemsmedstoreonline.com\/en\/product\/kopa-imovane-utan-recept\/","title":{"rendered":"Imovane 7.5mg (ZOPICLONE)"},"content":{"rendered":"<div>\n<h2>k\u00f6pa imovane utan recept<\/h2>\n<p>Imovane (zopiklon k\u00f6pa) \u00e4r en medicin som anv\u00e4nds f\u00f6r att behandla s\u00f6mnproblem s\u00e5som <a href=\"https:\/\/www.internetpsykiatri.se\/behandling\/somnproblem-insomni\/\">s\u00f6mnl\u00f6shet<\/a>. Det fungerar genom att minska aktiviteten i hj\u00e4rnan f\u00f6r att \u00f6ka s\u00f6mnen. Imovane k\u00f6pa \u00e4r vanligtvis endast ordinerat till personer som lider av akut s\u00f6mnl\u00f6shet eftersom det kan vara vanebildande om det anv\u00e4nds f\u00f6r l\u00e4nge.<\/p>\n<p>K\u00f6pa imovane utan recept \u00e4r ett bra alternativ f\u00f6r personer som bor i Sverige, Danmark och Norge eftersom det erbjuder enkelhet och bekv\u00e4mlighet. Att k\u00f6pa Imovane p\u00e5 n\u00e4tet ger dig tillg\u00e5ng till h\u00f6gkvalitativa mediciner till ett \u00f6verkomligt pris. Det \u00e4r viktigt att zopiklon utan recept fr\u00e5n en p\u00e5litlig onlineapotek som garanterar kvaliteten p\u00e5 produkten och levererar till din d\u00f6rr i hela Norden.<\/p>\n<h2>k\u00f6pa imovane i danmark<\/h2>\n<p>K\u00f6pa Imovane i Danmark kan spara tid och pengar f\u00f6r personer med s\u00f6mnproblem. Ist\u00e4llet f\u00f6r att boka en tid hos en l\u00e4kare och h\u00e4mta ut receptbelagda mediciner fr\u00e5n ett traditionellt apotek kan personer k\u00f6pa imovane utan recept med bara n\u00e5gra klick.<\/p>\n<p>F\u00f6r personer som vill k\u00f6pa Imovane online i Sverige, Danmark och Norge \u00e4r det viktigt att s\u00f6ka efter p\u00e5litliga och ansedda <a href=\"https:\/\/medicalsolutions72.com\/bestalla-receptbelagd-medicin-pa-natet\/\">onlineapotek<\/a> som erbjuder h\u00f6gkvalitativa produkter och god kundservice. Om du v\u00e4ljer att k\u00f6pa zopiklon utan recept, se till att du g\u00f6r din forskning och v\u00e4ljer en p\u00e5litlig onlineapotek som du kan lita p\u00e5.<\/p>\n<h3><strong>Du f\u00e5r f\u00f6ljande f\u00f6rdelar n\u00e4r du k\u00f6pa imovane utan recept fr\u00e5n v\u00e5rt onlineapotek:<\/strong><\/h3>\n<p>1. Bekv\u00e4mlighetsniv\u00e5: Zopiklon k\u00f6pa kan enkelt k\u00f6pas fr\u00e5n bekv\u00e4mligheten av ditt hem eller kontor. Det sparar tid och energi att bes\u00f6ka ett personligt apotek.<\/p>\n<p>2. Frihet: Vi packar och levererar zopiklon utan recept diskret f\u00f6r att skydda din integritet. Det finns ingen anledning att vara orolig f\u00f6r att andra kommer att f\u00e5 reda p\u00e5 dina s\u00f6mnproblem.<\/p>\n<p>3. Tillg\u00e5ng: Det \u00e4r enkelt att best\u00e4lla Imovane n\u00e4r det passar dig p\u00e5 v\u00e5rt onlineapotek, som \u00e4r \u00f6ppet dygnet runt. Du beh\u00f6ver inte st\u00e5 i k\u00f6 eller v\u00e4nta p\u00e5 apoteket n\u00e4r det \u00e4r \u00f6ppet.<\/p>\n<p>4. Garanti f\u00f6r kvalitet: Vi lovar att imovane k\u00f6pa, som finns att k\u00f6pa p\u00e5 v\u00e5rt onlineapotek, \u00e4r av h\u00f6gsta kvalitet och uppfyller alla s\u00e4kerhetsstandarder. Du kan vara s\u00e4ker p\u00e5 att du f\u00e5r en produkt som \u00e4r p\u00e5litlig.<\/p>\n<p>5. Billighet: Attk\u00f6pa imovane i danmark fr\u00e5n oss \u00e4r billigare \u00e4n att k\u00f6pa det fr\u00e5n vanliga apotek eftersom vi erbjuder konkurrenskraftiga priser.<\/p>\n<p>Att konsultera en l\u00e4kare innan du tar Imovane eller n\u00e5gon annan medicin \u00e4r viktigt f\u00f6r att s\u00e4kerst\u00e4lla att det \u00e4r l\u00e4mpligt f\u00f6r dig och att du f\u00f6ljer r\u00e4tt dosering och anv\u00e4ndningsanvisningar.<\/p>\n<\/div>","protected":false},"excerpt":{"rendered":"<p>V\u00e5rt onlineapotek \u00e4r en p\u00e5litlig leverant\u00f6r av l\u00e4kemedel av h\u00f6g kvalitet som har varit i branschen i mer \u00e4n tv\u00e5 decennier. Vi levererar till kunder i Sverige, Danmark och Norge p\u00e5 ett s\u00e4kert och snabbt s\u00e4tt. Konkurrenskraftiga priser p\u00e5 zopiklon k\u00f6pa och vi erbjuder rabatter f\u00f6r st\u00f6rre best\u00e4llningar. Vi packar alla v\u00e5ra produkter diskret f\u00f6r att skydda din privatliv och integritet.<\/p>","protected":false},"featured_media":37460,"comment_status":"open","ping_status":"closed","template":"","meta":[],"product_brand":[],"product_cat":[219],"product_tag":[506,504,507,498,519,501,512,513,508,514,499,509,510,520,521,503,502,515,516,505,511,517,518,500],"class_list":{"0":"post-37241","1":"product","2":"type-product","3":"status-publish","4":"has-post-thumbnail","6":"product_cat-smartstillande-piller","7":"product_tag-10-mg-imovane","8":"product_tag-imovane-15-mg","9":"product_tag-imovane-3-75-mg","10":"product_tag-imovane-5-mg","11":"product_tag-imovane-7-5","12":"product_tag-imovane-7-5-mg","13":"product_tag-imovane-7-5-mg-10-st","14":"product_tag-imovane-7-5-mg-100-st","15":"product_tag-imovane-7-5-mg-30-st","16":"product_tag-imovane-75-mg","17":"product_tag-imovane-dagen-efter","18":"product_tag-imovane-depression","19":"product_tag-imovane-kopa","20":"product_tag-imovane-kopa-utan-recept","21":"product_tag-imovane-pa-natet","22":"product_tag-imovane-zopiklon","23":"product_tag-kopa-imovane-utan-recept","24":"product_tag-sobril-imovane","25":"product_tag-somnifere-imovane","26":"product_tag-somntablett-imovane","27":"product_tag-somntabletter-imovane","28":"product_tag-stilnoct-imovane","29":"product_tag-zolpidem-imovane","30":"product_tag-zopiklon-imovane","31":"description-off","33":"first","34":"instock","35":"sale","36":"shipping-taxable","37":"purchasable","38":"product-type-variable"},"yoast_head":"<!-- This site is optimized with the Yoast SEO Premium plugin v26.2 (Yoast SEO v27.0) - https:\/\/yoast.com\/product\/yoast-seo-premium-wordpress\/ -->\n<title>K\u00f6pa imovane utan recept 2024 | Zopiklon p\u00e5 n\u00e4tet<\/title>\n<meta name=\"description\" content=\"K\u00f6pa imovane utan recept , f\u00e5 dina mediciner levererade direkt till din d\u00f6rr - enkelt och bekv\u00e4mt. S\u00e4ker, diskret och snabb leverans 2024\" \/>\n<meta name=\"robots\" content=\"index, follow, max-snippet:-1, max-image-preview:large, max-video-preview:-1\" \/>\n<link rel=\"canonical\" href=\"https:\/\/chemsmedstoreonline.com\/en\/product\/kopa-imovane-utan-recept\/\" \/>\n<meta property=\"og:locale\" content=\"en_US\" \/>\n<meta property=\"og:type\" content=\"article\" \/>\n<meta property=\"og:title\" content=\"Imovane 7.5mg (ZOPICLONE)\" \/>\n<meta property=\"og:description\" content=\"K\u00f6pa imovane utan recept , f\u00e5 dina mediciner levererade direkt till din d\u00f6rr - enkelt och bekv\u00e4mt. S\u00e4ker, diskret och snabb leverans 2024\" \/>\n<meta property=\"og:url\" content=\"https:\/\/chemsmedstoreonline.com\/en\/product\/kopa-imovane-utan-recept\/\" \/>\n<meta property=\"og:site_name\" content=\"Chems Med Store Online\" \/>\n<meta property=\"article:modified_time\" content=\"2025-11-01T01:29:58+00:00\" \/>\n<meta property=\"og:image\" content=\"https:\/\/chemsmedstoreonline.com\/wp-content\/uploads\/2023\/11\/H0005239.png\" \/>\n\t<meta property=\"og:image:width\" content=\"500\" \/>\n\t<meta property=\"og:image:height\" content=\"500\" \/>\n\t<meta property=\"og:image:type\" content=\"image\/png\" \/>\n<meta name=\"twitter:card\" content=\"summary_large_image\" \/>\n<meta name=\"twitter:label1\" content=\"Est. reading time\" \/>\n\t<meta name=\"twitter:data1\" content=\"2 minutes\" \/>\n<script type=\"application\/ld+json\" class=\"yoast-schema-graph\">{\"@context\":\"https:\/\/schema.org\",\"@graph\":[{\"@type\":\"WebPage\",\"@id\":\"https:\/\/chemsmedstoreonline.com\/product\/kopa-imovane-utan-recept\/\",\"url\":\"https:\/\/chemsmedstoreonline.com\/product\/kopa-imovane-utan-recept\/\",\"name\":\"K\u00f6pa imovane utan recept 2024 | Zopiklon p\u00e5 n\u00e4tet\",\"isPartOf\":{\"@id\":\"https:\/\/chemsmedstoreonline.com\/en\/#website\"},\"primaryImageOfPage\":{\"@id\":\"https:\/\/chemsmedstoreonline.com\/product\/kopa-imovane-utan-recept\/#primaryimage\"},\"image\":{\"@id\":\"https:\/\/chemsmedstoreonline.com\/product\/kopa-imovane-utan-recept\/#primaryimage\"},\"thumbnailUrl\":\"https:\/\/chemsmedstoreonline.com\/wp-content\/uploads\/2023\/11\/H0005239.png\",\"datePublished\":\"2023-11-20T10:29:07+00:00\",\"dateModified\":\"2025-11-01T01:29:58+00:00\",\"description\":\"K\u00f6pa imovane utan recept , f\u00e5 dina mediciner levererade direkt till din d\u00f6rr - enkelt och bekv\u00e4mt. S\u00e4ker, diskret och snabb leverans 2024\",\"breadcrumb\":{\"@id\":\"https:\/\/chemsmedstoreonline.com\/product\/kopa-imovane-utan-recept\/#breadcrumb\"},\"inLanguage\":\"en-US\",\"potentialAction\":[{\"@type\":\"ReadAction\",\"target\":[\"https:\/\/chemsmedstoreonline.com\/product\/kopa-imovane-utan-recept\/\"]}]},{\"@type\":\"ImageObject\",\"inLanguage\":\"en-US\",\"@id\":\"https:\/\/chemsmedstoreonline.com\/product\/kopa-imovane-utan-recept\/#primaryimage\",\"url\":\"https:\/\/chemsmedstoreonline.com\/wp-content\/uploads\/2023\/11\/H0005239.png\",\"contentUrl\":\"https:\/\/chemsmedstoreonline.com\/wp-content\/uploads\/2023\/11\/H0005239.png\",\"width\":500,\"height\":500,\"caption\":\"k\u00f6pa imovane utan recept\"},{\"@type\":\"BreadcrumbList\",\"@id\":\"https:\/\/chemsmedstoreonline.com\/product\/kopa-imovane-utan-recept\/#breadcrumb\",\"itemListElement\":[{\"@type\":\"ListItem\",\"position\":1,\"name\":\"Home\",\"item\":\"https:\/\/chemsmedstoreonline.com\/en\/\"},{\"@type\":\"ListItem\",\"position\":2,\"name\":\"All products\",\"item\":\"https:\/\/chemsmedstoreonline.com\/all-products\/\"},{\"@type\":\"ListItem\",\"position\":3,\"name\":\"Imovane 7.5mg (ZOPICLONE)\"}]},{\"@type\":\"WebSite\",\"@id\":\"https:\/\/chemsmedstoreonline.com\/en\/#website\",\"url\":\"https:\/\/chemsmedstoreonline.com\/en\/\",\"name\":\"Chem Med Store Online\",\"description\":\"\",\"publisher\":{\"@id\":\"https:\/\/chemsmedstoreonline.com\/en\/#organization\"},\"potentialAction\":[{\"@type\":\"SearchAction\",\"target\":{\"@type\":\"EntryPoint\",\"urlTemplate\":\"https:\/\/chemsmedstoreonline.com\/en\/?s={search_term_string}\"},\"query-input\":{\"@type\":\"PropertyValueSpecification\",\"valueRequired\":true,\"valueName\":\"search_term_string\"}}],\"inLanguage\":\"en-US\"},{\"@type\":\"Organization\",\"@id\":\"https:\/\/chemsmedstoreonline.com\/en\/#organization\",\"name\":\"Chem Med Store Online\",\"url\":\"https:\/\/chemsmedstoreonline.com\/en\/\",\"logo\":{\"@type\":\"ImageObject\",\"inLanguage\":\"en-US\",\"@id\":\"https:\/\/chemsmedstoreonline.com\/en\/#\/schema\/logo\/image\/\",\"url\":\"https:\/\/chemsmedstoreonline.com\/wp-content\/uploads\/2023\/11\/cropped-pharmacy.png\",\"contentUrl\":\"https:\/\/chemsmedstoreonline.com\/wp-content\/uploads\/2023\/11\/cropped-pharmacy.png\",\"width\":512,\"height\":512,\"caption\":\"Chem Med Store Online\"},\"image\":{\"@id\":\"https:\/\/chemsmedstoreonline.com\/en\/#\/schema\/logo\/image\/\"}}]}<\/script>\n<!-- \/ Yoast SEO Premium plugin. -->","yoast_head_json":{"title":"K\u00f6pa imovane utan recept 2024 | Zopiklon p\u00e5 n\u00e4tet","description":"K\u00f6pa imovane utan recept , f\u00e5 dina mediciner levererade direkt till din d\u00f6rr - enkelt och bekv\u00e4mt. S\u00e4ker, diskret och snabb leverans 2024","robots":{"index":"index","follow":"follow","max-snippet":"max-snippet:-1","max-image-preview":"max-image-preview:large","max-video-preview":"max-video-preview:-1"},"canonical":"https:\/\/chemsmedstoreonline.com\/en\/product\/kopa-imovane-utan-recept\/","og_locale":"en_US","og_type":"article","og_title":"Imovane 7.5mg (ZOPICLONE)","og_description":"K\u00f6pa imovane utan recept , f\u00e5 dina mediciner levererade direkt till din d\u00f6rr - enkelt och bekv\u00e4mt. S\u00e4ker, diskret och snabb leverans 2024","og_url":"https:\/\/chemsmedstoreonline.com\/en\/product\/kopa-imovane-utan-recept\/","og_site_name":"Chems Med Store Online","article_modified_time":"2025-11-01T01:29:58+00:00","og_image":[{"width":500,"height":500,"url":"https:\/\/chemsmedstoreonline.com\/wp-content\/uploads\/2023\/11\/H0005239.png","type":"image\/png"}],"twitter_card":"summary_large_image","twitter_misc":{"Est. reading time":"2 minutes"},"schema":{"@context":"https:\/\/schema.org","@graph":[{"@type":"WebPage","@id":"https:\/\/chemsmedstoreonline.com\/product\/kopa-imovane-utan-recept\/","url":"https:\/\/chemsmedstoreonline.com\/product\/kopa-imovane-utan-recept\/","name":"K\u00f6pa imovane utan recept 2024 | Zopiklon p\u00e5 n\u00e4tet","isPartOf":{"@id":"https:\/\/chemsmedstoreonline.com\/en\/#website"},"primaryImageOfPage":{"@id":"https:\/\/chemsmedstoreonline.com\/product\/kopa-imovane-utan-recept\/#primaryimage"},"image":{"@id":"https:\/\/chemsmedstoreonline.com\/product\/kopa-imovane-utan-recept\/#primaryimage"},"thumbnailUrl":"https:\/\/chemsmedstoreonline.com\/wp-content\/uploads\/2023\/11\/H0005239.png","datePublished":"2023-11-20T10:29:07+00:00","dateModified":"2025-11-01T01:29:58+00:00","description":"K\u00f6pa imovane utan recept , f\u00e5 dina mediciner levererade direkt till din d\u00f6rr - enkelt och bekv\u00e4mt. S\u00e4ker, diskret och snabb leverans 2024","breadcrumb":{"@id":"https:\/\/chemsmedstoreonline.com\/product\/kopa-imovane-utan-recept\/#breadcrumb"},"inLanguage":"en-US","potentialAction":[{"@type":"ReadAction","target":["https:\/\/chemsmedstoreonline.com\/product\/kopa-imovane-utan-recept\/"]}]},{"@type":"ImageObject","inLanguage":"en-US","@id":"https:\/\/chemsmedstoreonline.com\/product\/kopa-imovane-utan-recept\/#primaryimage","url":"https:\/\/chemsmedstoreonline.com\/wp-content\/uploads\/2023\/11\/H0005239.png","contentUrl":"https:\/\/chemsmedstoreonline.com\/wp-content\/uploads\/2023\/11\/H0005239.png","width":500,"height":500,"caption":"k\u00f6pa imovane utan recept"},{"@type":"BreadcrumbList","@id":"https:\/\/chemsmedstoreonline.com\/product\/kopa-imovane-utan-recept\/#breadcrumb","itemListElement":[{"@type":"ListItem","position":1,"name":"Home","item":"https:\/\/chemsmedstoreonline.com\/en\/"},{"@type":"ListItem","position":2,"name":"All products","item":"https:\/\/chemsmedstoreonline.com\/all-products\/"},{"@type":"ListItem","position":3,"name":"Imovane 7.5mg (ZOPICLONE)"}]},{"@type":"WebSite","@id":"https:\/\/chemsmedstoreonline.com\/en\/#website","url":"https:\/\/chemsmedstoreonline.com\/en\/","name":"Chem Med Store Online","description":"","publisher":{"@id":"https:\/\/chemsmedstoreonline.com\/en\/#organization"},"potentialAction":[{"@type":"SearchAction","target":{"@type":"EntryPoint","urlTemplate":"https:\/\/chemsmedstoreonline.com\/en\/?s={search_term_string}"},"query-input":{"@type":"PropertyValueSpecification","valueRequired":true,"valueName":"search_term_string"}}],"inLanguage":"en-US"},{"@type":"Organization","@id":"https:\/\/chemsmedstoreonline.com\/en\/#organization","name":"Chem Med Store Online","url":"https:\/\/chemsmedstoreonline.com\/en\/","logo":{"@type":"ImageObject","inLanguage":"en-US","@id":"https:\/\/chemsmedstoreonline.com\/en\/#\/schema\/logo\/image\/","url":"https:\/\/chemsmedstoreonline.com\/wp-content\/uploads\/2023\/11\/cropped-pharmacy.png","contentUrl":"https:\/\/chemsmedstoreonline.com\/wp-content\/uploads\/2023\/11\/cropped-pharmacy.png","width":512,"height":512,"caption":"Chem Med Store Online"},"image":{"@id":"https:\/\/chemsmedstoreonline.com\/en\/#\/schema\/logo\/image\/"}}]}},"jetpack_sharing_enabled":true,"_links":{"self":[{"href":"https:\/\/chemsmedstoreonline.com\/en\/wp-json\/wp\/v2\/product\/37241","targetHints":{"allow":["GET"]}}],"collection":[{"href":"https:\/\/chemsmedstoreonline.com\/en\/wp-json\/wp\/v2\/product"}],"about":[{"href":"https:\/\/chemsmedstoreonline.com\/en\/wp-json\/wp\/v2\/types\/product"}],"replies":[{"embeddable":true,"href":"https:\/\/chemsmedstoreonline.com\/en\/wp-json\/wp\/v2\/comments?post=37241"}],"wp:featuredmedia":[{"embeddable":true,"href":"https:\/\/chemsmedstoreonline.com\/en\/wp-json\/wp\/v2\/media\/37460"}],"wp:attachment":[{"href":"https:\/\/chemsmedstoreonline.com\/en\/wp-json\/wp\/v2\/media?parent=37241"}],"wp:term":[{"taxonomy":"product_brand","embeddable":true,"href":"https:\/\/chemsmedstoreonline.com\/en\/wp-json\/wp\/v2\/product_brand?post=37241"},{"taxonomy":"product_cat","embeddable":true,"href":"https:\/\/chemsmedstoreonline.com\/en\/wp-json\/wp\/v2\/product_cat?post=37241"},{"taxonomy":"product_tag","embeddable":true,"href":"https:\/\/chemsmedstoreonline.com\/en\/wp-json\/wp\/v2\/product_tag?post=37241"}],"curies":[{"name":"wp","href":"https:\/\/api.w.org\/{rel}","templated":true}]}}