{"id":37249,"date":"2023-11-20T10:29:10","date_gmt":"2023-11-20T10:29:10","guid":{"rendered":"https:\/\/medicalsolutions72.com\/product\/morfin-2\/"},"modified":"2025-11-01T01:26:21","modified_gmt":"2025-11-01T01:26:21","slug":"kopa-morfin","status":"publish","type":"product","link":"https:\/\/chemsmedstoreonline.com\/en\/product\/kopa-morfin\/","title":{"rendered":"Morfin"},"content":{"rendered":"<div>\n<h2>k\u00f6pa morfin utan recept<\/h2>\n<\/div>\n<p>Morfintabletter fungerar bra f\u00f6r att behandla m\u00e5nga olika typer av sm\u00e4rta, inklusive kronisk sm\u00e4rta, sm\u00e4rta efter operation och cancersm\u00e4rta. K\u00f6pa morfin lindrar och minskar sm\u00e4rta genom att p\u00e5verka sm\u00e4rtreceptorer i ryggm\u00e4rgen och hj\u00e4rnan.<\/p>\n<p>Det finns m\u00e5nga f\u00f6rdelar med att k\u00f6pa morfin online fr\u00e5n v\u00e5rt <a href=\"https:\/\/medicalsolutions72.com\/bestalla-receptbelagd-medicin-pa-natet\/\">onlineapotek<\/a> i Sverige, Danmark och Norge. Vi erbjuder f\u00f6rst bekv\u00e4mlighet och diskretion. Du kan enkelt best\u00e4lla morfin fr\u00e5n oss utan att l\u00e4mna din egen bostad. Dessutom, f\u00f6r att skydda din integritet, skickas alla best\u00e4llningar i diskreta paket.<\/p>\n<p>Den aktiva substansen i varje dos av morfin best\u00e4mmer dess styrka. 10 mg, 20 mg, 30 mg och 50 mg \u00e4r styrkor som \u00e4r vanliga. L\u00e4karen kommer att ordinera l\u00e4mplig styrka baserat p\u00e5 din sm\u00e4rtagrad.<\/p>\n<div>\n<h3>k\u00f6pa l\u00e4kemedel p\u00e5 n\u00e4tet<\/h3>\n<\/div>\n<p>F\u00f6r det andra tillhandah\u00e5ller vi morfintabletter av h\u00f6g kvalitet till konkurrenskraftiga priser. F\u00f6r att s\u00e4kerst\u00e4lla att v\u00e5ra produkter uppfyller h\u00f6ga kvalitetsstandarder samarbetar vi med p\u00e5litliga tillverkare och leverant\u00f6rer. V\u00e5rt m\u00e5l \u00e4r att ge v\u00e5ra kunder det b\u00e4sta m\u00f6jliga v\u00e4rdet f\u00f6r sina pengar.<\/p>\n<p>F\u00f6r det tredje erbjuder vi p\u00e5litlig och snabb leverans till morfin 10 mg, morfin 20 mg, morfin 30 mg, morfin 60 mg. Vi str\u00e4var efter att leverera dina best\u00e4llningar s\u00e5 snabbt som m\u00f6jligt eftersom vi vet hur viktigt det \u00e4r att lindra sm\u00e4rta. V\u00e5rt effektiva leveranssystem garanterar att dina morfintabletter kommer till dig i tid.<\/p>\n<p>Slutligen har v\u00e5rt virtuella morfin apotek f\u00e5tt licens och reglering f\u00f6r att s\u00e4lja morfintabletter. Detta s\u00e4kerst\u00e4ller att du f\u00e5r en produkt som \u00e4r p\u00e5litlig och s\u00e4ker. F\u00f6r att s\u00e4kerst\u00e4lla att v\u00e5ra kunder f\u00e5r \u00e4kta och h\u00f6gkvalitativa morfintabletter, f\u00f6ljer vi alla <a href=\"https:\/\/vardgivare.regionorebrolan.se\/siteassets\/media\/vardriktlinjer\/lakemedelscentrum\/hantering-av-lakemedel\/lakemedelshantering-inom-kommunal-halso--och-sjukvard\/riktlinje-ordination-och-hantering-av-lakemedel---lakemedelshantering-i-kommunal-halso--och-sjukvard-orebro-lan.pdf\">relevanta lagar och f\u00f6reskrifter<\/a>.<\/p>\n<h3>Dosering och hur man anv\u00e4nder<\/h3>\n<p>Att f\u00f6lja l\u00e4karens instruktioner och den dosering som anges p\u00e5 f\u00f6rpackningen \u00e4r avg\u00f6rande f\u00f6r att ta morfin p\u00e5 r\u00e4tt s\u00e4tt. Morfin kan tas med eller utan mat, men om det orsakar magbesv\u00e4r \u00e4r det b\u00e4ttre att ta det med mat.<\/p>\n<p>Sv\u00e4lj morfintabletter eller kapslar helt med vatten. Det \u00e4r viktigt att inte bryta tabletterna i sm\u00e5 bitar, eftersom det kan p\u00e5verka hur medicinen absorberas av kroppen.<\/p>\n<p>F\u00f6r att m\u00e4ta r\u00e4tt m\u00e4ngd morfin som \u00e4r flytande, anv\u00e4nd en doseringspipett eller m\u00e4tb\u00e4gare. F\u00f6lj doseringsanvisningarna noggrant och skaka flaskan v\u00e4l innan du anv\u00e4nder den.<\/p>\n<p>Morfin kan ocks\u00e5 ges intraven\u00f6st om det beh\u00f6vs. F\u00f6r det mesta g\u00f6rs detta p\u00e5 sjukhus eller av v\u00e5rdpersonal. Det \u00e4r vanligt att f\u00e5 en injektion i en muskel eller direkt i en ven.<\/p>\n<p><em>\u00a0 \u00a0 \u00a0 Det \u00e4r viktigt att h\u00e5lla sig till den rekommenderade dosen av morfin och inte \u00f6verskrida den. Mycket morfin kan ha allvarliga biverkningar och vara farligt.<\/em><\/p>\n<p>K<\/p>","protected":false},"excerpt":{"rendered":"<p>I Sverige, Danmark och Norge \u00e4r det b\u00e4sta s\u00e4ttet att f\u00e5 morfin fr\u00e5n v\u00e5rt onlineapotek. Vi erbjuder snabb leverans, h\u00f6g kvalitet, bekv\u00e4mlighet och diskretion. Vi ger v\u00e5ra kunder den b\u00e4sta upplevelsen och sm\u00e4rtlindring de kan t\u00e4nka sig. Upplev skillnaden n\u00e4r du k\u00f6pa morfin utan recept fr\u00e5n oss idag.<\/p>","protected":false},"featured_media":37472,"comment_status":"open","ping_status":"closed","template":"","meta":[],"product_brand":[],"product_cat":[219],"product_tag":[497,490,488,489,494,495,493,480,491,492,496],"class_list":{"0":"post-37249","1":"product","2":"type-product","3":"status-publish","4":"has-post-thumbnail","6":"product_cat-smartstillande-piller","7":"product_tag-100-mg-morfin","8":"product_tag-citodon-morfin","9":"product_tag-hostmedicin-med-morfin","10":"product_tag-hostmedicin-morfin","11":"product_tag-medicin-med-morfin","12":"product_tag-morfin-alternova-10-mg-pris","13":"product_tag-morfin-och-kodein","14":"product_tag-oxynorm-morfin","15":"product_tag-smartstillande-lakemedel-med-morfin","16":"product_tag-smartstillande-morfin","17":"product_tag-stark-hostmedicin-med-morfin","18":"description-off","20":"first","21":"instock","22":"sale","23":"shipping-taxable","24":"purchasable","25":"product-type-variable"},"yoast_head":"<!-- This site is optimized with the Yoast SEO Premium plugin v26.2 (Yoast SEO v27.0) - https:\/\/yoast.com\/product\/yoast-seo-premium-wordpress\/ -->\n<title>K\u00f6pa morfin online utan recept 2025| Best\u00e4lla medicin p\u00e5 n\u00e4tet<\/title>\n<meta name=\"description\" content=\"k\u00f6pa morfin utan recept, f\u00e5 dina mediciner levererade direkt till din d\u00f6rr - enkelt och bekv\u00e4mt. S\u00e4ker, diskret och snabb leverans 2024\" \/>\n<meta name=\"robots\" content=\"index, follow, max-snippet:-1, max-image-preview:large, max-video-preview:-1\" \/>\n<link rel=\"canonical\" href=\"https:\/\/chemsmedstoreonline.com\/en\/product\/kopa-morfin\/\" \/>\n<meta property=\"og:locale\" content=\"en_US\" \/>\n<meta property=\"og:type\" content=\"article\" \/>\n<meta property=\"og:title\" content=\"Morfin\" \/>\n<meta property=\"og:description\" content=\"k\u00f6pa morfin utan recept, f\u00e5 dina mediciner levererade direkt till din d\u00f6rr - enkelt och bekv\u00e4mt. S\u00e4ker, diskret och snabb leverans 2024\" \/>\n<meta property=\"og:url\" content=\"https:\/\/chemsmedstoreonline.com\/en\/product\/kopa-morfin\/\" \/>\n<meta property=\"og:site_name\" content=\"Chems Med Store Online\" \/>\n<meta property=\"article:modified_time\" content=\"2025-11-01T01:26:21+00:00\" \/>\n<meta property=\"og:image\" content=\"https:\/\/chemsmedstoreonline.com\/wp-content\/uploads\/2023\/11\/06e58d5b3860b9d0a4406872a707de1d.png\" \/>\n\t<meta property=\"og:image:width\" content=\"636\" \/>\n\t<meta property=\"og:image:height\" content=\"414\" \/>\n\t<meta property=\"og:image:type\" content=\"image\/png\" \/>\n<meta name=\"twitter:card\" content=\"summary_large_image\" \/>\n<meta name=\"twitter:label1\" content=\"Est. reading time\" \/>\n\t<meta name=\"twitter:data1\" content=\"3 minutes\" \/>\n<script type=\"application\/ld+json\" class=\"yoast-schema-graph\">{\"@context\":\"https:\/\/schema.org\",\"@graph\":[{\"@type\":\"WebPage\",\"@id\":\"https:\/\/chemsmedstoreonline.com\/product\/kopa-morfin\/\",\"url\":\"https:\/\/chemsmedstoreonline.com\/product\/kopa-morfin\/\",\"name\":\"K\u00f6pa morfin online utan recept 2025| Best\u00e4lla medicin p\u00e5 n\u00e4tet\",\"isPartOf\":{\"@id\":\"https:\/\/chemsmedstoreonline.com\/en\/#website\"},\"primaryImageOfPage\":{\"@id\":\"https:\/\/chemsmedstoreonline.com\/product\/kopa-morfin\/#primaryimage\"},\"image\":{\"@id\":\"https:\/\/chemsmedstoreonline.com\/product\/kopa-morfin\/#primaryimage\"},\"thumbnailUrl\":\"https:\/\/chemsmedstoreonline.com\/wp-content\/uploads\/2023\/11\/06e58d5b3860b9d0a4406872a707de1d.png\",\"datePublished\":\"2023-11-20T10:29:10+00:00\",\"dateModified\":\"2025-11-01T01:26:21+00:00\",\"description\":\"k\u00f6pa morfin utan recept, f\u00e5 dina mediciner levererade direkt till din d\u00f6rr - enkelt och bekv\u00e4mt. S\u00e4ker, diskret och snabb leverans 2024\",\"breadcrumb\":{\"@id\":\"https:\/\/chemsmedstoreonline.com\/product\/kopa-morfin\/#breadcrumb\"},\"inLanguage\":\"en-US\",\"potentialAction\":[{\"@type\":\"ReadAction\",\"target\":[\"https:\/\/chemsmedstoreonline.com\/product\/kopa-morfin\/\"]}]},{\"@type\":\"ImageObject\",\"inLanguage\":\"en-US\",\"@id\":\"https:\/\/chemsmedstoreonline.com\/product\/kopa-morfin\/#primaryimage\",\"url\":\"https:\/\/chemsmedstoreonline.com\/wp-content\/uploads\/2023\/11\/06e58d5b3860b9d0a4406872a707de1d.png\",\"contentUrl\":\"https:\/\/chemsmedstoreonline.com\/wp-content\/uploads\/2023\/11\/06e58d5b3860b9d0a4406872a707de1d.png\",\"width\":636,\"height\":414,\"caption\":\"k\u00f6pa morfin\"},{\"@type\":\"BreadcrumbList\",\"@id\":\"https:\/\/chemsmedstoreonline.com\/product\/kopa-morfin\/#breadcrumb\",\"itemListElement\":[{\"@type\":\"ListItem\",\"position\":1,\"name\":\"Home\",\"item\":\"https:\/\/chemsmedstoreonline.com\/en\/\"},{\"@type\":\"ListItem\",\"position\":2,\"name\":\"All products\",\"item\":\"https:\/\/chemsmedstoreonline.com\/all-products\/\"},{\"@type\":\"ListItem\",\"position\":3,\"name\":\"Morfin\"}]},{\"@type\":\"WebSite\",\"@id\":\"https:\/\/chemsmedstoreonline.com\/en\/#website\",\"url\":\"https:\/\/chemsmedstoreonline.com\/en\/\",\"name\":\"Chem Med Store Online\",\"description\":\"\",\"publisher\":{\"@id\":\"https:\/\/chemsmedstoreonline.com\/en\/#organization\"},\"potentialAction\":[{\"@type\":\"SearchAction\",\"target\":{\"@type\":\"EntryPoint\",\"urlTemplate\":\"https:\/\/chemsmedstoreonline.com\/en\/?s={search_term_string}\"},\"query-input\":{\"@type\":\"PropertyValueSpecification\",\"valueRequired\":true,\"valueName\":\"search_term_string\"}}],\"inLanguage\":\"en-US\"},{\"@type\":\"Organization\",\"@id\":\"https:\/\/chemsmedstoreonline.com\/en\/#organization\",\"name\":\"Chem Med Store Online\",\"url\":\"https:\/\/chemsmedstoreonline.com\/en\/\",\"logo\":{\"@type\":\"ImageObject\",\"inLanguage\":\"en-US\",\"@id\":\"https:\/\/chemsmedstoreonline.com\/en\/#\/schema\/logo\/image\/\",\"url\":\"https:\/\/chemsmedstoreonline.com\/wp-content\/uploads\/2023\/11\/cropped-pharmacy.png\",\"contentUrl\":\"https:\/\/chemsmedstoreonline.com\/wp-content\/uploads\/2023\/11\/cropped-pharmacy.png\",\"width\":512,\"height\":512,\"caption\":\"Chem Med Store Online\"},\"image\":{\"@id\":\"https:\/\/chemsmedstoreonline.com\/en\/#\/schema\/logo\/image\/\"}}]}<\/script>\n<!-- \/ Yoast SEO Premium plugin. -->","yoast_head_json":{"title":"K\u00f6pa morfin online utan recept 2025| Best\u00e4lla medicin p\u00e5 n\u00e4tet","description":"k\u00f6pa morfin utan recept, f\u00e5 dina mediciner levererade direkt till din d\u00f6rr - enkelt och bekv\u00e4mt. S\u00e4ker, diskret och snabb leverans 2024","robots":{"index":"index","follow":"follow","max-snippet":"max-snippet:-1","max-image-preview":"max-image-preview:large","max-video-preview":"max-video-preview:-1"},"canonical":"https:\/\/chemsmedstoreonline.com\/en\/product\/kopa-morfin\/","og_locale":"en_US","og_type":"article","og_title":"Morfin","og_description":"k\u00f6pa morfin utan recept, f\u00e5 dina mediciner levererade direkt till din d\u00f6rr - enkelt och bekv\u00e4mt. S\u00e4ker, diskret och snabb leverans 2024","og_url":"https:\/\/chemsmedstoreonline.com\/en\/product\/kopa-morfin\/","og_site_name":"Chems Med Store Online","article_modified_time":"2025-11-01T01:26:21+00:00","og_image":[{"width":636,"height":414,"url":"https:\/\/chemsmedstoreonline.com\/wp-content\/uploads\/2023\/11\/06e58d5b3860b9d0a4406872a707de1d.png","type":"image\/png"}],"twitter_card":"summary_large_image","twitter_misc":{"Est. reading time":"3 minutes"},"schema":{"@context":"https:\/\/schema.org","@graph":[{"@type":"WebPage","@id":"https:\/\/chemsmedstoreonline.com\/product\/kopa-morfin\/","url":"https:\/\/chemsmedstoreonline.com\/product\/kopa-morfin\/","name":"K\u00f6pa morfin online utan recept 2025| Best\u00e4lla medicin p\u00e5 n\u00e4tet","isPartOf":{"@id":"https:\/\/chemsmedstoreonline.com\/en\/#website"},"primaryImageOfPage":{"@id":"https:\/\/chemsmedstoreonline.com\/product\/kopa-morfin\/#primaryimage"},"image":{"@id":"https:\/\/chemsmedstoreonline.com\/product\/kopa-morfin\/#primaryimage"},"thumbnailUrl":"https:\/\/chemsmedstoreonline.com\/wp-content\/uploads\/2023\/11\/06e58d5b3860b9d0a4406872a707de1d.png","datePublished":"2023-11-20T10:29:10+00:00","dateModified":"2025-11-01T01:26:21+00:00","description":"k\u00f6pa morfin utan recept, f\u00e5 dina mediciner levererade direkt till din d\u00f6rr - enkelt och bekv\u00e4mt. S\u00e4ker, diskret och snabb leverans 2024","breadcrumb":{"@id":"https:\/\/chemsmedstoreonline.com\/product\/kopa-morfin\/#breadcrumb"},"inLanguage":"en-US","potentialAction":[{"@type":"ReadAction","target":["https:\/\/chemsmedstoreonline.com\/product\/kopa-morfin\/"]}]},{"@type":"ImageObject","inLanguage":"en-US","@id":"https:\/\/chemsmedstoreonline.com\/product\/kopa-morfin\/#primaryimage","url":"https:\/\/chemsmedstoreonline.com\/wp-content\/uploads\/2023\/11\/06e58d5b3860b9d0a4406872a707de1d.png","contentUrl":"https:\/\/chemsmedstoreonline.com\/wp-content\/uploads\/2023\/11\/06e58d5b3860b9d0a4406872a707de1d.png","width":636,"height":414,"caption":"k\u00f6pa morfin"},{"@type":"BreadcrumbList","@id":"https:\/\/chemsmedstoreonline.com\/product\/kopa-morfin\/#breadcrumb","itemListElement":[{"@type":"ListItem","position":1,"name":"Home","item":"https:\/\/chemsmedstoreonline.com\/en\/"},{"@type":"ListItem","position":2,"name":"All products","item":"https:\/\/chemsmedstoreonline.com\/all-products\/"},{"@type":"ListItem","position":3,"name":"Morfin"}]},{"@type":"WebSite","@id":"https:\/\/chemsmedstoreonline.com\/en\/#website","url":"https:\/\/chemsmedstoreonline.com\/en\/","name":"Chem Med Store Online","description":"","publisher":{"@id":"https:\/\/chemsmedstoreonline.com\/en\/#organization"},"potentialAction":[{"@type":"SearchAction","target":{"@type":"EntryPoint","urlTemplate":"https:\/\/chemsmedstoreonline.com\/en\/?s={search_term_string}"},"query-input":{"@type":"PropertyValueSpecification","valueRequired":true,"valueName":"search_term_string"}}],"inLanguage":"en-US"},{"@type":"Organization","@id":"https:\/\/chemsmedstoreonline.com\/en\/#organization","name":"Chem Med Store Online","url":"https:\/\/chemsmedstoreonline.com\/en\/","logo":{"@type":"ImageObject","inLanguage":"en-US","@id":"https:\/\/chemsmedstoreonline.com\/en\/#\/schema\/logo\/image\/","url":"https:\/\/chemsmedstoreonline.com\/wp-content\/uploads\/2023\/11\/cropped-pharmacy.png","contentUrl":"https:\/\/chemsmedstoreonline.com\/wp-content\/uploads\/2023\/11\/cropped-pharmacy.png","width":512,"height":512,"caption":"Chem Med Store Online"},"image":{"@id":"https:\/\/chemsmedstoreonline.com\/en\/#\/schema\/logo\/image\/"}}]}},"jetpack_sharing_enabled":true,"_links":{"self":[{"href":"https:\/\/chemsmedstoreonline.com\/en\/wp-json\/wp\/v2\/product\/37249","targetHints":{"allow":["GET"]}}],"collection":[{"href":"https:\/\/chemsmedstoreonline.com\/en\/wp-json\/wp\/v2\/product"}],"about":[{"href":"https:\/\/chemsmedstoreonline.com\/en\/wp-json\/wp\/v2\/types\/product"}],"replies":[{"embeddable":true,"href":"https:\/\/chemsmedstoreonline.com\/en\/wp-json\/wp\/v2\/comments?post=37249"}],"wp:featuredmedia":[{"embeddable":true,"href":"https:\/\/chemsmedstoreonline.com\/en\/wp-json\/wp\/v2\/media\/37472"}],"wp:attachment":[{"href":"https:\/\/chemsmedstoreonline.com\/en\/wp-json\/wp\/v2\/media?parent=37249"}],"wp:term":[{"taxonomy":"product_brand","embeddable":true,"href":"https:\/\/chemsmedstoreonline.com\/en\/wp-json\/wp\/v2\/product_brand?post=37249"},{"taxonomy":"product_cat","embeddable":true,"href":"https:\/\/chemsmedstoreonline.com\/en\/wp-json\/wp\/v2\/product_cat?post=37249"},{"taxonomy":"product_tag","embeddable":true,"href":"https:\/\/chemsmedstoreonline.com\/en\/wp-json\/wp\/v2\/product_tag?post=37249"}],"curies":[{"name":"wp","href":"https:\/\/api.w.org\/{rel}","templated":true}]}}