{"id":37265,"date":"2023-11-20T11:51:49","date_gmt":"2023-11-20T11:51:49","guid":{"rendered":"https:\/\/medicalsolutions72.com\/product\/kop-adderall-30mg-kop-piller-online-kop-droger-online\/"},"modified":"2025-11-01T01:03:36","modified_gmt":"2025-11-01T01:03:36","slug":"adderall-kopa","status":"publish","type":"product","link":"https:\/\/chemsmedstoreonline.com\/en\/product\/adderall-kopa\/","title":{"rendered":"Adderall k\u00f6pa 30mg"},"content":{"rendered":"<h2>Adderall sverige<\/h2>\n<p>Adderall \u00e4r en medicin som anv\u00e4nds f\u00f6r att behandla <a href=\"https:\/\/sveapsykologerna.se\/adhd-autism-utredningar?gad_source=1&amp;gclid=CjwKCAiAvJarBhA1EiwAGgZl0Bo0ihTm0JzEB9nQSUmj3YydAty8CFFDPX2xSev9_aP4E7JWilulwhoCvmIQAvD_BwE\">narkolepsi och ADHD<\/a>. Det \u00e4r en blandning av centralstimulerande medel som amfetamin och dextroamfetamin, som b\u00e5da har f\u00f6rm\u00e5gan att p\u00e5verka hj\u00e4rnans signalsubstanser genom att \u00f6ka koncentrationen och minska impulsiviteten.<\/p>\n<p>Av flera sk\u00e4l \u00e4r det b\u00e4sta s\u00e4ttet att <a href=\"https:\/\/medicalsolutions72.com\/kontakt\/\">k\u00f6pa Adderall fr\u00e5n oss i Sverige<\/a> och andra nordiska l\u00e4nder. F\u00f6rst och fr\u00e4mst erbjuder vi \u00e4kta och av h\u00f6gsta kvalitet Adderall-produkter. F\u00f6r att s\u00e4kerst\u00e4lla att v\u00e5ra kunder f\u00e5r mediciner av h\u00f6gsta kvalitet samarbetar vi endast med p\u00e5litliga tillverkare och leverant\u00f6rer.<\/p>\n<p>F\u00f6r det andra garanterar vi en diskret och bekv\u00e4m k\u00f6pupplevelse. Kunderna kan undvika att g\u00e5 till ett fysiskt apotek och f\u00e5 medicinen levererad direkt till sin d\u00f6rr genom att best\u00e4lla Adderall fr\u00e5n oss. Vi hanterar alla best\u00e4llningar s\u00e4kert och konfidentiellt eftersom vi skyddar v\u00e5ra kunders integritet.<\/p>\n<h2>K\u00f6p adderall<\/h2>\n<p>F\u00f6r det tredje erbjuder vi billiga Adderall-priser. Vi str\u00e4var efter att erbjuda de b\u00e4sta priserna p\u00e5 marknaden eftersom vi f\u00f6rst\u00e5r vikten av att g\u00f6ra medicinen tillg\u00e4nglig f\u00f6r alla som beh\u00f6ver den. V\u00e5ra kunder kan spara pengar genom att k\u00f6pa Adderall fr\u00e5n oss samtidigt som de f\u00e5r tillg\u00e5ng till en effektiv behandling f\u00f6r <a href=\"https:\/\/www.cannabisdischarge.com\/product\/death-star-gummies-500mg\/\">ADHD<\/a> eller narkolepsi.<\/p>\n<p>Dessutom tillhandah\u00e5ller vi p\u00e5litliga och snabba leveranser till Sverige och andra nordiska l\u00e4nder. Vi har etablerat samarbeten med p\u00e5litliga leverant\u00f6rer f\u00f6r att v\u00e5rt onlineapotek ska kunna garantera att v\u00e5ra kunder f\u00e5r sina best\u00e4llningar i tid och i gott skick. V\u00e5rt m\u00e5l \u00e4r att g\u00f6ra k\u00f6pupplevelsen s\u00e5 enkel och bekv\u00e4m som m\u00f6jligt f\u00f6r v\u00e5ra kunder.<\/p>\n<p>Vi ett onlineapotek med licens som f\u00f6ljer alla g\u00e4llande regler och f\u00f6reskrifter. Vi s\u00e4kerst\u00e4ller att v\u00e5ra kunder f\u00e5r \u00e4kta och s\u00e4kra l\u00e4kemedel av h\u00f6gsta kvalitet. Vi garanterar att alla produkter vi tillhandah\u00e5ller \u00e4r noggrant testade och godk\u00e4nda f\u00f6r att skydda v\u00e5ra kunders h\u00e4lsa och v\u00e4lbefinnande.<\/p>","protected":false},"excerpt":{"rendered":"<p>V\u00e5rt onlineapotek det b\u00e4sta valet f\u00f6r dig om du letar efter en p\u00e5litlig och bekv\u00e4m plats att k\u00f6pa Adderall. Vi erbjuder konkurrenskraftiga priser, h\u00f6gkvalitativa produkter och snabba leveranser till Sverige och andra nordiska l\u00e4nder. Upplev f\u00f6rdelarna med att handla fr\u00e5n oss n\u00e4r du k\u00f6per Adderall fr\u00e5n oss idag. K\u00f6p Adderall i Sverige, k\u00f6p Adderall, k\u00f6pa Adderall, Adderall k\u00f6pa, k\u00f6pa Adderall svenska.<\/p>","protected":false},"featured_media":37782,"comment_status":"open","ping_status":"closed","template":"","meta":[],"product_brand":[],"product_cat":[220],"product_tag":[459,456,460,457,453,454,458,455],"class_list":{"0":"post-37265","1":"product","2":"type-product","3":"status-publish","4":"has-post-thumbnail","6":"product_cat-add-adhd","7":"product_tag-adderall-for-depression","8":"product_tag-adderall-kopa","9":"product_tag-adderall-no-prescription","10":"product_tag-adderall-portugal","11":"product_tag-adderall-svenska","12":"product_tag-adderall-sverige","13":"product_tag-adderall-","14":"product_tag-vad-ar-adderall","15":"description-off","17":"first","18":"instock","19":"sale","20":"shipping-taxable","21":"purchasable","22":"product-type-variable"},"yoast_head":"<!-- This site is optimized with the Yoast SEO Premium plugin v26.2 (Yoast SEO v27.0) - https:\/\/yoast.com\/product\/yoast-seo-premium-wordpress\/ -->\n<title>Adderall k\u00f6pa 30mg - K\u00f6pa l\u00e4kemedel utan recept 2024<\/title>\n<meta name=\"description\" content=\"K\u00f6p adderall k\u00f6pa utan recept, f\u00e5 dina mediciner levererade direkt till din d\u00f6rr - enkelt och bekv\u00e4mt. S\u00e4ker, diskret och snabb leverans 2024\" \/>\n<meta name=\"robots\" content=\"index, follow, max-snippet:-1, max-image-preview:large, max-video-preview:-1\" \/>\n<link rel=\"canonical\" href=\"https:\/\/chemsmedstoreonline.com\/en\/product\/adderall-kopa\/\" \/>\n<meta property=\"og:locale\" content=\"en_US\" \/>\n<meta property=\"og:type\" content=\"article\" \/>\n<meta property=\"og:title\" content=\"Adderall k\u00f6pa 30mg\" \/>\n<meta property=\"og:description\" content=\"K\u00f6p adderall k\u00f6pa utan recept, f\u00e5 dina mediciner levererade direkt till din d\u00f6rr - enkelt och bekv\u00e4mt. S\u00e4ker, diskret och snabb leverans 2024\" \/>\n<meta property=\"og:url\" content=\"https:\/\/chemsmedstoreonline.com\/en\/product\/adderall-kopa\/\" \/>\n<meta property=\"og:site_name\" content=\"Chems Med Store Online\" \/>\n<meta property=\"article:modified_time\" content=\"2025-11-01T01:03:36+00:00\" \/>\n<meta property=\"og:image\" content=\"https:\/\/chemsmedstoreonline.com\/wp-content\/uploads\/2023\/11\/1-3.png\" \/>\n\t<meta property=\"og:image:width\" content=\"450\" \/>\n\t<meta property=\"og:image:height\" content=\"450\" \/>\n\t<meta property=\"og:image:type\" content=\"image\/png\" \/>\n<meta name=\"twitter:card\" content=\"summary_large_image\" \/>\n<meta name=\"twitter:label1\" content=\"Est. reading time\" \/>\n\t<meta name=\"twitter:data1\" content=\"2 minutes\" \/>\n<script type=\"application\/ld+json\" class=\"yoast-schema-graph\">{\"@context\":\"https:\/\/schema.org\",\"@graph\":[{\"@type\":\"WebPage\",\"@id\":\"https:\/\/chemsmedstoreonline.com\/product\/adderall-kopa\/\",\"url\":\"https:\/\/chemsmedstoreonline.com\/product\/adderall-kopa\/\",\"name\":\"Adderall k\u00f6pa 30mg - K\u00f6pa l\u00e4kemedel utan recept 2024\",\"isPartOf\":{\"@id\":\"https:\/\/chemsmedstoreonline.com\/en\/#website\"},\"primaryImageOfPage\":{\"@id\":\"https:\/\/chemsmedstoreonline.com\/product\/adderall-kopa\/#primaryimage\"},\"image\":{\"@id\":\"https:\/\/chemsmedstoreonline.com\/product\/adderall-kopa\/#primaryimage\"},\"thumbnailUrl\":\"https:\/\/chemsmedstoreonline.com\/wp-content\/uploads\/2023\/11\/1-3.png\",\"datePublished\":\"2023-11-20T11:51:49+00:00\",\"dateModified\":\"2025-11-01T01:03:36+00:00\",\"description\":\"K\u00f6p adderall k\u00f6pa utan recept, f\u00e5 dina mediciner levererade direkt till din d\u00f6rr - enkelt och bekv\u00e4mt. S\u00e4ker, diskret och snabb leverans 2024\",\"breadcrumb\":{\"@id\":\"https:\/\/chemsmedstoreonline.com\/product\/adderall-kopa\/#breadcrumb\"},\"inLanguage\":\"en-US\",\"potentialAction\":[{\"@type\":\"ReadAction\",\"target\":[\"https:\/\/chemsmedstoreonline.com\/product\/adderall-kopa\/\"]}]},{\"@type\":\"ImageObject\",\"inLanguage\":\"en-US\",\"@id\":\"https:\/\/chemsmedstoreonline.com\/product\/adderall-kopa\/#primaryimage\",\"url\":\"https:\/\/chemsmedstoreonline.com\/wp-content\/uploads\/2023\/11\/1-3.png\",\"contentUrl\":\"https:\/\/chemsmedstoreonline.com\/wp-content\/uploads\/2023\/11\/1-3.png\",\"width\":450,\"height\":450,\"caption\":\"adderall k\u00f6pa\"},{\"@type\":\"BreadcrumbList\",\"@id\":\"https:\/\/chemsmedstoreonline.com\/product\/adderall-kopa\/#breadcrumb\",\"itemListElement\":[{\"@type\":\"ListItem\",\"position\":1,\"name\":\"Home\",\"item\":\"https:\/\/chemsmedstoreonline.com\/en\/\"},{\"@type\":\"ListItem\",\"position\":2,\"name\":\"All products\",\"item\":\"https:\/\/chemsmedstoreonline.com\/all-products\/\"},{\"@type\":\"ListItem\",\"position\":3,\"name\":\"Adderall k\u00f6pa 30mg\"}]},{\"@type\":\"WebSite\",\"@id\":\"https:\/\/chemsmedstoreonline.com\/en\/#website\",\"url\":\"https:\/\/chemsmedstoreonline.com\/en\/\",\"name\":\"Chem Med Store Online\",\"description\":\"\",\"publisher\":{\"@id\":\"https:\/\/chemsmedstoreonline.com\/en\/#organization\"},\"potentialAction\":[{\"@type\":\"SearchAction\",\"target\":{\"@type\":\"EntryPoint\",\"urlTemplate\":\"https:\/\/chemsmedstoreonline.com\/en\/?s={search_term_string}\"},\"query-input\":{\"@type\":\"PropertyValueSpecification\",\"valueRequired\":true,\"valueName\":\"search_term_string\"}}],\"inLanguage\":\"en-US\"},{\"@type\":\"Organization\",\"@id\":\"https:\/\/chemsmedstoreonline.com\/en\/#organization\",\"name\":\"Chem Med Store Online\",\"url\":\"https:\/\/chemsmedstoreonline.com\/en\/\",\"logo\":{\"@type\":\"ImageObject\",\"inLanguage\":\"en-US\",\"@id\":\"https:\/\/chemsmedstoreonline.com\/en\/#\/schema\/logo\/image\/\",\"url\":\"https:\/\/chemsmedstoreonline.com\/wp-content\/uploads\/2023\/11\/cropped-pharmacy.png\",\"contentUrl\":\"https:\/\/chemsmedstoreonline.com\/wp-content\/uploads\/2023\/11\/cropped-pharmacy.png\",\"width\":512,\"height\":512,\"caption\":\"Chem Med Store Online\"},\"image\":{\"@id\":\"https:\/\/chemsmedstoreonline.com\/en\/#\/schema\/logo\/image\/\"}}]}<\/script>\n<!-- \/ Yoast SEO Premium plugin. -->","yoast_head_json":{"title":"Adderall k\u00f6pa 30mg - K\u00f6pa l\u00e4kemedel utan recept 2024","description":"K\u00f6p adderall k\u00f6pa utan recept, f\u00e5 dina mediciner levererade direkt till din d\u00f6rr - enkelt och bekv\u00e4mt. S\u00e4ker, diskret och snabb leverans 2024","robots":{"index":"index","follow":"follow","max-snippet":"max-snippet:-1","max-image-preview":"max-image-preview:large","max-video-preview":"max-video-preview:-1"},"canonical":"https:\/\/chemsmedstoreonline.com\/en\/product\/adderall-kopa\/","og_locale":"en_US","og_type":"article","og_title":"Adderall k\u00f6pa 30mg","og_description":"K\u00f6p adderall k\u00f6pa utan recept, f\u00e5 dina mediciner levererade direkt till din d\u00f6rr - enkelt och bekv\u00e4mt. S\u00e4ker, diskret och snabb leverans 2024","og_url":"https:\/\/chemsmedstoreonline.com\/en\/product\/adderall-kopa\/","og_site_name":"Chems Med Store Online","article_modified_time":"2025-11-01T01:03:36+00:00","og_image":[{"width":450,"height":450,"url":"https:\/\/chemsmedstoreonline.com\/wp-content\/uploads\/2023\/11\/1-3.png","type":"image\/png"}],"twitter_card":"summary_large_image","twitter_misc":{"Est. reading time":"2 minutes"},"schema":{"@context":"https:\/\/schema.org","@graph":[{"@type":"WebPage","@id":"https:\/\/chemsmedstoreonline.com\/product\/adderall-kopa\/","url":"https:\/\/chemsmedstoreonline.com\/product\/adderall-kopa\/","name":"Adderall k\u00f6pa 30mg - K\u00f6pa l\u00e4kemedel utan recept 2024","isPartOf":{"@id":"https:\/\/chemsmedstoreonline.com\/en\/#website"},"primaryImageOfPage":{"@id":"https:\/\/chemsmedstoreonline.com\/product\/adderall-kopa\/#primaryimage"},"image":{"@id":"https:\/\/chemsmedstoreonline.com\/product\/adderall-kopa\/#primaryimage"},"thumbnailUrl":"https:\/\/chemsmedstoreonline.com\/wp-content\/uploads\/2023\/11\/1-3.png","datePublished":"2023-11-20T11:51:49+00:00","dateModified":"2025-11-01T01:03:36+00:00","description":"K\u00f6p adderall k\u00f6pa utan recept, f\u00e5 dina mediciner levererade direkt till din d\u00f6rr - enkelt och bekv\u00e4mt. S\u00e4ker, diskret och snabb leverans 2024","breadcrumb":{"@id":"https:\/\/chemsmedstoreonline.com\/product\/adderall-kopa\/#breadcrumb"},"inLanguage":"en-US","potentialAction":[{"@type":"ReadAction","target":["https:\/\/chemsmedstoreonline.com\/product\/adderall-kopa\/"]}]},{"@type":"ImageObject","inLanguage":"en-US","@id":"https:\/\/chemsmedstoreonline.com\/product\/adderall-kopa\/#primaryimage","url":"https:\/\/chemsmedstoreonline.com\/wp-content\/uploads\/2023\/11\/1-3.png","contentUrl":"https:\/\/chemsmedstoreonline.com\/wp-content\/uploads\/2023\/11\/1-3.png","width":450,"height":450,"caption":"adderall k\u00f6pa"},{"@type":"BreadcrumbList","@id":"https:\/\/chemsmedstoreonline.com\/product\/adderall-kopa\/#breadcrumb","itemListElement":[{"@type":"ListItem","position":1,"name":"Home","item":"https:\/\/chemsmedstoreonline.com\/en\/"},{"@type":"ListItem","position":2,"name":"All products","item":"https:\/\/chemsmedstoreonline.com\/all-products\/"},{"@type":"ListItem","position":3,"name":"Adderall k\u00f6pa 30mg"}]},{"@type":"WebSite","@id":"https:\/\/chemsmedstoreonline.com\/en\/#website","url":"https:\/\/chemsmedstoreonline.com\/en\/","name":"Chem Med Store Online","description":"","publisher":{"@id":"https:\/\/chemsmedstoreonline.com\/en\/#organization"},"potentialAction":[{"@type":"SearchAction","target":{"@type":"EntryPoint","urlTemplate":"https:\/\/chemsmedstoreonline.com\/en\/?s={search_term_string}"},"query-input":{"@type":"PropertyValueSpecification","valueRequired":true,"valueName":"search_term_string"}}],"inLanguage":"en-US"},{"@type":"Organization","@id":"https:\/\/chemsmedstoreonline.com\/en\/#organization","name":"Chem Med Store Online","url":"https:\/\/chemsmedstoreonline.com\/en\/","logo":{"@type":"ImageObject","inLanguage":"en-US","@id":"https:\/\/chemsmedstoreonline.com\/en\/#\/schema\/logo\/image\/","url":"https:\/\/chemsmedstoreonline.com\/wp-content\/uploads\/2023\/11\/cropped-pharmacy.png","contentUrl":"https:\/\/chemsmedstoreonline.com\/wp-content\/uploads\/2023\/11\/cropped-pharmacy.png","width":512,"height":512,"caption":"Chem Med Store Online"},"image":{"@id":"https:\/\/chemsmedstoreonline.com\/en\/#\/schema\/logo\/image\/"}}]}},"jetpack_sharing_enabled":true,"_links":{"self":[{"href":"https:\/\/chemsmedstoreonline.com\/en\/wp-json\/wp\/v2\/product\/37265","targetHints":{"allow":["GET"]}}],"collection":[{"href":"https:\/\/chemsmedstoreonline.com\/en\/wp-json\/wp\/v2\/product"}],"about":[{"href":"https:\/\/chemsmedstoreonline.com\/en\/wp-json\/wp\/v2\/types\/product"}],"replies":[{"embeddable":true,"href":"https:\/\/chemsmedstoreonline.com\/en\/wp-json\/wp\/v2\/comments?post=37265"}],"wp:featuredmedia":[{"embeddable":true,"href":"https:\/\/chemsmedstoreonline.com\/en\/wp-json\/wp\/v2\/media\/37782"}],"wp:attachment":[{"href":"https:\/\/chemsmedstoreonline.com\/en\/wp-json\/wp\/v2\/media?parent=37265"}],"wp:term":[{"taxonomy":"product_brand","embeddable":true,"href":"https:\/\/chemsmedstoreonline.com\/en\/wp-json\/wp\/v2\/product_brand?post=37265"},{"taxonomy":"product_cat","embeddable":true,"href":"https:\/\/chemsmedstoreonline.com\/en\/wp-json\/wp\/v2\/product_cat?post=37265"},{"taxonomy":"product_tag","embeddable":true,"href":"https:\/\/chemsmedstoreonline.com\/en\/wp-json\/wp\/v2\/product_tag?post=37265"}],"curies":[{"name":"wp","href":"https:\/\/api.w.org\/{rel}","templated":true}]}}