{"id":37541,"date":"2023-11-24T15:43:38","date_gmt":"2023-11-24T15:43:38","guid":{"rendered":"https:\/\/medicalsolutions72.com\/?post_type=product&#038;p=37541"},"modified":"2025-11-01T00:50:31","modified_gmt":"2025-11-01T00:50:31","slug":"kopa-testosteron-gel","status":"publish","type":"product","link":"https:\/\/chemsmedstoreonline.com\/en\/product\/kopa-testosteron-gel\/","title":{"rendered":"Testosteron Gel 50MG (Androgel)"},"content":{"rendered":"<h3>K\u00f6pa Testosteron Gel &#8211; Den B\u00e4sta Optionen f\u00f6r Testosteron Medicinering i Sverige, Danmark och Norge<\/h3>\n<p>V\u00e4lkommen till v\u00e5r <a href=\"https:\/\/medicalsolutions72.com\">onlineapotek<\/a>, d\u00e4r du kan k\u00f6pa testosteron gel, det mest effektiva s\u00e4ttet att \u00f6ka dina testosteronniv\u00e5er. Vi tillhandah\u00e5ller f\u00f6rstklassiga varor som \u00e4r s\u00e4kra och effektiva f\u00f6r att hj\u00e4lpa dig att uppn\u00e5 din b\u00e4sta h\u00e4lsa och v\u00e4lbefinnande.<\/p>\n<p>Kroppens testosteron \u00e4r avg\u00f6rande f\u00f6r kroppens funktioner och p\u00e5verkar allt fr\u00e5n sexuell lust och energiniv\u00e5er till muskelmassa och styrka. Kroppen kan ibland producera ett \u00f6verskott av testosteron, vilket kan orsaka en m\u00e4ngd olika h\u00e4lsoproblem. Kroppen producerar naturligt testosteron med v\u00e5rt testosterongel, som hj\u00e4lper till att \u00e5terst\u00e4lla balansen.<\/p>\n<h3>K\u00f6pa Testosteron Online utan Recept: B\u00e4sta Alternativet f\u00f6r \u00d6kad Testosteronproduktion<\/h3>\n<p><em>Du f\u00e5r f\u00f6ljande f\u00f6rdelar n\u00e4r du k\u00f6pa testosteron utan recept fr\u00e5n v\u00e5rt onlineapotek:<\/em><\/p>\n<p>1. Kvalitetsprodukter: Den testogel k\u00f6pa vi erbjuder \u00e4r den som \u00e4r tillverkad enligt strikta <a href=\"https:\/\/werlabs.se\/blodprov\/testosterontest\/\">kvalitetsstandarder<\/a>. Du kan vara s\u00e4ker p\u00e5 att du f\u00e5r en produkt som fungerar bra och \u00e4r s\u00e4ker.<\/p>\n<p>2. En enkel och diskret f\u00f6rfr\u00e5gan: Att k\u00f6pa testosteron utan recept online fr\u00e5n v\u00e5rt apotek \u00e4r l\u00e4tt och bekv\u00e4mt. Du kan enkelt best\u00e4lla varan fr\u00e5n din dator eller mobiltelefon och f\u00e5 den diskret levererad till din d\u00f6rr.<\/p>\n<p>3. En snabb leveranstid: V\u00e5ra leveranser till Sverige, Danmark och Norge \u00e4r snabba. Du kommer inte att beh\u00f6va v\u00e4nta l\u00e4nge f\u00f6r att f\u00e5 din testosterongel receptfritt. Vi str\u00e4var efter att leverera dina produkter inom en kort tidsram.<\/p>\n<p>4. Konfidentiell och s\u00e4ker: Vi v\u00e4rnar om din integritet och s\u00e4kerhet till k\u00f6pa testosteron utan recept . Alla dina personuppgifter behandlas konfidentiellt och vi anv\u00e4nder s\u00e4kra betalningsmetoder f\u00f6r att skydda dina transaktioner.<\/p>\n<p>5. Kundsupport: V\u00e5rt team av kundsupportexperter finns alltid tillg\u00e4ngliga f\u00f6r att hj\u00e4lpa dig med eventuella fr\u00e5gor eller bekymmer du kan ha. Vi str\u00e4var efter att ge dig en positiv och smidig k\u00f6pupplevelse f\u00f6r testogel receptfritt.<\/p>\n<p>K\u00f6pa testosteron gel \u00e4r ett viktigt beslut f\u00f6r att f\u00f6rb\u00e4ttra din h\u00e4lsa och v\u00e4lbefinnande. V\u00e5rt onlineapotek \u00e4r det b\u00e4sta alternativet f\u00f6r att k\u00f6pa testosteron <a href=\"https:\/\/bourbonfoundryhouse.com\/product\/weller-c-y-p-b-bourbon\/\">gel<\/a> i Sverige, Danmark och Norge. Vi erbjuder h\u00f6gkvalitativa tostrex receptfritt, enkel best\u00e4llning, snabb leverans och konfidentiell service.<\/p>\n<p>Vad \u00e4r syftet med att v\u00e4nta? Ta kontroll \u00f6ver din h\u00e4lsa och v\u00e4lbefinnande idag genom att testosterongel receptfritt fr\u00e5n oss. Vi \u00e4r h\u00e4r f\u00f6r att hj\u00e4lpa dig att f\u00f6rb\u00e4ttra din livskvalitet.<\/p>","protected":false},"excerpt":{"rendered":"<p>K\u00f6pa testosteron gel online utan recept och f\u00e5 naturlig hormoners\u00e4ttning f\u00f6r \u00f6kad testosteronproduktion. Uppt\u00e4ck de b\u00e4sta alternativen f\u00f6r att k\u00f6pa testogel p\u00e5litligt och bekv\u00e4mt. Best\u00e4ll nu f\u00f6r diskret leverans.<\/p>","protected":false},"featured_media":37543,"comment_status":"open","ping_status":"closed","template":"","meta":[],"product_brand":[],"product_cat":[218],"product_tag":[439,440,428,436,431,435,433,429,425,441,426,437,438,430,432,434,427],"class_list":{"0":"post-37541","1":"product","2":"type-product","3":"status-publish","4":"has-post-thumbnail","6":"product_cat-kopa-potensmedel-utan-recept","7":"product_tag-buy-testosterone","8":"product_tag-fa-testosteron-utskrivet","9":"product_tag-kopa-testosteron","10":"product_tag-kopa-testosteron-tabletter","11":"product_tag-kosttillskott-testosteron","12":"product_tag-oka-testosteron-man","13":"product_tag-testosteron-gel-utan-recept","14":"product_tag-testosteron-kopa","15":"product_tag-testosteron-kvinnor","16":"product_tag-testosteron-sverige","17":"product_tag-testosteron-tabletter","18":"product_tag-testosteron-tabletter-apoteket","19":"product_tag-testosteron-tabletter-kopa","20":"product_tag-testosteron-tillskott-apoteket","21":"product_tag-testosteron-tillskott-for-man","22":"product_tag-testosteron-tillskott-man","23":"product_tag-testosterone-booster","24":"description-off","26":"first","27":"instock","28":"sale","29":"shipping-taxable","30":"purchasable","31":"product-type-variable"},"yoast_head":"<!-- This site is optimized with the Yoast SEO Premium plugin v26.2 (Yoast SEO v27.0) - https:\/\/yoast.com\/product\/yoast-seo-premium-wordpress\/ -->\n<title>K\u00f6pa Testosteron Utan Recept | Androgel K\u00f6pa Sverige 2025<\/title>\n<meta name=\"description\" content=\"K\u00f6pa testosteron gel utan recept, f\u00e5 dina mediciner levererade direkt till din d\u00f6rr - enkelt och bekv\u00e4mt. S\u00e4ker, diskret och snabb leverans 2024\" \/>\n<meta name=\"robots\" content=\"index, follow, max-snippet:-1, max-image-preview:large, max-video-preview:-1\" \/>\n<link rel=\"canonical\" href=\"https:\/\/chemsmedstoreonline.com\/en\/product\/kopa-testosteron-gel\/\" \/>\n<meta property=\"og:locale\" content=\"en_US\" \/>\n<meta property=\"og:type\" content=\"article\" \/>\n<meta property=\"og:title\" content=\"Testosteron Gel 50MG (Androgel)\" \/>\n<meta property=\"og:description\" content=\"K\u00f6pa testosteron gel utan recept, f\u00e5 dina mediciner levererade direkt till din d\u00f6rr - enkelt och bekv\u00e4mt. S\u00e4ker, diskret och snabb leverans 2024\" \/>\n<meta property=\"og:url\" content=\"https:\/\/chemsmedstoreonline.com\/en\/product\/kopa-testosteron-gel\/\" \/>\n<meta property=\"og:site_name\" content=\"Chems Med Store Online\" \/>\n<meta property=\"article:modified_time\" content=\"2025-11-01T00:50:31+00:00\" \/>\n<meta property=\"og:image\" content=\"https:\/\/chemsmedstoreonline.com\/wp-content\/uploads\/2023\/11\/testogel2.jpg\" \/>\n\t<meta property=\"og:image:width\" content=\"516\" \/>\n\t<meta property=\"og:image:height\" content=\"360\" \/>\n\t<meta property=\"og:image:type\" content=\"image\/jpeg\" \/>\n<meta name=\"twitter:card\" content=\"summary_large_image\" \/>\n<meta name=\"twitter:label1\" content=\"Est. reading time\" \/>\n\t<meta name=\"twitter:data1\" content=\"2 minutes\" \/>\n<script type=\"application\/ld+json\" class=\"yoast-schema-graph\">{\"@context\":\"https:\/\/schema.org\",\"@graph\":[{\"@type\":\"WebPage\",\"@id\":\"https:\/\/chemsmedstoreonline.com\/product\/kopa-testosteron-gel\/\",\"url\":\"https:\/\/chemsmedstoreonline.com\/product\/kopa-testosteron-gel\/\",\"name\":\"K\u00f6pa Testosteron Utan Recept | Androgel K\u00f6pa Sverige 2025\",\"isPartOf\":{\"@id\":\"https:\/\/chemsmedstoreonline.com\/en\/#website\"},\"primaryImageOfPage\":{\"@id\":\"https:\/\/chemsmedstoreonline.com\/product\/kopa-testosteron-gel\/#primaryimage\"},\"image\":{\"@id\":\"https:\/\/chemsmedstoreonline.com\/product\/kopa-testosteron-gel\/#primaryimage\"},\"thumbnailUrl\":\"https:\/\/chemsmedstoreonline.com\/wp-content\/uploads\/2023\/11\/testogel2.jpg\",\"datePublished\":\"2023-11-24T15:43:38+00:00\",\"dateModified\":\"2025-11-01T00:50:31+00:00\",\"description\":\"K\u00f6pa testosteron gel utan recept, f\u00e5 dina mediciner levererade direkt till din d\u00f6rr - enkelt och bekv\u00e4mt. S\u00e4ker, diskret och snabb leverans 2024\",\"breadcrumb\":{\"@id\":\"https:\/\/chemsmedstoreonline.com\/product\/kopa-testosteron-gel\/#breadcrumb\"},\"inLanguage\":\"en-US\",\"potentialAction\":[{\"@type\":\"ReadAction\",\"target\":[\"https:\/\/chemsmedstoreonline.com\/product\/kopa-testosteron-gel\/\"]}]},{\"@type\":\"ImageObject\",\"inLanguage\":\"en-US\",\"@id\":\"https:\/\/chemsmedstoreonline.com\/product\/kopa-testosteron-gel\/#primaryimage\",\"url\":\"https:\/\/chemsmedstoreonline.com\/wp-content\/uploads\/2023\/11\/testogel2.jpg\",\"contentUrl\":\"https:\/\/chemsmedstoreonline.com\/wp-content\/uploads\/2023\/11\/testogel2.jpg\",\"width\":516,\"height\":360,\"caption\":\"k\u00f6pa testosteron gel\"},{\"@type\":\"BreadcrumbList\",\"@id\":\"https:\/\/chemsmedstoreonline.com\/product\/kopa-testosteron-gel\/#breadcrumb\",\"itemListElement\":[{\"@type\":\"ListItem\",\"position\":1,\"name\":\"Home\",\"item\":\"https:\/\/chemsmedstoreonline.com\/en\/\"},{\"@type\":\"ListItem\",\"position\":2,\"name\":\"All products\",\"item\":\"https:\/\/chemsmedstoreonline.com\/all-products\/\"},{\"@type\":\"ListItem\",\"position\":3,\"name\":\"Testosteron Gel 50MG (Androgel)\"}]},{\"@type\":\"WebSite\",\"@id\":\"https:\/\/chemsmedstoreonline.com\/en\/#website\",\"url\":\"https:\/\/chemsmedstoreonline.com\/en\/\",\"name\":\"Chem Med Store Online\",\"description\":\"\",\"publisher\":{\"@id\":\"https:\/\/chemsmedstoreonline.com\/en\/#organization\"},\"potentialAction\":[{\"@type\":\"SearchAction\",\"target\":{\"@type\":\"EntryPoint\",\"urlTemplate\":\"https:\/\/chemsmedstoreonline.com\/en\/?s={search_term_string}\"},\"query-input\":{\"@type\":\"PropertyValueSpecification\",\"valueRequired\":true,\"valueName\":\"search_term_string\"}}],\"inLanguage\":\"en-US\"},{\"@type\":\"Organization\",\"@id\":\"https:\/\/chemsmedstoreonline.com\/en\/#organization\",\"name\":\"Chem Med Store Online\",\"url\":\"https:\/\/chemsmedstoreonline.com\/en\/\",\"logo\":{\"@type\":\"ImageObject\",\"inLanguage\":\"en-US\",\"@id\":\"https:\/\/chemsmedstoreonline.com\/en\/#\/schema\/logo\/image\/\",\"url\":\"https:\/\/chemsmedstoreonline.com\/wp-content\/uploads\/2023\/11\/cropped-pharmacy.png\",\"contentUrl\":\"https:\/\/chemsmedstoreonline.com\/wp-content\/uploads\/2023\/11\/cropped-pharmacy.png\",\"width\":512,\"height\":512,\"caption\":\"Chem Med Store Online\"},\"image\":{\"@id\":\"https:\/\/chemsmedstoreonline.com\/en\/#\/schema\/logo\/image\/\"}}]}<\/script>\n<!-- \/ Yoast SEO Premium plugin. -->","yoast_head_json":{"title":"K\u00f6pa Testosteron Utan Recept | Androgel K\u00f6pa Sverige 2025","description":"K\u00f6pa testosteron gel utan recept, f\u00e5 dina mediciner levererade direkt till din d\u00f6rr - enkelt och bekv\u00e4mt. S\u00e4ker, diskret och snabb leverans 2024","robots":{"index":"index","follow":"follow","max-snippet":"max-snippet:-1","max-image-preview":"max-image-preview:large","max-video-preview":"max-video-preview:-1"},"canonical":"https:\/\/chemsmedstoreonline.com\/en\/product\/kopa-testosteron-gel\/","og_locale":"en_US","og_type":"article","og_title":"Testosteron Gel 50MG (Androgel)","og_description":"K\u00f6pa testosteron gel utan recept, f\u00e5 dina mediciner levererade direkt till din d\u00f6rr - enkelt och bekv\u00e4mt. S\u00e4ker, diskret och snabb leverans 2024","og_url":"https:\/\/chemsmedstoreonline.com\/en\/product\/kopa-testosteron-gel\/","og_site_name":"Chems Med Store Online","article_modified_time":"2025-11-01T00:50:31+00:00","og_image":[{"width":516,"height":360,"url":"https:\/\/chemsmedstoreonline.com\/wp-content\/uploads\/2023\/11\/testogel2.jpg","type":"image\/jpeg"}],"twitter_card":"summary_large_image","twitter_misc":{"Est. reading time":"2 minutes"},"schema":{"@context":"https:\/\/schema.org","@graph":[{"@type":"WebPage","@id":"https:\/\/chemsmedstoreonline.com\/product\/kopa-testosteron-gel\/","url":"https:\/\/chemsmedstoreonline.com\/product\/kopa-testosteron-gel\/","name":"K\u00f6pa Testosteron Utan Recept | Androgel K\u00f6pa Sverige 2025","isPartOf":{"@id":"https:\/\/chemsmedstoreonline.com\/en\/#website"},"primaryImageOfPage":{"@id":"https:\/\/chemsmedstoreonline.com\/product\/kopa-testosteron-gel\/#primaryimage"},"image":{"@id":"https:\/\/chemsmedstoreonline.com\/product\/kopa-testosteron-gel\/#primaryimage"},"thumbnailUrl":"https:\/\/chemsmedstoreonline.com\/wp-content\/uploads\/2023\/11\/testogel2.jpg","datePublished":"2023-11-24T15:43:38+00:00","dateModified":"2025-11-01T00:50:31+00:00","description":"K\u00f6pa testosteron gel utan recept, f\u00e5 dina mediciner levererade direkt till din d\u00f6rr - enkelt och bekv\u00e4mt. S\u00e4ker, diskret och snabb leverans 2024","breadcrumb":{"@id":"https:\/\/chemsmedstoreonline.com\/product\/kopa-testosteron-gel\/#breadcrumb"},"inLanguage":"en-US","potentialAction":[{"@type":"ReadAction","target":["https:\/\/chemsmedstoreonline.com\/product\/kopa-testosteron-gel\/"]}]},{"@type":"ImageObject","inLanguage":"en-US","@id":"https:\/\/chemsmedstoreonline.com\/product\/kopa-testosteron-gel\/#primaryimage","url":"https:\/\/chemsmedstoreonline.com\/wp-content\/uploads\/2023\/11\/testogel2.jpg","contentUrl":"https:\/\/chemsmedstoreonline.com\/wp-content\/uploads\/2023\/11\/testogel2.jpg","width":516,"height":360,"caption":"k\u00f6pa testosteron gel"},{"@type":"BreadcrumbList","@id":"https:\/\/chemsmedstoreonline.com\/product\/kopa-testosteron-gel\/#breadcrumb","itemListElement":[{"@type":"ListItem","position":1,"name":"Home","item":"https:\/\/chemsmedstoreonline.com\/en\/"},{"@type":"ListItem","position":2,"name":"All products","item":"https:\/\/chemsmedstoreonline.com\/all-products\/"},{"@type":"ListItem","position":3,"name":"Testosteron Gel 50MG (Androgel)"}]},{"@type":"WebSite","@id":"https:\/\/chemsmedstoreonline.com\/en\/#website","url":"https:\/\/chemsmedstoreonline.com\/en\/","name":"Chem Med Store Online","description":"","publisher":{"@id":"https:\/\/chemsmedstoreonline.com\/en\/#organization"},"potentialAction":[{"@type":"SearchAction","target":{"@type":"EntryPoint","urlTemplate":"https:\/\/chemsmedstoreonline.com\/en\/?s={search_term_string}"},"query-input":{"@type":"PropertyValueSpecification","valueRequired":true,"valueName":"search_term_string"}}],"inLanguage":"en-US"},{"@type":"Organization","@id":"https:\/\/chemsmedstoreonline.com\/en\/#organization","name":"Chem Med Store Online","url":"https:\/\/chemsmedstoreonline.com\/en\/","logo":{"@type":"ImageObject","inLanguage":"en-US","@id":"https:\/\/chemsmedstoreonline.com\/en\/#\/schema\/logo\/image\/","url":"https:\/\/chemsmedstoreonline.com\/wp-content\/uploads\/2023\/11\/cropped-pharmacy.png","contentUrl":"https:\/\/chemsmedstoreonline.com\/wp-content\/uploads\/2023\/11\/cropped-pharmacy.png","width":512,"height":512,"caption":"Chem Med Store Online"},"image":{"@id":"https:\/\/chemsmedstoreonline.com\/en\/#\/schema\/logo\/image\/"}}]}},"jetpack_sharing_enabled":true,"_links":{"self":[{"href":"https:\/\/chemsmedstoreonline.com\/en\/wp-json\/wp\/v2\/product\/37541","targetHints":{"allow":["GET"]}}],"collection":[{"href":"https:\/\/chemsmedstoreonline.com\/en\/wp-json\/wp\/v2\/product"}],"about":[{"href":"https:\/\/chemsmedstoreonline.com\/en\/wp-json\/wp\/v2\/types\/product"}],"replies":[{"embeddable":true,"href":"https:\/\/chemsmedstoreonline.com\/en\/wp-json\/wp\/v2\/comments?post=37541"}],"wp:featuredmedia":[{"embeddable":true,"href":"https:\/\/chemsmedstoreonline.com\/en\/wp-json\/wp\/v2\/media\/37543"}],"wp:attachment":[{"href":"https:\/\/chemsmedstoreonline.com\/en\/wp-json\/wp\/v2\/media?parent=37541"}],"wp:term":[{"taxonomy":"product_brand","embeddable":true,"href":"https:\/\/chemsmedstoreonline.com\/en\/wp-json\/wp\/v2\/product_brand?post=37541"},{"taxonomy":"product_cat","embeddable":true,"href":"https:\/\/chemsmedstoreonline.com\/en\/wp-json\/wp\/v2\/product_cat?post=37541"},{"taxonomy":"product_tag","embeddable":true,"href":"https:\/\/chemsmedstoreonline.com\/en\/wp-json\/wp\/v2\/product_tag?post=37541"}],"curies":[{"name":"wp","href":"https:\/\/api.w.org\/{rel}","templated":true}]}}