{"id":37584,"date":"2023-11-26T10:41:13","date_gmt":"2023-11-26T10:41:13","guid":{"rendered":"https:\/\/medicalsolutions72.com\/?post_type=product&#038;p=37584"},"modified":"2025-11-01T00:45:08","modified_gmt":"2025-11-01T00:45:08","slug":"kopa-oxascand-utan-recept","status":"publish","type":"product","link":"https:\/\/chemsmedstoreonline.com\/en\/product\/kopa-oxascand-utan-recept\/","title":{"rendered":"Oxascand 10mg"},"content":{"rendered":"<h2>k\u00f6pa oxascand utan recept<\/h2>\n<p>Oxascand 10mg anv\u00e4nds f\u00f6r att behandla <a href=\"https:\/\/www.hanslundberg.se\/?gclid=CjwKCAiA9ourBhAVEiwA3L5RFrjHXFU6qSLjSWbnwKWgpX_28DX-hEtm207DZ5AcopajVLR8wXTarhoCH3wQAvD_BwE\">\u00e5ngest och s\u00f6mnst\u00f6rningar<\/a>. Oxascand inneh\u00e5ller det aktiva \u00e4mnet oxazepam, som tillh\u00f6r gruppen av l\u00e4kemedel som kallas bensodiazepiner. Dessa l\u00e4kemedel verkar genom att p\u00e5verka hj\u00e4rnans signalsubstans GABA. Detta minskar \u00e5ngesten och f\u00e5r dig att slappna av.<\/p>\n<p>Oxascand 10mg kan anv\u00e4ndas f\u00f6r att behandla en m\u00e4ngd olika typer av \u00e5ngest, s\u00e5som generaliserat \u00e5ngestsyndrom, paniksyndrom och social fobi. Det kan ocks\u00e5 hj\u00e4lpa till att sova b\u00e4ttre, s\u00e4rskilt f\u00f6r dem som \u00e4r s\u00f6mnl\u00f6sa i korta perioder.<\/p>\n<h2>K\u00f6pa oxascand p\u00e5 n\u00e4tet<\/h2>\n<p>Det finns flera sk\u00e4l till att <a href=\"https:\/\/medicalsolutions72.com\/kontakt\/\">k\u00f6pa Oxascand<\/a> 10mg fr\u00e5n v\u00e5r onlineapotek \u00e4r det b\u00e4sta valet i Sverige, Danmark och Norge. F\u00f6rst och fr\u00e4mst ger vi dig m\u00f6jligheten att k\u00f6pa Oxascand utan recept. Detta sparar tid och pengar eftersom du inte beh\u00f6ver bes\u00f6ka en l\u00e4kare f\u00f6r att f\u00e5 ett recept. Dessutom l\u00e5ter vi dig enkelt best\u00e4lla dina l\u00e4kemedel online och f\u00e5 dem levererade direkt till din d\u00f6rr. Detta \u00e4r s\u00e4rskilt f\u00f6rdelaktigt f\u00f6r dem som har sv\u00e5rt att hitta ett apotek eller som vill undvika on\u00f6diga kontakter i den nuvarande situationen.<\/p>\n<p>Dessutom erbjuder v\u00e5rt onlineapotek konkurrenskraftiga priser p\u00e5 Oxascand 10mg. F\u00f6r att g\u00f6ra medicinen tillg\u00e4nglig f\u00f6r s\u00e5 m\u00e5nga m\u00e4nniskor som m\u00f6jligt, str\u00e4var vi efter att erbjuda de b\u00e4sta priserna p\u00e5 marknaden. Dessutom f\u00f6rs\u00e4krar vi oss om att v\u00e5ra produkter \u00e4r av h\u00f6g kvalitet och kommer fr\u00e5n p\u00e5litliga tillverkare.<\/p>\n<p>Vi \u00e4r stolta \u00f6ver att kunna tillhandah\u00e5lla p\u00e5litliga och snabba leveranser till v\u00e5ra kunder i Sverige, Danmark och Norge. Vi \u00e4r medvetna om betydelsen av att f\u00e5 medicinen i tid, s\u00e4rskilt n\u00e4r man behandlar \u00e5ngest och s\u00f6mnproblem. F\u00f6ljaktligen arbetar vi h\u00e5rt f\u00f6r att garantera att dina best\u00e4llningar skickas s\u00e5 snabbt som m\u00f6jligt.<\/p>\n<p>&nbsp;<\/p>","protected":false},"excerpt":{"rendered":"<p>Det optimala s\u00e4ttet att k\u00f6pa Oxascand utan recept fr\u00e5n v\u00e5rt onlineapotek \u00e4r tillg\u00e4ngligt i Sverige, Danmark och Norge. P\u00e5litlig leverans, bekv\u00e4mlighet och konkurrenskraftiga priser \u00e4r alla v\u00e5ra f\u00f6rdelar. Vi \u00e4r dedikerade till att g\u00f6ra best\u00e4llningsprocessen s\u00e4ker och l\u00e4tt f\u00f6r alla som beh\u00f6ver mediciner. F\u00f6r att f\u00e5 den optimala upplevelsen n\u00e4r du k\u00f6per Oxascand 10mg online, v\u00e4lj oss.<\/p>","protected":false},"featured_media":37586,"comment_status":"open","ping_status":"closed","template":"","meta":[],"product_brand":[],"product_cat":[216],"product_tag":[420,422,421,423,412,416,411,424,418,414,417,413,419,415],"class_list":{"0":"post-37584","1":"product","2":"type-product","3":"status-publish","4":"has-post-thumbnail","6":"product_cat-angest","7":"product_tag-angestdampande-medicin-oxascand","8":"product_tag-kopa-oxascand-online","9":"product_tag-kopa-oxascand-pa-natet","10":"product_tag-kopa-oxascand-utan-recept","11":"product_tag-oxascand-10-mg","12":"product_tag-oxascand-15-mg","13":"product_tag-oxascand-5-mg","14":"product_tag-oxascand-benzo","15":"product_tag-oxascand-bestalla","16":"product_tag-oxascand-dagen-efter","17":"product_tag-oxascand-demens","18":"product_tag-oxascand-maxdos","19":"product_tag-oxascand-utan-recept","20":"product_tag-sobril-oxascand","21":"description-off","23":"first","24":"instock","25":"shipping-taxable","26":"purchasable","27":"product-type-variable"},"yoast_head":"<!-- This site is optimized with the Yoast SEO Premium plugin v26.2 (Yoast SEO v27.0) - https:\/\/yoast.com\/product\/yoast-seo-premium-wordpress\/ -->\n<title>K\u00f6pa oxascand utan recept | K\u00f6p medicin online SVERIGE | 2025<\/title>\n<meta name=\"description\" content=\"K\u00f6pa oxascand utan recept, f\u00e5 dina mediciner levererade direkt till din d\u00f6rr - enkelt och bekv\u00e4mt. S\u00e4ker, diskret och snabb leverans 2024\" \/>\n<meta name=\"robots\" content=\"index, follow, max-snippet:-1, max-image-preview:large, max-video-preview:-1\" \/>\n<link rel=\"canonical\" href=\"https:\/\/chemsmedstoreonline.com\/en\/product\/kopa-oxascand-utan-recept\/\" \/>\n<meta property=\"og:locale\" content=\"en_US\" \/>\n<meta property=\"og:type\" content=\"article\" \/>\n<meta property=\"og:title\" content=\"Oxascand 10mg\" \/>\n<meta property=\"og:description\" content=\"K\u00f6pa oxascand utan recept, f\u00e5 dina mediciner levererade direkt till din d\u00f6rr - enkelt och bekv\u00e4mt. S\u00e4ker, diskret och snabb leverans 2024\" \/>\n<meta property=\"og:url\" content=\"https:\/\/chemsmedstoreonline.com\/en\/product\/kopa-oxascand-utan-recept\/\" \/>\n<meta property=\"og:site_name\" content=\"Chems Med Store Online\" \/>\n<meta property=\"article:modified_time\" content=\"2025-11-01T00:45:08+00:00\" \/>\n<meta property=\"og:image\" content=\"https:\/\/chemsmedstoreonline.com\/wp-content\/uploads\/2023\/11\/1280px-oxascand10mg.jpg\" \/>\n\t<meta property=\"og:image:width\" content=\"1280\" \/>\n\t<meta property=\"og:image:height\" content=\"617\" \/>\n\t<meta property=\"og:image:type\" content=\"image\/jpeg\" \/>\n<meta name=\"twitter:card\" content=\"summary_large_image\" \/>\n<meta name=\"twitter:label1\" content=\"Est. reading time\" \/>\n\t<meta name=\"twitter:data1\" content=\"2 minutes\" \/>\n<script type=\"application\/ld+json\" class=\"yoast-schema-graph\">{\"@context\":\"https:\/\/schema.org\",\"@graph\":[{\"@type\":\"WebPage\",\"@id\":\"https:\/\/chemsmedstoreonline.com\/product\/kopa-oxascand-utan-recept\/\",\"url\":\"https:\/\/chemsmedstoreonline.com\/product\/kopa-oxascand-utan-recept\/\",\"name\":\"K\u00f6pa oxascand utan recept | K\u00f6p medicin online SVERIGE | 2025\",\"isPartOf\":{\"@id\":\"https:\/\/chemsmedstoreonline.com\/en\/#website\"},\"primaryImageOfPage\":{\"@id\":\"https:\/\/chemsmedstoreonline.com\/product\/kopa-oxascand-utan-recept\/#primaryimage\"},\"image\":{\"@id\":\"https:\/\/chemsmedstoreonline.com\/product\/kopa-oxascand-utan-recept\/#primaryimage\"},\"thumbnailUrl\":\"https:\/\/chemsmedstoreonline.com\/wp-content\/uploads\/2023\/11\/1280px-oxascand10mg.jpg\",\"datePublished\":\"2023-11-26T10:41:13+00:00\",\"dateModified\":\"2025-11-01T00:45:08+00:00\",\"description\":\"K\u00f6pa oxascand utan recept, f\u00e5 dina mediciner levererade direkt till din d\u00f6rr - enkelt och bekv\u00e4mt. S\u00e4ker, diskret och snabb leverans 2024\",\"breadcrumb\":{\"@id\":\"https:\/\/chemsmedstoreonline.com\/product\/kopa-oxascand-utan-recept\/#breadcrumb\"},\"inLanguage\":\"en-US\",\"potentialAction\":[{\"@type\":\"ReadAction\",\"target\":[\"https:\/\/chemsmedstoreonline.com\/product\/kopa-oxascand-utan-recept\/\"]}]},{\"@type\":\"ImageObject\",\"inLanguage\":\"en-US\",\"@id\":\"https:\/\/chemsmedstoreonline.com\/product\/kopa-oxascand-utan-recept\/#primaryimage\",\"url\":\"https:\/\/chemsmedstoreonline.com\/wp-content\/uploads\/2023\/11\/1280px-oxascand10mg.jpg\",\"contentUrl\":\"https:\/\/chemsmedstoreonline.com\/wp-content\/uploads\/2023\/11\/1280px-oxascand10mg.jpg\",\"width\":1280,\"height\":617,\"caption\":\"k\u00f6pa oxascand utan recept\"},{\"@type\":\"BreadcrumbList\",\"@id\":\"https:\/\/chemsmedstoreonline.com\/product\/kopa-oxascand-utan-recept\/#breadcrumb\",\"itemListElement\":[{\"@type\":\"ListItem\",\"position\":1,\"name\":\"Home\",\"item\":\"https:\/\/chemsmedstoreonline.com\/en\/\"},{\"@type\":\"ListItem\",\"position\":2,\"name\":\"All products\",\"item\":\"https:\/\/chemsmedstoreonline.com\/all-products\/\"},{\"@type\":\"ListItem\",\"position\":3,\"name\":\"Oxascand 10mg\"}]},{\"@type\":\"WebSite\",\"@id\":\"https:\/\/chemsmedstoreonline.com\/en\/#website\",\"url\":\"https:\/\/chemsmedstoreonline.com\/en\/\",\"name\":\"Chem Med Store Online\",\"description\":\"\",\"publisher\":{\"@id\":\"https:\/\/chemsmedstoreonline.com\/en\/#organization\"},\"potentialAction\":[{\"@type\":\"SearchAction\",\"target\":{\"@type\":\"EntryPoint\",\"urlTemplate\":\"https:\/\/chemsmedstoreonline.com\/en\/?s={search_term_string}\"},\"query-input\":{\"@type\":\"PropertyValueSpecification\",\"valueRequired\":true,\"valueName\":\"search_term_string\"}}],\"inLanguage\":\"en-US\"},{\"@type\":\"Organization\",\"@id\":\"https:\/\/chemsmedstoreonline.com\/en\/#organization\",\"name\":\"Chem Med Store Online\",\"url\":\"https:\/\/chemsmedstoreonline.com\/en\/\",\"logo\":{\"@type\":\"ImageObject\",\"inLanguage\":\"en-US\",\"@id\":\"https:\/\/chemsmedstoreonline.com\/en\/#\/schema\/logo\/image\/\",\"url\":\"https:\/\/chemsmedstoreonline.com\/wp-content\/uploads\/2023\/11\/cropped-pharmacy.png\",\"contentUrl\":\"https:\/\/chemsmedstoreonline.com\/wp-content\/uploads\/2023\/11\/cropped-pharmacy.png\",\"width\":512,\"height\":512,\"caption\":\"Chem Med Store Online\"},\"image\":{\"@id\":\"https:\/\/chemsmedstoreonline.com\/en\/#\/schema\/logo\/image\/\"}}]}<\/script>\n<!-- \/ Yoast SEO Premium plugin. -->","yoast_head_json":{"title":"K\u00f6pa oxascand utan recept | K\u00f6p medicin online SVERIGE | 2025","description":"K\u00f6pa oxascand utan recept, f\u00e5 dina mediciner levererade direkt till din d\u00f6rr - enkelt och bekv\u00e4mt. S\u00e4ker, diskret och snabb leverans 2024","robots":{"index":"index","follow":"follow","max-snippet":"max-snippet:-1","max-image-preview":"max-image-preview:large","max-video-preview":"max-video-preview:-1"},"canonical":"https:\/\/chemsmedstoreonline.com\/en\/product\/kopa-oxascand-utan-recept\/","og_locale":"en_US","og_type":"article","og_title":"Oxascand 10mg","og_description":"K\u00f6pa oxascand utan recept, f\u00e5 dina mediciner levererade direkt till din d\u00f6rr - enkelt och bekv\u00e4mt. S\u00e4ker, diskret och snabb leverans 2024","og_url":"https:\/\/chemsmedstoreonline.com\/en\/product\/kopa-oxascand-utan-recept\/","og_site_name":"Chems Med Store Online","article_modified_time":"2025-11-01T00:45:08+00:00","og_image":[{"width":1280,"height":617,"url":"https:\/\/chemsmedstoreonline.com\/wp-content\/uploads\/2023\/11\/1280px-oxascand10mg.jpg","type":"image\/jpeg"}],"twitter_card":"summary_large_image","twitter_misc":{"Est. reading time":"2 minutes"},"schema":{"@context":"https:\/\/schema.org","@graph":[{"@type":"WebPage","@id":"https:\/\/chemsmedstoreonline.com\/product\/kopa-oxascand-utan-recept\/","url":"https:\/\/chemsmedstoreonline.com\/product\/kopa-oxascand-utan-recept\/","name":"K\u00f6pa oxascand utan recept | K\u00f6p medicin online SVERIGE | 2025","isPartOf":{"@id":"https:\/\/chemsmedstoreonline.com\/en\/#website"},"primaryImageOfPage":{"@id":"https:\/\/chemsmedstoreonline.com\/product\/kopa-oxascand-utan-recept\/#primaryimage"},"image":{"@id":"https:\/\/chemsmedstoreonline.com\/product\/kopa-oxascand-utan-recept\/#primaryimage"},"thumbnailUrl":"https:\/\/chemsmedstoreonline.com\/wp-content\/uploads\/2023\/11\/1280px-oxascand10mg.jpg","datePublished":"2023-11-26T10:41:13+00:00","dateModified":"2025-11-01T00:45:08+00:00","description":"K\u00f6pa oxascand utan recept, f\u00e5 dina mediciner levererade direkt till din d\u00f6rr - enkelt och bekv\u00e4mt. S\u00e4ker, diskret och snabb leverans 2024","breadcrumb":{"@id":"https:\/\/chemsmedstoreonline.com\/product\/kopa-oxascand-utan-recept\/#breadcrumb"},"inLanguage":"en-US","potentialAction":[{"@type":"ReadAction","target":["https:\/\/chemsmedstoreonline.com\/product\/kopa-oxascand-utan-recept\/"]}]},{"@type":"ImageObject","inLanguage":"en-US","@id":"https:\/\/chemsmedstoreonline.com\/product\/kopa-oxascand-utan-recept\/#primaryimage","url":"https:\/\/chemsmedstoreonline.com\/wp-content\/uploads\/2023\/11\/1280px-oxascand10mg.jpg","contentUrl":"https:\/\/chemsmedstoreonline.com\/wp-content\/uploads\/2023\/11\/1280px-oxascand10mg.jpg","width":1280,"height":617,"caption":"k\u00f6pa oxascand utan recept"},{"@type":"BreadcrumbList","@id":"https:\/\/chemsmedstoreonline.com\/product\/kopa-oxascand-utan-recept\/#breadcrumb","itemListElement":[{"@type":"ListItem","position":1,"name":"Home","item":"https:\/\/chemsmedstoreonline.com\/en\/"},{"@type":"ListItem","position":2,"name":"All products","item":"https:\/\/chemsmedstoreonline.com\/all-products\/"},{"@type":"ListItem","position":3,"name":"Oxascand 10mg"}]},{"@type":"WebSite","@id":"https:\/\/chemsmedstoreonline.com\/en\/#website","url":"https:\/\/chemsmedstoreonline.com\/en\/","name":"Chem Med Store Online","description":"","publisher":{"@id":"https:\/\/chemsmedstoreonline.com\/en\/#organization"},"potentialAction":[{"@type":"SearchAction","target":{"@type":"EntryPoint","urlTemplate":"https:\/\/chemsmedstoreonline.com\/en\/?s={search_term_string}"},"query-input":{"@type":"PropertyValueSpecification","valueRequired":true,"valueName":"search_term_string"}}],"inLanguage":"en-US"},{"@type":"Organization","@id":"https:\/\/chemsmedstoreonline.com\/en\/#organization","name":"Chem Med Store Online","url":"https:\/\/chemsmedstoreonline.com\/en\/","logo":{"@type":"ImageObject","inLanguage":"en-US","@id":"https:\/\/chemsmedstoreonline.com\/en\/#\/schema\/logo\/image\/","url":"https:\/\/chemsmedstoreonline.com\/wp-content\/uploads\/2023\/11\/cropped-pharmacy.png","contentUrl":"https:\/\/chemsmedstoreonline.com\/wp-content\/uploads\/2023\/11\/cropped-pharmacy.png","width":512,"height":512,"caption":"Chem Med Store Online"},"image":{"@id":"https:\/\/chemsmedstoreonline.com\/en\/#\/schema\/logo\/image\/"}}]}},"jetpack_sharing_enabled":true,"_links":{"self":[{"href":"https:\/\/chemsmedstoreonline.com\/en\/wp-json\/wp\/v2\/product\/37584","targetHints":{"allow":["GET"]}}],"collection":[{"href":"https:\/\/chemsmedstoreonline.com\/en\/wp-json\/wp\/v2\/product"}],"about":[{"href":"https:\/\/chemsmedstoreonline.com\/en\/wp-json\/wp\/v2\/types\/product"}],"replies":[{"embeddable":true,"href":"https:\/\/chemsmedstoreonline.com\/en\/wp-json\/wp\/v2\/comments?post=37584"}],"wp:featuredmedia":[{"embeddable":true,"href":"https:\/\/chemsmedstoreonline.com\/en\/wp-json\/wp\/v2\/media\/37586"}],"wp:attachment":[{"href":"https:\/\/chemsmedstoreonline.com\/en\/wp-json\/wp\/v2\/media?parent=37584"}],"wp:term":[{"taxonomy":"product_brand","embeddable":true,"href":"https:\/\/chemsmedstoreonline.com\/en\/wp-json\/wp\/v2\/product_brand?post=37584"},{"taxonomy":"product_cat","embeddable":true,"href":"https:\/\/chemsmedstoreonline.com\/en\/wp-json\/wp\/v2\/product_cat?post=37584"},{"taxonomy":"product_tag","embeddable":true,"href":"https:\/\/chemsmedstoreonline.com\/en\/wp-json\/wp\/v2\/product_tag?post=37584"}],"curies":[{"name":"wp","href":"https:\/\/api.w.org\/{rel}","templated":true}]}}