{"id":37599,"date":"2023-11-26T12:00:18","date_gmt":"2023-11-26T12:00:18","guid":{"rendered":"https:\/\/medicalsolutions72.com\/?post_type=product&#038;p=37599"},"modified":"2024-03-09T23:19:59","modified_gmt":"2024-03-09T23:19:59","slug":"kopa-stesolid-utan-recept","status":"publish","type":"product","link":"https:\/\/chemsmedstoreonline.com\/en\/product\/kopa-stesolid-utan-recept\/","title":{"rendered":"Stesolid 10mg"},"content":{"rendered":"<h3>k\u00f6pa stesolid utan recept<\/h3>\n<p>Stesolid \u00e4r en medicin som anv\u00e4nds f\u00f6r att behandla <a href=\"https:\/\/angest.se\">\u00e5ngest<\/a>, sp\u00e4nningar och s\u00f6mnproblem. Det aktiva \u00e4mnet i Stesolid kallas diazepam och det tillh\u00f6r en grupp l\u00e4kemedel som kallas bensodiazepiner.<\/p>\n<p>Stesolid kan tas oralt, vilket inneb\u00e4r att det sv\u00e4ljs med vatten. Det \u00e4r viktigt att f\u00f6lja l\u00e4karens ordination och dosering. Vanligtvis rekommenderas en startdos p\u00e5 5-10 mg, som kan \u00f6kas eller minskas beroende p\u00e5 individens behov och respons p\u00e5 behandlingen. Det \u00e4r viktigt att inte \u00f6verskrida den rekommenderade dosen och att inte ta Stesolid under en l\u00e4ngre tid \u00e4n ordinerat.<\/p>\n<h3>K\u00f6pa stesolid online<\/h3>\n<p>Det finns flera f\u00f6rdelar med att k\u00f6pa Stesolid 10mg fr\u00e5n v\u00e5r <a href=\"https:\/\/medicalsolutions72.com\">onlineapotek i Sverige<\/a> och Europa. F\u00f6r det f\u00f6rsta kan du k\u00f6pa Stesolid utan recept, vilket inneb\u00e4r att du inte beh\u00f6ver bes\u00f6ka en l\u00e4kare f\u00f6r att f\u00e5 en receptbelagd medicin. Detta sparar tid och pengar. F\u00f6r det andra erbjuder vi snabb och diskret leverans direkt till din d\u00f6rr. Du beh\u00f6ver inte oroa dig f\u00f6r att g\u00e5 till ett fysiskt apotek och riskera att m\u00f6ta bekanta eller k\u00e4nna dig obekv\u00e4m. Dessutom erbjuder vi konkurrenskraftiga priser och h\u00f6gkvalitativa produkter.<\/p>\n<p><strong>Ansvarsfull l\u00e4kemedelsanv\u00e4ndning:<\/strong><\/p>\n<p>Vi uppmanar v\u00e5ra kunder att anv\u00e4nda l\u00e4kemedel p\u00e5 ett ansvarsfullt s\u00e4tt f\u00f6r att garantera deras egen h\u00e4lsa och s\u00e4kerhet. H\u00e4r \u00e4r n\u00e5gra riktlinjer f\u00f6r ansvarsfull l\u00e4kemedelsanv\u00e4ndning.<br \/>\nDet kan finnas en best\u00e4llningsgr\u00e4ns f\u00f6r k\u00f6pa stesolid utan recept f\u00f6r att s\u00e4kerst\u00e4lla att l\u00e4kemedel anv\u00e4nds ansvarsfullt och inte missbrukas. Detta kan inneb\u00e4ra att konsumenter endast kan best\u00e4lla en specifik m\u00e4ngd av specifika l\u00e4kemedel under en viss tid.<\/p>","protected":false},"excerpt":{"rendered":"<p>Om du letar efter att k\u00f6pa Stesolid utan recept, k\u00f6pa Stesolid i G\u00f6teborg, k\u00f6pa Stesolid online, k\u00f6pa Stesolid p\u00e5 n\u00e4tet eller k\u00f6pa Stesolid p\u00e5 n\u00e4tet utan recept, \u00e4r v\u00e5rt onlineapotek det b\u00e4sta alternativet f\u00f6r dig. Vi erbjuder bekv\u00e4mlighet, snabb leverans och h\u00f6gkvalitativa produkter. Best\u00e4ll din Stesolid idag och upplev f\u00f6rdelarna med att handla fr\u00e5n oss.<\/p>","protected":false},"featured_media":37602,"comment_status":"open","ping_status":"closed","template":"","meta":[],"product_brand":[],"product_cat":[216],"product_tag":[],"class_list":{"0":"post-37599","1":"product","2":"type-product","3":"status-publish","4":"has-post-thumbnail","6":"product_cat-angest","7":"description-off","9":"first","10":"instock","11":"sale","12":"shipping-taxable","13":"purchasable","14":"product-type-variable","15":"has-default-attributes"},"yoast_head":"<!-- This site is optimized with the Yoast SEO Premium plugin v26.2 (Yoast SEO v27.0) - https:\/\/yoast.com\/product\/yoast-seo-premium-wordpress\/ -->\n<title>K\u00f6pa stesolid utan recept 2024 | Best\u00e4lla medicin p\u00e5 n\u00e4tet<\/title>\n<meta name=\"description\" content=\"K\u00f6pa stesolid utan recept, f\u00e5 dina mediciner levererade direkt till din d\u00f6rr - enkelt och bekv\u00e4mt. S\u00e4ker, diskret och snabb leverans 2024\" \/>\n<meta name=\"robots\" content=\"index, follow, max-snippet:-1, max-image-preview:large, max-video-preview:-1\" \/>\n<link rel=\"canonical\" href=\"https:\/\/chemsmedstoreonline.com\/en\/product\/kopa-stesolid-utan-recept\/\" \/>\n<meta property=\"og:locale\" content=\"en_US\" \/>\n<meta property=\"og:type\" content=\"article\" \/>\n<meta property=\"og:title\" content=\"Stesolid 10mg\" \/>\n<meta property=\"og:description\" content=\"K\u00f6pa stesolid utan recept, f\u00e5 dina mediciner levererade direkt till din d\u00f6rr - enkelt och bekv\u00e4mt. S\u00e4ker, diskret och snabb leverans 2024\" \/>\n<meta property=\"og:url\" content=\"https:\/\/chemsmedstoreonline.com\/en\/product\/kopa-stesolid-utan-recept\/\" \/>\n<meta property=\"og:site_name\" content=\"Chems Med Store Online\" \/>\n<meta property=\"article:modified_time\" content=\"2024-03-09T23:19:59+00:00\" \/>\n<meta property=\"og:image\" content=\"https:\/\/chemsmedstoreonline.com\/wp-content\/uploads\/2023\/11\/Stesoliddiazepamsuppository_801x801.jpg.webp\" \/>\n\t<meta property=\"og:image:width\" content=\"801\" \/>\n\t<meta property=\"og:image:height\" content=\"801\" \/>\n\t<meta property=\"og:image:type\" content=\"image\/webp\" \/>\n<meta name=\"twitter:card\" content=\"summary_large_image\" \/>\n<meta name=\"twitter:label1\" content=\"Est. reading time\" \/>\n\t<meta name=\"twitter:data1\" content=\"2 minutes\" \/>\n<script type=\"application\/ld+json\" class=\"yoast-schema-graph\">{\"@context\":\"https:\/\/schema.org\",\"@graph\":[{\"@type\":\"WebPage\",\"@id\":\"https:\/\/chemsmedstoreonline.com\/product\/kopa-stesolid-utan-recept\/\",\"url\":\"https:\/\/chemsmedstoreonline.com\/product\/kopa-stesolid-utan-recept\/\",\"name\":\"K\u00f6pa stesolid utan recept 2024 | Best\u00e4lla medicin p\u00e5 n\u00e4tet\",\"isPartOf\":{\"@id\":\"https:\/\/chemsmedstoreonline.com\/en\/#website\"},\"primaryImageOfPage\":{\"@id\":\"https:\/\/chemsmedstoreonline.com\/product\/kopa-stesolid-utan-recept\/#primaryimage\"},\"image\":{\"@id\":\"https:\/\/chemsmedstoreonline.com\/product\/kopa-stesolid-utan-recept\/#primaryimage\"},\"thumbnailUrl\":\"https:\/\/chemsmedstoreonline.com\/wp-content\/uploads\/2023\/11\/Stesoliddiazepamsuppository_801x801.jpg.webp\",\"datePublished\":\"2023-11-26T12:00:18+00:00\",\"dateModified\":\"2024-03-09T23:19:59+00:00\",\"description\":\"K\u00f6pa stesolid utan recept, f\u00e5 dina mediciner levererade direkt till din d\u00f6rr - enkelt och bekv\u00e4mt. S\u00e4ker, diskret och snabb leverans 2024\",\"breadcrumb\":{\"@id\":\"https:\/\/chemsmedstoreonline.com\/product\/kopa-stesolid-utan-recept\/#breadcrumb\"},\"inLanguage\":\"en-US\",\"potentialAction\":[{\"@type\":\"ReadAction\",\"target\":[\"https:\/\/chemsmedstoreonline.com\/product\/kopa-stesolid-utan-recept\/\"]}]},{\"@type\":\"ImageObject\",\"inLanguage\":\"en-US\",\"@id\":\"https:\/\/chemsmedstoreonline.com\/product\/kopa-stesolid-utan-recept\/#primaryimage\",\"url\":\"https:\/\/chemsmedstoreonline.com\/wp-content\/uploads\/2023\/11\/Stesoliddiazepamsuppository_801x801.jpg.webp\",\"contentUrl\":\"https:\/\/chemsmedstoreonline.com\/wp-content\/uploads\/2023\/11\/Stesoliddiazepamsuppository_801x801.jpg.webp\",\"width\":801,\"height\":801,\"caption\":\"k\u00f6pa stesolid utan recept\"},{\"@type\":\"BreadcrumbList\",\"@id\":\"https:\/\/chemsmedstoreonline.com\/product\/kopa-stesolid-utan-recept\/#breadcrumb\",\"itemListElement\":[{\"@type\":\"ListItem\",\"position\":1,\"name\":\"Home\",\"item\":\"https:\/\/chemsmedstoreonline.com\/en\/\"},{\"@type\":\"ListItem\",\"position\":2,\"name\":\"All products\",\"item\":\"https:\/\/chemsmedstoreonline.com\/all-products\/\"},{\"@type\":\"ListItem\",\"position\":3,\"name\":\"Stesolid 10mg\"}]},{\"@type\":\"WebSite\",\"@id\":\"https:\/\/chemsmedstoreonline.com\/en\/#website\",\"url\":\"https:\/\/chemsmedstoreonline.com\/en\/\",\"name\":\"Chem Med Store Online\",\"description\":\"\",\"publisher\":{\"@id\":\"https:\/\/chemsmedstoreonline.com\/en\/#organization\"},\"potentialAction\":[{\"@type\":\"SearchAction\",\"target\":{\"@type\":\"EntryPoint\",\"urlTemplate\":\"https:\/\/chemsmedstoreonline.com\/en\/?s={search_term_string}\"},\"query-input\":{\"@type\":\"PropertyValueSpecification\",\"valueRequired\":true,\"valueName\":\"search_term_string\"}}],\"inLanguage\":\"en-US\"},{\"@type\":\"Organization\",\"@id\":\"https:\/\/chemsmedstoreonline.com\/en\/#organization\",\"name\":\"Chem Med Store Online\",\"url\":\"https:\/\/chemsmedstoreonline.com\/en\/\",\"logo\":{\"@type\":\"ImageObject\",\"inLanguage\":\"en-US\",\"@id\":\"https:\/\/chemsmedstoreonline.com\/en\/#\/schema\/logo\/image\/\",\"url\":\"https:\/\/chemsmedstoreonline.com\/wp-content\/uploads\/2023\/11\/cropped-pharmacy.png\",\"contentUrl\":\"https:\/\/chemsmedstoreonline.com\/wp-content\/uploads\/2023\/11\/cropped-pharmacy.png\",\"width\":512,\"height\":512,\"caption\":\"Chem Med Store Online\"},\"image\":{\"@id\":\"https:\/\/chemsmedstoreonline.com\/en\/#\/schema\/logo\/image\/\"}}]}<\/script>\n<!-- \/ Yoast SEO Premium plugin. -->","yoast_head_json":{"title":"K\u00f6pa stesolid utan recept 2024 | Best\u00e4lla medicin p\u00e5 n\u00e4tet","description":"K\u00f6pa stesolid utan recept, f\u00e5 dina mediciner levererade direkt till din d\u00f6rr - enkelt och bekv\u00e4mt. S\u00e4ker, diskret och snabb leverans 2024","robots":{"index":"index","follow":"follow","max-snippet":"max-snippet:-1","max-image-preview":"max-image-preview:large","max-video-preview":"max-video-preview:-1"},"canonical":"https:\/\/chemsmedstoreonline.com\/en\/product\/kopa-stesolid-utan-recept\/","og_locale":"en_US","og_type":"article","og_title":"Stesolid 10mg","og_description":"K\u00f6pa stesolid utan recept, f\u00e5 dina mediciner levererade direkt till din d\u00f6rr - enkelt och bekv\u00e4mt. S\u00e4ker, diskret och snabb leverans 2024","og_url":"https:\/\/chemsmedstoreonline.com\/en\/product\/kopa-stesolid-utan-recept\/","og_site_name":"Chems Med Store Online","article_modified_time":"2024-03-09T23:19:59+00:00","og_image":[{"width":801,"height":801,"url":"https:\/\/chemsmedstoreonline.com\/wp-content\/uploads\/2023\/11\/Stesoliddiazepamsuppository_801x801.jpg.webp","type":"image\/webp"}],"twitter_card":"summary_large_image","twitter_misc":{"Est. reading time":"2 minutes"},"schema":{"@context":"https:\/\/schema.org","@graph":[{"@type":"WebPage","@id":"https:\/\/chemsmedstoreonline.com\/product\/kopa-stesolid-utan-recept\/","url":"https:\/\/chemsmedstoreonline.com\/product\/kopa-stesolid-utan-recept\/","name":"K\u00f6pa stesolid utan recept 2024 | Best\u00e4lla medicin p\u00e5 n\u00e4tet","isPartOf":{"@id":"https:\/\/chemsmedstoreonline.com\/en\/#website"},"primaryImageOfPage":{"@id":"https:\/\/chemsmedstoreonline.com\/product\/kopa-stesolid-utan-recept\/#primaryimage"},"image":{"@id":"https:\/\/chemsmedstoreonline.com\/product\/kopa-stesolid-utan-recept\/#primaryimage"},"thumbnailUrl":"https:\/\/chemsmedstoreonline.com\/wp-content\/uploads\/2023\/11\/Stesoliddiazepamsuppository_801x801.jpg.webp","datePublished":"2023-11-26T12:00:18+00:00","dateModified":"2024-03-09T23:19:59+00:00","description":"K\u00f6pa stesolid utan recept, f\u00e5 dina mediciner levererade direkt till din d\u00f6rr - enkelt och bekv\u00e4mt. S\u00e4ker, diskret och snabb leverans 2024","breadcrumb":{"@id":"https:\/\/chemsmedstoreonline.com\/product\/kopa-stesolid-utan-recept\/#breadcrumb"},"inLanguage":"en-US","potentialAction":[{"@type":"ReadAction","target":["https:\/\/chemsmedstoreonline.com\/product\/kopa-stesolid-utan-recept\/"]}]},{"@type":"ImageObject","inLanguage":"en-US","@id":"https:\/\/chemsmedstoreonline.com\/product\/kopa-stesolid-utan-recept\/#primaryimage","url":"https:\/\/chemsmedstoreonline.com\/wp-content\/uploads\/2023\/11\/Stesoliddiazepamsuppository_801x801.jpg.webp","contentUrl":"https:\/\/chemsmedstoreonline.com\/wp-content\/uploads\/2023\/11\/Stesoliddiazepamsuppository_801x801.jpg.webp","width":801,"height":801,"caption":"k\u00f6pa stesolid utan recept"},{"@type":"BreadcrumbList","@id":"https:\/\/chemsmedstoreonline.com\/product\/kopa-stesolid-utan-recept\/#breadcrumb","itemListElement":[{"@type":"ListItem","position":1,"name":"Home","item":"https:\/\/chemsmedstoreonline.com\/en\/"},{"@type":"ListItem","position":2,"name":"All products","item":"https:\/\/chemsmedstoreonline.com\/all-products\/"},{"@type":"ListItem","position":3,"name":"Stesolid 10mg"}]},{"@type":"WebSite","@id":"https:\/\/chemsmedstoreonline.com\/en\/#website","url":"https:\/\/chemsmedstoreonline.com\/en\/","name":"Chem Med Store Online","description":"","publisher":{"@id":"https:\/\/chemsmedstoreonline.com\/en\/#organization"},"potentialAction":[{"@type":"SearchAction","target":{"@type":"EntryPoint","urlTemplate":"https:\/\/chemsmedstoreonline.com\/en\/?s={search_term_string}"},"query-input":{"@type":"PropertyValueSpecification","valueRequired":true,"valueName":"search_term_string"}}],"inLanguage":"en-US"},{"@type":"Organization","@id":"https:\/\/chemsmedstoreonline.com\/en\/#organization","name":"Chem Med Store Online","url":"https:\/\/chemsmedstoreonline.com\/en\/","logo":{"@type":"ImageObject","inLanguage":"en-US","@id":"https:\/\/chemsmedstoreonline.com\/en\/#\/schema\/logo\/image\/","url":"https:\/\/chemsmedstoreonline.com\/wp-content\/uploads\/2023\/11\/cropped-pharmacy.png","contentUrl":"https:\/\/chemsmedstoreonline.com\/wp-content\/uploads\/2023\/11\/cropped-pharmacy.png","width":512,"height":512,"caption":"Chem Med Store Online"},"image":{"@id":"https:\/\/chemsmedstoreonline.com\/en\/#\/schema\/logo\/image\/"}}]}},"jetpack_sharing_enabled":true,"_links":{"self":[{"href":"https:\/\/chemsmedstoreonline.com\/en\/wp-json\/wp\/v2\/product\/37599","targetHints":{"allow":["GET"]}}],"collection":[{"href":"https:\/\/chemsmedstoreonline.com\/en\/wp-json\/wp\/v2\/product"}],"about":[{"href":"https:\/\/chemsmedstoreonline.com\/en\/wp-json\/wp\/v2\/types\/product"}],"replies":[{"embeddable":true,"href":"https:\/\/chemsmedstoreonline.com\/en\/wp-json\/wp\/v2\/comments?post=37599"}],"wp:featuredmedia":[{"embeddable":true,"href":"https:\/\/chemsmedstoreonline.com\/en\/wp-json\/wp\/v2\/media\/37602"}],"wp:attachment":[{"href":"https:\/\/chemsmedstoreonline.com\/en\/wp-json\/wp\/v2\/media?parent=37599"}],"wp:term":[{"taxonomy":"product_brand","embeddable":true,"href":"https:\/\/chemsmedstoreonline.com\/en\/wp-json\/wp\/v2\/product_brand?post=37599"},{"taxonomy":"product_cat","embeddable":true,"href":"https:\/\/chemsmedstoreonline.com\/en\/wp-json\/wp\/v2\/product_cat?post=37599"},{"taxonomy":"product_tag","embeddable":true,"href":"https:\/\/chemsmedstoreonline.com\/en\/wp-json\/wp\/v2\/product_tag?post=37599"}],"curies":[{"name":"wp","href":"https:\/\/api.w.org\/{rel}","templated":true}]}}