{"id":37841,"date":"2023-12-12T09:42:14","date_gmt":"2023-12-12T09:42:14","guid":{"rendered":"https:\/\/medicalsolutions72.com\/?post_type=product&#038;p=37841"},"modified":"2025-10-21T08:41:09","modified_gmt":"2025-10-21T08:41:09","slug":"kopa-oxykodon","status":"publish","type":"product","link":"https:\/\/chemsmedstoreonline.com\/en\/product\/kopa-oxykodon\/","title":{"rendered":"k\u00f6pa oxikodon 30mg"},"content":{"rendered":"<p><strong>\u00d6versikt \u00f6ver Oxykodon \u2013<br \/>\n<\/strong><\/p>\n<table>\n<thead>\n<tr>\n<th align=\"left\">Aktiv Substans<\/th>\n<th align=\"left\">Styrka<\/th>\n<th align=\"left\">L\u00e4kemedelsform (Exempel)<\/th>\n<th align=\"left\">Beskrivning<\/th>\n<\/tr>\n<\/thead>\n<tbody>\n<tr>\n<td align=\"left\">Oxykodon<\/td>\n<td align=\"left\">5 mg<\/td>\n<td align=\"left\">Tablett (omedelbar fris\u00e4ttning)<\/td>\n<td align=\"left\">F\u00f6r snabb sm\u00e4rtlindring vid behov.<\/td>\n<\/tr>\n<tr>\n<td align=\"left\">Oxykodon<\/td>\n<td align=\"left\">10 mg<\/td>\n<td align=\"left\">Tablett (omedelbar fris\u00e4ttning)<\/td>\n<td align=\"left\">F\u00f6r snabb sm\u00e4rtlindring vid behov.<\/td>\n<\/tr>\n<tr>\n<td align=\"left\">Oxykodon<\/td>\n<td align=\"left\">10 mg<\/td>\n<td align=\"left\">Depottablett (f\u00f6rdr\u00f6jd fris\u00e4ttning)<\/td>\n<td align=\"left\">F\u00f6r l\u00e5ngvarig sm\u00e4rtlindring \u00f6ver dygnet.<\/td>\n<\/tr>\n<tr>\n<td align=\"left\">Oxykodon<\/td>\n<td align=\"left\">20 mg<\/td>\n<td align=\"left\">Depottablett (f\u00f6rdr\u00f6jd fris\u00e4ttning)<\/td>\n<td align=\"left\">F\u00f6r l\u00e5ngvarig sm\u00e4rtlindring \u00f6ver dygnet.<\/td>\n<\/tr>\n<tr>\n<td align=\"left\">Oxykodon<\/td>\n<td align=\"left\">40 mg<\/td>\n<td align=\"left\">Depottablett (f\u00f6rdr\u00f6jd fris\u00e4ttning)<\/td>\n<td align=\"left\">F\u00f6r l\u00e5ngvarig sm\u00e4rtlindring \u00f6ver dygnet.<\/td>\n<\/tr>\n<tr>\n<td align=\"left\">Oxykodon<\/td>\n<td align=\"left\">80 mg<\/td>\n<td align=\"left\">Depottablett (f\u00f6rdr\u00f6jd fris\u00e4ttning)<\/td>\n<td align=\"left\">F\u00f6r l\u00e5ngvarig sm\u00e4rtlindring \u00f6ver dygnet vid sv\u00e5r sm\u00e4rta.<\/td>\n<\/tr>\n<\/tbody>\n<\/table>","protected":false},"excerpt":{"rendered":"<p>\u00d6versikt \u00f6ver Oxykodon \u2013 Aktiv Substans Styrka L\u00e4kemedelsform (Exempel) Beskrivning Oxykodon 5 mg Tablett (omedelbar fris\u00e4ttning) F\u00f6r snabb sm\u00e4rtlindring vid behov. Oxykodon 10 mg Tablett (omedelbar fris\u00e4ttning) F\u00f6r snabb sm\u00e4rtlindring vid behov. Oxykodon 10 mg Depottablett (f\u00f6rdr\u00f6jd fris\u00e4ttning) F\u00f6r l\u00e5ngvarig sm\u00e4rtlindring \u00f6ver dygnet. Oxykodon 20 mg Depottablett (f\u00f6rdr\u00f6jd fris\u00e4ttning) F\u00f6r l\u00e5ngvarig sm\u00e4rtlindring \u00f6ver dygnet. Oxykodon&hellip;<\/p>","protected":false},"featured_media":37846,"comment_status":"open","ping_status":"closed","template":"","meta":[],"product_brand":[],"product_cat":[219],"product_tag":[285,280,283,284,286,281,282,289,287,290,291,292,288],"class_list":{"0":"post-37841","1":"product","2":"type-product","3":"status-publish","4":"has-post-thumbnail","6":"product_cat-smartstillande-piller","7":"product_tag-oxikodon-10-mg","8":"product_tag-oxikodon-5-mg","9":"product_tag-oxikodon-actavis","10":"product_tag-oxikodon-actavis-5-mg","11":"product_tag-oxikodon-actavis-5-mg-verkningstid","12":"product_tag-oxikodon-biverkningar","13":"product_tag-oxikodon-depot","14":"product_tag-oxikodon-depot-10-mg","15":"product_tag-oxikodon-depot-actavis-5-mg","16":"product_tag-oxikodon-depot-actavis-5-mg-verkningstid","17":"product_tag-oxikodon-narkotikaklassat","18":"product_tag-oxikodon-oxynorm","19":"product_tag-vad-ar-oxikodon","20":"description-off","22":"first","23":"instock","24":"sale","25":"shipping-taxable","26":"purchasable","27":"product-type-variable"},"yoast_head":"<!-- This site is optimized with the Yoast SEO Premium plugin v26.2 (Yoast SEO v27.0) - https:\/\/yoast.com\/product\/yoast-seo-premium-wordpress\/ -->\n<title>K\u00f6p Oxykodon Lagligt Online \u2013 Oxikodon sverige utan recipt<\/title>\n<meta name=\"description\" content=\"Vill du k\u00f6pa Oxykodon online? L\u00e4s v\u00e5r guide om hur du k\u00f6per Oxykodon lagligt i Sverige, vilka regler som g\u00e4ller, och vad du b\u00f6r t\u00e4nka p\u00e5 vid anv\u00e4ndning.\" \/>\n<meta name=\"robots\" content=\"index, follow, max-snippet:-1, max-image-preview:large, max-video-preview:-1\" \/>\n<link rel=\"canonical\" href=\"https:\/\/chemsmedstoreonline.com\/en\/product\/kopa-oxykodon\/\" \/>\n<meta property=\"og:locale\" content=\"en_US\" \/>\n<meta property=\"og:type\" content=\"article\" \/>\n<meta property=\"og:title\" content=\"k\u00f6pa oxikodon 30mg\" \/>\n<meta property=\"og:description\" content=\"Vill du k\u00f6pa Oxykodon online? L\u00e4s v\u00e5r guide om hur du k\u00f6per Oxykodon lagligt i Sverige, vilka regler som g\u00e4ller, och vad du b\u00f6r t\u00e4nka p\u00e5 vid anv\u00e4ndning.\" \/>\n<meta property=\"og:url\" content=\"https:\/\/chemsmedstoreonline.com\/en\/product\/kopa-oxykodon\/\" \/>\n<meta property=\"og:site_name\" content=\"Chems Med Store Online\" \/>\n<meta property=\"article:modified_time\" content=\"2025-10-21T08:41:09+00:00\" \/>\n<meta property=\"og:image\" content=\"https:\/\/chemsmedstoreonline.com\/wp-content\/uploads\/2023\/12\/oxycodone-30mg.jpg\" \/>\n\t<meta property=\"og:image:width\" content=\"600\" \/>\n\t<meta property=\"og:image:height\" content=\"801\" \/>\n\t<meta property=\"og:image:type\" content=\"image\/jpeg\" \/>\n<meta name=\"twitter:card\" content=\"summary_large_image\" \/>\n<meta name=\"twitter:label1\" content=\"Est. reading time\" \/>\n\t<meta name=\"twitter:data1\" content=\"1 minute\" \/>\n<script type=\"application\/ld+json\" class=\"yoast-schema-graph\">{\"@context\":\"https:\/\/schema.org\",\"@graph\":[{\"@type\":\"WebPage\",\"@id\":\"https:\/\/chemsmedstoreonline.com\/en\/product\/kopa-oxykodon\/\",\"url\":\"https:\/\/chemsmedstoreonline.com\/en\/product\/kopa-oxykodon\/\",\"name\":\"K\u00f6p Oxykodon Lagligt Online \u2013 Oxikodon sverige utan recipt\",\"isPartOf\":{\"@id\":\"https:\/\/chemsmedstoreonline.com\/en\/#website\"},\"primaryImageOfPage\":{\"@id\":\"https:\/\/chemsmedstoreonline.com\/en\/product\/kopa-oxykodon\/#primaryimage\"},\"image\":{\"@id\":\"https:\/\/chemsmedstoreonline.com\/en\/product\/kopa-oxykodon\/#primaryimage\"},\"thumbnailUrl\":\"https:\/\/chemsmedstoreonline.com\/wp-content\/uploads\/2023\/12\/oxycodone-30mg.jpg\",\"datePublished\":\"2023-12-12T09:42:14+00:00\",\"dateModified\":\"2025-10-21T08:41:09+00:00\",\"description\":\"Vill du k\u00f6pa Oxykodon online? L\u00e4s v\u00e5r guide om hur du k\u00f6per Oxykodon lagligt i Sverige, vilka regler som g\u00e4ller, och vad du b\u00f6r t\u00e4nka p\u00e5 vid anv\u00e4ndning.\",\"breadcrumb\":{\"@id\":\"https:\/\/chemsmedstoreonline.com\/en\/product\/kopa-oxykodon\/#breadcrumb\"},\"inLanguage\":\"en-US\",\"potentialAction\":[{\"@type\":\"ReadAction\",\"target\":[\"https:\/\/chemsmedstoreonline.com\/en\/product\/kopa-oxykodon\/\"]}]},{\"@type\":\"ImageObject\",\"inLanguage\":\"en-US\",\"@id\":\"https:\/\/chemsmedstoreonline.com\/en\/product\/kopa-oxykodon\/#primaryimage\",\"url\":\"https:\/\/chemsmedstoreonline.com\/wp-content\/uploads\/2023\/12\/oxycodone-30mg.jpg\",\"contentUrl\":\"https:\/\/chemsmedstoreonline.com\/wp-content\/uploads\/2023\/12\/oxycodone-30mg.jpg\",\"width\":600,\"height\":801,\"caption\":\"k\u00f6pa oxikodon\"},{\"@type\":\"BreadcrumbList\",\"@id\":\"https:\/\/chemsmedstoreonline.com\/en\/product\/kopa-oxykodon\/#breadcrumb\",\"itemListElement\":[{\"@type\":\"ListItem\",\"position\":1,\"name\":\"Home\",\"item\":\"https:\/\/chemsmedstoreonline.com\/en\/\"},{\"@type\":\"ListItem\",\"position\":2,\"name\":\"All products\",\"item\":\"https:\/\/chemsmedstoreonline.com\/all-products\/\"},{\"@type\":\"ListItem\",\"position\":3,\"name\":\"k\u00f6pa oxikodon 30mg\"}]},{\"@type\":\"WebSite\",\"@id\":\"https:\/\/chemsmedstoreonline.com\/en\/#website\",\"url\":\"https:\/\/chemsmedstoreonline.com\/en\/\",\"name\":\"Chem Med Store Online\",\"description\":\"\",\"publisher\":{\"@id\":\"https:\/\/chemsmedstoreonline.com\/en\/#organization\"},\"potentialAction\":[{\"@type\":\"SearchAction\",\"target\":{\"@type\":\"EntryPoint\",\"urlTemplate\":\"https:\/\/chemsmedstoreonline.com\/en\/?s={search_term_string}\"},\"query-input\":{\"@type\":\"PropertyValueSpecification\",\"valueRequired\":true,\"valueName\":\"search_term_string\"}}],\"inLanguage\":\"en-US\"},{\"@type\":\"Organization\",\"@id\":\"https:\/\/chemsmedstoreonline.com\/en\/#organization\",\"name\":\"Chem Med Store Online\",\"url\":\"https:\/\/chemsmedstoreonline.com\/en\/\",\"logo\":{\"@type\":\"ImageObject\",\"inLanguage\":\"en-US\",\"@id\":\"https:\/\/chemsmedstoreonline.com\/en\/#\/schema\/logo\/image\/\",\"url\":\"https:\/\/chemsmedstoreonline.com\/wp-content\/uploads\/2023\/11\/cropped-pharmacy.png\",\"contentUrl\":\"https:\/\/chemsmedstoreonline.com\/wp-content\/uploads\/2023\/11\/cropped-pharmacy.png\",\"width\":512,\"height\":512,\"caption\":\"Chem Med Store Online\"},\"image\":{\"@id\":\"https:\/\/chemsmedstoreonline.com\/en\/#\/schema\/logo\/image\/\"}}]}<\/script>\n<!-- \/ Yoast SEO Premium plugin. -->","yoast_head_json":{"title":"K\u00f6p Oxykodon Lagligt Online \u2013 Oxikodon sverige utan recipt","description":"Vill du k\u00f6pa Oxykodon online? L\u00e4s v\u00e5r guide om hur du k\u00f6per Oxykodon lagligt i Sverige, vilka regler som g\u00e4ller, och vad du b\u00f6r t\u00e4nka p\u00e5 vid anv\u00e4ndning.","robots":{"index":"index","follow":"follow","max-snippet":"max-snippet:-1","max-image-preview":"max-image-preview:large","max-video-preview":"max-video-preview:-1"},"canonical":"https:\/\/chemsmedstoreonline.com\/en\/product\/kopa-oxykodon\/","og_locale":"en_US","og_type":"article","og_title":"k\u00f6pa oxikodon 30mg","og_description":"Vill du k\u00f6pa Oxykodon online? L\u00e4s v\u00e5r guide om hur du k\u00f6per Oxykodon lagligt i Sverige, vilka regler som g\u00e4ller, och vad du b\u00f6r t\u00e4nka p\u00e5 vid anv\u00e4ndning.","og_url":"https:\/\/chemsmedstoreonline.com\/en\/product\/kopa-oxykodon\/","og_site_name":"Chems Med Store Online","article_modified_time":"2025-10-21T08:41:09+00:00","og_image":[{"width":600,"height":801,"url":"https:\/\/chemsmedstoreonline.com\/wp-content\/uploads\/2023\/12\/oxycodone-30mg.jpg","type":"image\/jpeg"}],"twitter_card":"summary_large_image","twitter_misc":{"Est. reading time":"1 minute"},"schema":{"@context":"https:\/\/schema.org","@graph":[{"@type":"WebPage","@id":"https:\/\/chemsmedstoreonline.com\/en\/product\/kopa-oxykodon\/","url":"https:\/\/chemsmedstoreonline.com\/en\/product\/kopa-oxykodon\/","name":"K\u00f6p Oxykodon Lagligt Online \u2013 Oxikodon sverige utan recipt","isPartOf":{"@id":"https:\/\/chemsmedstoreonline.com\/en\/#website"},"primaryImageOfPage":{"@id":"https:\/\/chemsmedstoreonline.com\/en\/product\/kopa-oxykodon\/#primaryimage"},"image":{"@id":"https:\/\/chemsmedstoreonline.com\/en\/product\/kopa-oxykodon\/#primaryimage"},"thumbnailUrl":"https:\/\/chemsmedstoreonline.com\/wp-content\/uploads\/2023\/12\/oxycodone-30mg.jpg","datePublished":"2023-12-12T09:42:14+00:00","dateModified":"2025-10-21T08:41:09+00:00","description":"Vill du k\u00f6pa Oxykodon online? L\u00e4s v\u00e5r guide om hur du k\u00f6per Oxykodon lagligt i Sverige, vilka regler som g\u00e4ller, och vad du b\u00f6r t\u00e4nka p\u00e5 vid anv\u00e4ndning.","breadcrumb":{"@id":"https:\/\/chemsmedstoreonline.com\/en\/product\/kopa-oxykodon\/#breadcrumb"},"inLanguage":"en-US","potentialAction":[{"@type":"ReadAction","target":["https:\/\/chemsmedstoreonline.com\/en\/product\/kopa-oxykodon\/"]}]},{"@type":"ImageObject","inLanguage":"en-US","@id":"https:\/\/chemsmedstoreonline.com\/en\/product\/kopa-oxykodon\/#primaryimage","url":"https:\/\/chemsmedstoreonline.com\/wp-content\/uploads\/2023\/12\/oxycodone-30mg.jpg","contentUrl":"https:\/\/chemsmedstoreonline.com\/wp-content\/uploads\/2023\/12\/oxycodone-30mg.jpg","width":600,"height":801,"caption":"k\u00f6pa oxikodon"},{"@type":"BreadcrumbList","@id":"https:\/\/chemsmedstoreonline.com\/en\/product\/kopa-oxykodon\/#breadcrumb","itemListElement":[{"@type":"ListItem","position":1,"name":"Home","item":"https:\/\/chemsmedstoreonline.com\/en\/"},{"@type":"ListItem","position":2,"name":"All products","item":"https:\/\/chemsmedstoreonline.com\/all-products\/"},{"@type":"ListItem","position":3,"name":"k\u00f6pa oxikodon 30mg"}]},{"@type":"WebSite","@id":"https:\/\/chemsmedstoreonline.com\/en\/#website","url":"https:\/\/chemsmedstoreonline.com\/en\/","name":"Chem Med Store Online","description":"","publisher":{"@id":"https:\/\/chemsmedstoreonline.com\/en\/#organization"},"potentialAction":[{"@type":"SearchAction","target":{"@type":"EntryPoint","urlTemplate":"https:\/\/chemsmedstoreonline.com\/en\/?s={search_term_string}"},"query-input":{"@type":"PropertyValueSpecification","valueRequired":true,"valueName":"search_term_string"}}],"inLanguage":"en-US"},{"@type":"Organization","@id":"https:\/\/chemsmedstoreonline.com\/en\/#organization","name":"Chem Med Store Online","url":"https:\/\/chemsmedstoreonline.com\/en\/","logo":{"@type":"ImageObject","inLanguage":"en-US","@id":"https:\/\/chemsmedstoreonline.com\/en\/#\/schema\/logo\/image\/","url":"https:\/\/chemsmedstoreonline.com\/wp-content\/uploads\/2023\/11\/cropped-pharmacy.png","contentUrl":"https:\/\/chemsmedstoreonline.com\/wp-content\/uploads\/2023\/11\/cropped-pharmacy.png","width":512,"height":512,"caption":"Chem Med Store Online"},"image":{"@id":"https:\/\/chemsmedstoreonline.com\/en\/#\/schema\/logo\/image\/"}}]}},"jetpack_sharing_enabled":true,"_links":{"self":[{"href":"https:\/\/chemsmedstoreonline.com\/en\/wp-json\/wp\/v2\/product\/37841","targetHints":{"allow":["GET"]}}],"collection":[{"href":"https:\/\/chemsmedstoreonline.com\/en\/wp-json\/wp\/v2\/product"}],"about":[{"href":"https:\/\/chemsmedstoreonline.com\/en\/wp-json\/wp\/v2\/types\/product"}],"replies":[{"embeddable":true,"href":"https:\/\/chemsmedstoreonline.com\/en\/wp-json\/wp\/v2\/comments?post=37841"}],"wp:featuredmedia":[{"embeddable":true,"href":"https:\/\/chemsmedstoreonline.com\/en\/wp-json\/wp\/v2\/media\/37846"}],"wp:attachment":[{"href":"https:\/\/chemsmedstoreonline.com\/en\/wp-json\/wp\/v2\/media?parent=37841"}],"wp:term":[{"taxonomy":"product_brand","embeddable":true,"href":"https:\/\/chemsmedstoreonline.com\/en\/wp-json\/wp\/v2\/product_brand?post=37841"},{"taxonomy":"product_cat","embeddable":true,"href":"https:\/\/chemsmedstoreonline.com\/en\/wp-json\/wp\/v2\/product_cat?post=37841"},{"taxonomy":"product_tag","embeddable":true,"href":"https:\/\/chemsmedstoreonline.com\/en\/wp-json\/wp\/v2\/product_tag?post=37841"}],"curies":[{"name":"wp","href":"https:\/\/api.w.org\/{rel}","templated":true}]}}