{"id":37853,"date":"2023-12-12T16:06:56","date_gmt":"2023-12-12T16:06:56","guid":{"rendered":"https:\/\/medicalsolutions72.com\/?post_type=product&#038;p=37853"},"modified":"2025-10-10T12:19:26","modified_gmt":"2025-10-10T12:19:26","slug":"kopa-sobril-utan-recept","status":"publish","type":"product","link":"https:\/\/chemsmedstoreonline.com\/en\/product\/kopa-sobril-utan-recept\/","title":{"rendered":"Sobril 25mg"},"content":{"rendered":"<h2><span id=\"input-sentence~0\">Varf\u00f6r V\u00e4lj Oss: k\u00f6pa sobril p\u00e5 n\u00e4tet och k\u00f6pa sobril receptfritt<\/span><\/h2>\n<p><span id=\"input-sentence~0\">Sobril, allm\u00e4nt k\u00e4nt som Oxazepam, hj\u00e4lper m\u00e5nga m\u00e4nniskor att hantera tillf\u00e4lliga perioder av \u00f6kad<a href=\"https:\/\/balancerehabclinic.se\/sobril\/\"> \u00e5ngest och \u00f6verv\u00e4ldigande stress<\/a>. D\u00e4rf\u00f6r kan detta p\u00e5litliga l\u00e4kemedel s\u00e4kert ge dig tillbaka lite v\u00e4lbeh\u00f6vlig lugn och vila i ditt dagliga liv. L\u00e4kare f\u00f6rskriver ofta Sobril f\u00f6r att erbjuda kortsiktigt st\u00f6d f\u00f6r att hantera generella \u00e5ngestsyndrom och potentiella abstinensbesv\u00e4r. Det ger en snabb v\u00e4g till avslappning f\u00f6r individer som f\u00f6r n\u00e4rvarande k\u00e4mpar med ih\u00e5llande sp\u00e4nning.<\/span><\/p>\n<p><span id=\"input-sentence~1\">Du b\u00f6r veta att Sobril \u00e4r fullt godk\u00e4nt av den strikta Europeiska l\u00e4kemedelsmyndigheten (EMA) f\u00f6r tillf\u00f6rlitlig anv\u00e4ndning. Dessutom uppfyller detta l\u00e4kemedel de h\u00f6ga s\u00e4kerhetsstandarderna fr\u00e5n flera erk\u00e4nda europeiska nationella myndigheter i hela regionen. Efterlevnad s\u00e4kerst\u00e4ller att patienter f\u00e5r h\u00f6gkvalitativ behandling som f\u00f6ljer alla n\u00f6dv\u00e4ndiga statliga f\u00f6reskrifter och riktlinjer.<\/span><\/p>\n<h2><span id=\"input-sentence~2\">S\u00e4kerhetsgaranti: k\u00f6pa sobril och k\u00f6pa sobril online<\/span><\/h2>\n<p><span id=\"input-sentence~2\">N\u00e4r man \u00f6verv\u00e4ger att k\u00f6pa sobril p\u00e5 n\u00e4tet utan recept fr\u00e5gar m\u00e5nga patienter: kan man k\u00f6pa sobril p\u00e5 n\u00e4tet s\u00e4kert och tillf\u00f6rlitligt varje g\u00e5ng? Att hitta r\u00e4tt plats f\u00f6r dina sobril k\u00f6pa-behov undviker risker i samband med potentiellt obeh\u00f6riga k\u00e4llor n\u00e4r du provar k\u00f6pa sobril p\u00e5 n\u00e4tet utan recept. Vi avr\u00e5der fr\u00e5n att f\u00f6rs\u00f6ka k\u00f6pa sobril utan recept var som helst utan den korrekta medicinska konsultationen som kr\u00e4vs f\u00f6r s\u00e4kerheten. Ett registrerat apotek garanterar korrekt tillsyn n\u00e4r du best\u00e4mmer dig f\u00f6r var du s\u00e4kert och ansvarsfullt ska g\u00e5 vidare med kan man k\u00f6pa sobril p\u00e5 n\u00e4tet.<\/span><\/p>","protected":false},"excerpt":{"rendered":"<p>Varf\u00f6r V\u00e4lj Oss: k\u00f6pa sobril p\u00e5 n\u00e4tet och k\u00f6pa sobril receptfritt Sobril, allm\u00e4nt k\u00e4nt som Oxazepam, hj\u00e4lper m\u00e5nga m\u00e4nniskor att hantera tillf\u00e4lliga perioder av \u00f6kad \u00e5ngest och \u00f6verv\u00e4ldigande stress. D\u00e4rf\u00f6r kan detta p\u00e5litliga l\u00e4kemedel s\u00e4kert ge dig tillbaka lite v\u00e4lbeh\u00f6vlig lugn och vila i ditt dagliga liv. L\u00e4kare f\u00f6rskriver ofta Sobril f\u00f6r att erbjuda kortsiktigt&hellip;<\/p>","protected":false},"featured_media":45984,"comment_status":"open","ping_status":"closed","template":"","meta":[],"product_brand":[],"product_cat":[216],"product_tag":[256,258,260,253,255,254,259,257],"class_list":{"0":"post-37853","1":"product","2":"type-product","3":"status-publish","4":"has-post-thumbnail","6":"product_cat-angest","7":"product_tag-kan-man-kopa-sobril-pa-natet","8":"product_tag-kopa-sobril","9":"product_tag-kopa-sobril-online","10":"product_tag-kopa-sobril-pa-natet","11":"product_tag-kopa-sobril-pa-natet-utan-recept","12":"product_tag-kopa-sobril-receptfritt","13":"product_tag-kopa-sobril-utan-recept","14":"product_tag-sobril-kopa","15":"description-off","17":"first","18":"instock","19":"sale","20":"shipping-taxable","21":"purchasable","22":"product-type-variable"},"yoast_head":"<!-- This site is optimized with the Yoast SEO Premium plugin v26.2 (Yoast SEO v27.0) - https:\/\/yoast.com\/product\/yoast-seo-premium-wordpress\/ -->\n<title>K\u00f6pa Sobril utan Recept \u2013 S\u00e4ker &amp; Diskret Onlinebest\u00e4llning Idag<\/title>\n<meta name=\"description\" content=\"Vill du k\u00f6pa Sobril utan recept? Uppt\u00e4ck trygg och certifierad onlinebest\u00e4llning med snabb leverans. Best\u00e4ll Sobril lagligt och diskret redan idag.\" \/>\n<meta name=\"robots\" content=\"index, follow, max-snippet:-1, max-image-preview:large, max-video-preview:-1\" \/>\n<link rel=\"canonical\" href=\"https:\/\/chemsmedstoreonline.com\/en\/product\/kopa-sobril-utan-recept\/\" \/>\n<meta property=\"og:locale\" content=\"en_US\" \/>\n<meta property=\"og:type\" content=\"article\" \/>\n<meta property=\"og:title\" content=\"Sobril 25mg\" \/>\n<meta property=\"og:description\" content=\"Vill du k\u00f6pa Sobril utan recept? Uppt\u00e4ck trygg och certifierad onlinebest\u00e4llning med snabb leverans. Best\u00e4ll Sobril lagligt och diskret redan idag.\" \/>\n<meta property=\"og:url\" content=\"https:\/\/chemsmedstoreonline.com\/en\/product\/kopa-sobril-utan-recept\/\" \/>\n<meta property=\"og:site_name\" content=\"Chems Med Store Online\" \/>\n<meta property=\"article:modified_time\" content=\"2025-10-10T12:19:26+00:00\" \/>\n<meta property=\"og:image\" content=\"https:\/\/chemsmedstoreonline.com\/wp-content\/uploads\/2023\/12\/sobril-25mg-500x500-1.jpg\" \/>\n\t<meta property=\"og:image:width\" content=\"500\" \/>\n\t<meta property=\"og:image:height\" content=\"500\" \/>\n\t<meta property=\"og:image:type\" content=\"image\/jpeg\" \/>\n<meta name=\"twitter:card\" content=\"summary_large_image\" \/>\n<meta name=\"twitter:label1\" content=\"Est. reading time\" \/>\n\t<meta name=\"twitter:data1\" content=\"2 minutes\" \/>\n<script type=\"application\/ld+json\" class=\"yoast-schema-graph\">{\"@context\":\"https:\/\/schema.org\",\"@graph\":[{\"@type\":\"WebPage\",\"@id\":\"https:\/\/chemsmedstoreonline.com\/product\/kopa-sobril-utan-recept\/\",\"url\":\"https:\/\/chemsmedstoreonline.com\/product\/kopa-sobril-utan-recept\/\",\"name\":\"K\u00f6pa Sobril utan Recept \u2013 S\u00e4ker & Diskret Onlinebest\u00e4llning Idag\",\"isPartOf\":{\"@id\":\"https:\/\/chemsmedstoreonline.com\/en\/#website\"},\"primaryImageOfPage\":{\"@id\":\"https:\/\/chemsmedstoreonline.com\/product\/kopa-sobril-utan-recept\/#primaryimage\"},\"image\":{\"@id\":\"https:\/\/chemsmedstoreonline.com\/product\/kopa-sobril-utan-recept\/#primaryimage\"},\"thumbnailUrl\":\"https:\/\/chemsmedstoreonline.com\/wp-content\/uploads\/2023\/12\/sobril-25mg-500x500-1.jpg\",\"datePublished\":\"2023-12-12T16:06:56+00:00\",\"dateModified\":\"2025-10-10T12:19:26+00:00\",\"description\":\"Vill du k\u00f6pa Sobril utan recept? Uppt\u00e4ck trygg och certifierad onlinebest\u00e4llning med snabb leverans. Best\u00e4ll Sobril lagligt och diskret redan idag.\",\"breadcrumb\":{\"@id\":\"https:\/\/chemsmedstoreonline.com\/product\/kopa-sobril-utan-recept\/#breadcrumb\"},\"inLanguage\":\"en-US\",\"potentialAction\":[{\"@type\":\"ReadAction\",\"target\":[\"https:\/\/chemsmedstoreonline.com\/product\/kopa-sobril-utan-recept\/\"]}]},{\"@type\":\"ImageObject\",\"inLanguage\":\"en-US\",\"@id\":\"https:\/\/chemsmedstoreonline.com\/product\/kopa-sobril-utan-recept\/#primaryimage\",\"url\":\"https:\/\/chemsmedstoreonline.com\/wp-content\/uploads\/2023\/12\/sobril-25mg-500x500-1.jpg\",\"contentUrl\":\"https:\/\/chemsmedstoreonline.com\/wp-content\/uploads\/2023\/12\/sobril-25mg-500x500-1.jpg\",\"width\":500,\"height\":500,\"caption\":\"SOBRIL l\u00e4kemedel online - k\u00f6p tryggt hos Chemsmed Store\"},{\"@type\":\"BreadcrumbList\",\"@id\":\"https:\/\/chemsmedstoreonline.com\/product\/kopa-sobril-utan-recept\/#breadcrumb\",\"itemListElement\":[{\"@type\":\"ListItem\",\"position\":1,\"name\":\"Home\",\"item\":\"https:\/\/chemsmedstoreonline.com\/en\/\"},{\"@type\":\"ListItem\",\"position\":2,\"name\":\"All products\",\"item\":\"https:\/\/chemsmedstoreonline.com\/all-products\/\"},{\"@type\":\"ListItem\",\"position\":3,\"name\":\"Sobril 25mg\"}]},{\"@type\":\"WebSite\",\"@id\":\"https:\/\/chemsmedstoreonline.com\/en\/#website\",\"url\":\"https:\/\/chemsmedstoreonline.com\/en\/\",\"name\":\"Chem Med Store Online\",\"description\":\"\",\"publisher\":{\"@id\":\"https:\/\/chemsmedstoreonline.com\/en\/#organization\"},\"potentialAction\":[{\"@type\":\"SearchAction\",\"target\":{\"@type\":\"EntryPoint\",\"urlTemplate\":\"https:\/\/chemsmedstoreonline.com\/en\/?s={search_term_string}\"},\"query-input\":{\"@type\":\"PropertyValueSpecification\",\"valueRequired\":true,\"valueName\":\"search_term_string\"}}],\"inLanguage\":\"en-US\"},{\"@type\":\"Organization\",\"@id\":\"https:\/\/chemsmedstoreonline.com\/en\/#organization\",\"name\":\"Chem Med Store Online\",\"url\":\"https:\/\/chemsmedstoreonline.com\/en\/\",\"logo\":{\"@type\":\"ImageObject\",\"inLanguage\":\"en-US\",\"@id\":\"https:\/\/chemsmedstoreonline.com\/en\/#\/schema\/logo\/image\/\",\"url\":\"https:\/\/chemsmedstoreonline.com\/wp-content\/uploads\/2023\/11\/cropped-pharmacy.png\",\"contentUrl\":\"https:\/\/chemsmedstoreonline.com\/wp-content\/uploads\/2023\/11\/cropped-pharmacy.png\",\"width\":512,\"height\":512,\"caption\":\"Chem Med Store Online\"},\"image\":{\"@id\":\"https:\/\/chemsmedstoreonline.com\/en\/#\/schema\/logo\/image\/\"}}]}<\/script>\n<!-- \/ Yoast SEO Premium plugin. -->","yoast_head_json":{"title":"K\u00f6pa Sobril utan Recept \u2013 S\u00e4ker & Diskret Onlinebest\u00e4llning Idag","description":"Vill du k\u00f6pa Sobril utan recept? Uppt\u00e4ck trygg och certifierad onlinebest\u00e4llning med snabb leverans. Best\u00e4ll Sobril lagligt och diskret redan idag.","robots":{"index":"index","follow":"follow","max-snippet":"max-snippet:-1","max-image-preview":"max-image-preview:large","max-video-preview":"max-video-preview:-1"},"canonical":"https:\/\/chemsmedstoreonline.com\/en\/product\/kopa-sobril-utan-recept\/","og_locale":"en_US","og_type":"article","og_title":"Sobril 25mg","og_description":"Vill du k\u00f6pa Sobril utan recept? Uppt\u00e4ck trygg och certifierad onlinebest\u00e4llning med snabb leverans. Best\u00e4ll Sobril lagligt och diskret redan idag.","og_url":"https:\/\/chemsmedstoreonline.com\/en\/product\/kopa-sobril-utan-recept\/","og_site_name":"Chems Med Store Online","article_modified_time":"2025-10-10T12:19:26+00:00","og_image":[{"width":500,"height":500,"url":"https:\/\/chemsmedstoreonline.com\/wp-content\/uploads\/2023\/12\/sobril-25mg-500x500-1.jpg","type":"image\/jpeg"}],"twitter_card":"summary_large_image","twitter_misc":{"Est. reading time":"2 minutes"},"schema":{"@context":"https:\/\/schema.org","@graph":[{"@type":"WebPage","@id":"https:\/\/chemsmedstoreonline.com\/product\/kopa-sobril-utan-recept\/","url":"https:\/\/chemsmedstoreonline.com\/product\/kopa-sobril-utan-recept\/","name":"K\u00f6pa Sobril utan Recept \u2013 S\u00e4ker & Diskret Onlinebest\u00e4llning Idag","isPartOf":{"@id":"https:\/\/chemsmedstoreonline.com\/en\/#website"},"primaryImageOfPage":{"@id":"https:\/\/chemsmedstoreonline.com\/product\/kopa-sobril-utan-recept\/#primaryimage"},"image":{"@id":"https:\/\/chemsmedstoreonline.com\/product\/kopa-sobril-utan-recept\/#primaryimage"},"thumbnailUrl":"https:\/\/chemsmedstoreonline.com\/wp-content\/uploads\/2023\/12\/sobril-25mg-500x500-1.jpg","datePublished":"2023-12-12T16:06:56+00:00","dateModified":"2025-10-10T12:19:26+00:00","description":"Vill du k\u00f6pa Sobril utan recept? Uppt\u00e4ck trygg och certifierad onlinebest\u00e4llning med snabb leverans. Best\u00e4ll Sobril lagligt och diskret redan idag.","breadcrumb":{"@id":"https:\/\/chemsmedstoreonline.com\/product\/kopa-sobril-utan-recept\/#breadcrumb"},"inLanguage":"en-US","potentialAction":[{"@type":"ReadAction","target":["https:\/\/chemsmedstoreonline.com\/product\/kopa-sobril-utan-recept\/"]}]},{"@type":"ImageObject","inLanguage":"en-US","@id":"https:\/\/chemsmedstoreonline.com\/product\/kopa-sobril-utan-recept\/#primaryimage","url":"https:\/\/chemsmedstoreonline.com\/wp-content\/uploads\/2023\/12\/sobril-25mg-500x500-1.jpg","contentUrl":"https:\/\/chemsmedstoreonline.com\/wp-content\/uploads\/2023\/12\/sobril-25mg-500x500-1.jpg","width":500,"height":500,"caption":"SOBRIL l\u00e4kemedel online - k\u00f6p tryggt hos Chemsmed Store"},{"@type":"BreadcrumbList","@id":"https:\/\/chemsmedstoreonline.com\/product\/kopa-sobril-utan-recept\/#breadcrumb","itemListElement":[{"@type":"ListItem","position":1,"name":"Home","item":"https:\/\/chemsmedstoreonline.com\/en\/"},{"@type":"ListItem","position":2,"name":"All products","item":"https:\/\/chemsmedstoreonline.com\/all-products\/"},{"@type":"ListItem","position":3,"name":"Sobril 25mg"}]},{"@type":"WebSite","@id":"https:\/\/chemsmedstoreonline.com\/en\/#website","url":"https:\/\/chemsmedstoreonline.com\/en\/","name":"Chem Med Store Online","description":"","publisher":{"@id":"https:\/\/chemsmedstoreonline.com\/en\/#organization"},"potentialAction":[{"@type":"SearchAction","target":{"@type":"EntryPoint","urlTemplate":"https:\/\/chemsmedstoreonline.com\/en\/?s={search_term_string}"},"query-input":{"@type":"PropertyValueSpecification","valueRequired":true,"valueName":"search_term_string"}}],"inLanguage":"en-US"},{"@type":"Organization","@id":"https:\/\/chemsmedstoreonline.com\/en\/#organization","name":"Chem Med Store Online","url":"https:\/\/chemsmedstoreonline.com\/en\/","logo":{"@type":"ImageObject","inLanguage":"en-US","@id":"https:\/\/chemsmedstoreonline.com\/en\/#\/schema\/logo\/image\/","url":"https:\/\/chemsmedstoreonline.com\/wp-content\/uploads\/2023\/11\/cropped-pharmacy.png","contentUrl":"https:\/\/chemsmedstoreonline.com\/wp-content\/uploads\/2023\/11\/cropped-pharmacy.png","width":512,"height":512,"caption":"Chem Med Store Online"},"image":{"@id":"https:\/\/chemsmedstoreonline.com\/en\/#\/schema\/logo\/image\/"}}]}},"jetpack_sharing_enabled":true,"_links":{"self":[{"href":"https:\/\/chemsmedstoreonline.com\/en\/wp-json\/wp\/v2\/product\/37853","targetHints":{"allow":["GET"]}}],"collection":[{"href":"https:\/\/chemsmedstoreonline.com\/en\/wp-json\/wp\/v2\/product"}],"about":[{"href":"https:\/\/chemsmedstoreonline.com\/en\/wp-json\/wp\/v2\/types\/product"}],"replies":[{"embeddable":true,"href":"https:\/\/chemsmedstoreonline.com\/en\/wp-json\/wp\/v2\/comments?post=37853"}],"wp:featuredmedia":[{"embeddable":true,"href":"https:\/\/chemsmedstoreonline.com\/en\/wp-json\/wp\/v2\/media\/45984"}],"wp:attachment":[{"href":"https:\/\/chemsmedstoreonline.com\/en\/wp-json\/wp\/v2\/media?parent=37853"}],"wp:term":[{"taxonomy":"product_brand","embeddable":true,"href":"https:\/\/chemsmedstoreonline.com\/en\/wp-json\/wp\/v2\/product_brand?post=37853"},{"taxonomy":"product_cat","embeddable":true,"href":"https:\/\/chemsmedstoreonline.com\/en\/wp-json\/wp\/v2\/product_cat?post=37853"},{"taxonomy":"product_tag","embeddable":true,"href":"https:\/\/chemsmedstoreonline.com\/en\/wp-json\/wp\/v2\/product_tag?post=37853"}],"curies":[{"name":"wp","href":"https:\/\/api.w.org\/{rel}","templated":true}]}}