{"id":37866,"date":"2023-12-12T16:28:04","date_gmt":"2023-12-12T16:28:04","guid":{"rendered":"https:\/\/medicalsolutions72.com\/?post_type=product&#038;p=37866"},"modified":"2025-10-10T12:04:55","modified_gmt":"2025-10-10T12:04:55","slug":"rohypnol-kopa","status":"publish","type":"product","link":"https:\/\/chemsmedstoreonline.com\/en\/product\/rohypnol-kopa\/","title":{"rendered":"Rohypnol"},"content":{"rendered":"<table>\n<thead>\n<tr>\n<th align=\"left\">Kategori<\/th>\n<th align=\"left\">Intern Beskrivning (Farmaceutisk Dokumentation)<\/th>\n<th align=\"left\">Detaljer (Svensk F\u00f6rskrivning)<\/th>\n<\/tr>\n<\/thead>\n<tbody>\n<tr>\n<td align=\"left\"><strong>Preparatnamn<\/strong><\/td>\n<td align=\"left\">Flunitrazepam<\/td>\n<td align=\"left\"><strong>Tidigare varum\u00e4rke:<\/strong> Rohypnol<\/td>\n<\/tr>\n<tr>\n<td align=\"left\"><strong>Aktiv Substans<\/strong><\/td>\n<td align=\"left\">Flunitrazepam<\/td>\n<td align=\"left\">Bensodiazepin<\/td>\n<\/tr>\n<tr>\n<td align=\"left\"><strong>ATC-kod<\/strong><\/td>\n<td align=\"left\">N05CD03<\/td>\n<td align=\"left\">Hypnotika och Sedativa<\/td>\n<\/tr>\n<tr>\n<td align=\"left\"><strong>Narkotikaklassning<\/strong><\/td>\n<td align=\"left\">Klass II (Sverige)<\/td>\n<td align=\"left\">H\u00f6gsta kontrollkategori f\u00f6r beroendeframkallande medel som \u00e4r godk\u00e4nda f\u00f6r medicinskt bruk.<\/td>\n<\/tr>\n<tr>\n<td align=\"left\"><strong>Indikation (Sverige)<\/strong><\/td>\n<td align=\"left\">Anv\u00e4ndning \u00e4r mycket begr\u00e4nsad och strikt reglerad. Anv\u00e4nds prim\u00e4rt f\u00f6r kortvarig behandling av sv\u00e5r s\u00f6mnl\u00f6shet n\u00e4r andra medel har misslyckats.<\/td>\n<td align=\"left\">F\u00f6rskrivs extremt restriktivt och under specialistkontroll.<\/td>\n<\/tr>\n<tr>\n<td align=\"left\"><strong>Receptkrav<\/strong><\/td>\n<td align=\"left\">S\u00e4rskild receptf\u00f6rskrivning kr\u00e4vs. Recept m\u00e5ste sparas under l\u00e4ngre tid enligt L\u00e4kemedelsverkets f\u00f6reskrifter.<\/td>\n<td align=\"left\">F\u00e5r ej expedieras vid f\u00f6r h\u00f6ga doser eller m\u00e4ngder.<\/td>\n<\/tr>\n<tr>\n<td align=\"left\"><strong>F\u00f6rvaring<\/strong><\/td>\n<td align=\"left\">L\u00e5st och s\u00e4rskilt utrymme (Narkotikask\u00e5p)<\/td>\n<td align=\"left\">Kr\u00e4ver dubbelkontroll vid in- och utleverans. Strikt inventeringsrutin.<\/td>\n<\/tr>\n<tr>\n<td align=\"left\"><strong>Riskprofil<\/strong><\/td>\n<td align=\"left\">H\u00f6g risk f\u00f6r beroende, toleransutveckling och missbruk. Mycket h\u00f6g risk f\u00f6r anterograd amnesi (minnesf\u00f6rlust).<\/td>\n<td align=\"left\">B\u00f6r endast anv\u00e4ndas under kortast m\u00f6jliga tid.<\/td>\n<\/tr>\n<tr>\n<td align=\"left\"><strong>Utl\u00e4mningskontroll<\/strong><\/td>\n<td align=\"left\">Apotekspersonal m\u00e5ste verifiera patientens identitet och kontrollera receptets giltighetstid och m\u00e4ngd.<\/td>\n<td align=\"left\">Strikta regler mot delutl\u00e4mnande utan tydlig dokumentation.<\/td>\n<\/tr>\n<tr>\n<td align=\"left\"><strong>Avfallshantering<\/strong><\/td>\n<td align=\"left\">Oanv\u00e4nt eller utg\u00e5nget l\u00e4kemedel m\u00e5ste destrueras enligt s\u00e4rskilda interna rutiner f\u00f6r narkotikaavfall (ofta bevittnad destruktion).<\/td>\n<td align=\"left\">Strikta journalf\u00f6ringskrav f\u00f6r destruktion.<\/td>\n<\/tr>\n<\/tbody>\n<\/table>\n<hr \/>","protected":false},"excerpt":{"rendered":"<p>Kategori Intern Beskrivning (Farmaceutisk Dokumentation) Detaljer (Svensk F\u00f6rskrivning) Preparatnamn Flunitrazepam Tidigare varum\u00e4rke: Rohypnol Aktiv Substans Flunitrazepam Bensodiazepin ATC-kod N05CD03 Hypnotika och Sedativa Narkotikaklassning Klass II (Sverige) H\u00f6gsta kontrollkategori f\u00f6r beroendeframkallande medel som \u00e4r godk\u00e4nda f\u00f6r medicinskt bruk. Indikation (Sverige) Anv\u00e4ndning \u00e4r mycket begr\u00e4nsad och strikt reglerad. Anv\u00e4nds prim\u00e4rt f\u00f6r kortvarig behandling av sv\u00e5r s\u00f6mnl\u00f6shet n\u00e4r&hellip;<\/p>","protected":false},"featured_media":37871,"comment_status":"open","ping_status":"closed","template":"","meta":[],"product_brand":[],"product_cat":[219],"product_tag":[236,234,239,237,238,233,235],"class_list":{"0":"post-37866","1":"product","2":"type-product","3":"status-publish","4":"has-post-thumbnail","6":"product_cat-smartstillande-piller","7":"product_tag-kopa-rohypnol","8":"product_tag-rohypnol-1-mg-btm","9":"product_tag-rohypnol-benzo","10":"product_tag-rohypnol-drogad","11":"product_tag-rohypnol-roofies","12":"product_tag-rohypnols-fass","13":"product_tag-vad-ar-rohypnol","14":"description-off","16":"first","17":"instock","18":"sale","19":"shipping-taxable","20":"purchasable","21":"product-type-variable"},"yoast_head":"<!-- This site is optimized with the Yoast SEO Premium plugin v26.2 (Yoast SEO v27.0) - https:\/\/yoast.com\/product\/yoast-seo-premium-wordpress\/ -->\n<title>K\u00f6p Rohypnol Online \u2013 Diskret &amp; S\u00e4ker Leverans | N\u00e4tapotek<\/title>\n<meta name=\"description\" content=\"Best\u00e4ll Rohypnol 1 mg &amp; 2mg snabbt och s\u00e4kert online. Ingen kr\u00e5ngel, diskret frakt och trygg betalning. K\u00f6p Rohypnol utan recept hos v\u00e5rt n\u00e4tapotek idag!\" \/>\n<meta name=\"robots\" content=\"index, follow, max-snippet:-1, max-image-preview:large, max-video-preview:-1\" \/>\n<link rel=\"canonical\" href=\"https:\/\/chemsmedstoreonline.com\/en\/product\/rohypnol-kopa\/\" \/>\n<meta property=\"og:locale\" content=\"en_US\" \/>\n<meta property=\"og:type\" content=\"article\" \/>\n<meta property=\"og:title\" content=\"Rohypnol\" \/>\n<meta property=\"og:description\" content=\"Best\u00e4ll Rohypnol 1 mg &amp; 2mg snabbt och s\u00e4kert online. Ingen kr\u00e5ngel, diskret frakt och trygg betalning. K\u00f6p Rohypnol utan recept hos v\u00e5rt n\u00e4tapotek idag!\" \/>\n<meta property=\"og:url\" content=\"https:\/\/chemsmedstoreonline.com\/en\/product\/rohypnol-kopa\/\" \/>\n<meta property=\"og:site_name\" content=\"Chems Med Store Online\" \/>\n<meta property=\"article:modified_time\" content=\"2025-10-10T12:04:55+00:00\" \/>\n<meta property=\"og:image\" content=\"https:\/\/chemsmedstoreonline.com\/wp-content\/uploads\/2023\/12\/Rohypnol-flunitrazepam-ZAR-2mg.jpg\" \/>\n\t<meta property=\"og:image:width\" content=\"641\" \/>\n\t<meta property=\"og:image:height\" content=\"600\" \/>\n\t<meta property=\"og:image:type\" content=\"image\/jpeg\" \/>\n<meta name=\"twitter:card\" content=\"summary_large_image\" \/>\n<meta name=\"twitter:label1\" content=\"Est. reading time\" \/>\n\t<meta name=\"twitter:data1\" content=\"1 minute\" \/>\n<script type=\"application\/ld+json\" class=\"yoast-schema-graph\">{\"@context\":\"https:\/\/schema.org\",\"@graph\":[{\"@type\":\"WebPage\",\"@id\":\"https:\/\/chemsmedstoreonline.com\/product\/rohypnol-kopa\/\",\"url\":\"https:\/\/chemsmedstoreonline.com\/product\/rohypnol-kopa\/\",\"name\":\"K\u00f6p Rohypnol Online \u2013 Diskret & S\u00e4ker Leverans | N\u00e4tapotek\",\"isPartOf\":{\"@id\":\"https:\/\/chemsmedstoreonline.com\/en\/#website\"},\"primaryImageOfPage\":{\"@id\":\"https:\/\/chemsmedstoreonline.com\/product\/rohypnol-kopa\/#primaryimage\"},\"image\":{\"@id\":\"https:\/\/chemsmedstoreonline.com\/product\/rohypnol-kopa\/#primaryimage\"},\"thumbnailUrl\":\"https:\/\/chemsmedstoreonline.com\/wp-content\/uploads\/2023\/12\/Rohypnol-flunitrazepam-ZAR-2mg.jpg\",\"datePublished\":\"2023-12-12T16:28:04+00:00\",\"dateModified\":\"2025-10-10T12:04:55+00:00\",\"description\":\"Best\u00e4ll Rohypnol 1 mg & 2mg snabbt och s\u00e4kert online. Ingen kr\u00e5ngel, diskret frakt och trygg betalning. K\u00f6p Rohypnol utan recept hos v\u00e5rt n\u00e4tapotek idag!\",\"breadcrumb\":{\"@id\":\"https:\/\/chemsmedstoreonline.com\/product\/rohypnol-kopa\/#breadcrumb\"},\"inLanguage\":\"en-US\",\"potentialAction\":[{\"@type\":\"ReadAction\",\"target\":[\"https:\/\/chemsmedstoreonline.com\/product\/rohypnol-kopa\/\"]}]},{\"@type\":\"ImageObject\",\"inLanguage\":\"en-US\",\"@id\":\"https:\/\/chemsmedstoreonline.com\/product\/rohypnol-kopa\/#primaryimage\",\"url\":\"https:\/\/chemsmedstoreonline.com\/wp-content\/uploads\/2023\/12\/Rohypnol-flunitrazepam-ZAR-2mg.jpg\",\"contentUrl\":\"https:\/\/chemsmedstoreonline.com\/wp-content\/uploads\/2023\/12\/Rohypnol-flunitrazepam-ZAR-2mg.jpg\",\"width\":641,\"height\":600,\"caption\":\"rohypnol k\u00f6pa\"},{\"@type\":\"BreadcrumbList\",\"@id\":\"https:\/\/chemsmedstoreonline.com\/product\/rohypnol-kopa\/#breadcrumb\",\"itemListElement\":[{\"@type\":\"ListItem\",\"position\":1,\"name\":\"Home\",\"item\":\"https:\/\/chemsmedstoreonline.com\/en\/\"},{\"@type\":\"ListItem\",\"position\":2,\"name\":\"All products\",\"item\":\"https:\/\/chemsmedstoreonline.com\/all-products\/\"},{\"@type\":\"ListItem\",\"position\":3,\"name\":\"Rohypnol\"}]},{\"@type\":\"WebSite\",\"@id\":\"https:\/\/chemsmedstoreonline.com\/en\/#website\",\"url\":\"https:\/\/chemsmedstoreonline.com\/en\/\",\"name\":\"Chem Med Store Online\",\"description\":\"\",\"publisher\":{\"@id\":\"https:\/\/chemsmedstoreonline.com\/en\/#organization\"},\"potentialAction\":[{\"@type\":\"SearchAction\",\"target\":{\"@type\":\"EntryPoint\",\"urlTemplate\":\"https:\/\/chemsmedstoreonline.com\/en\/?s={search_term_string}\"},\"query-input\":{\"@type\":\"PropertyValueSpecification\",\"valueRequired\":true,\"valueName\":\"search_term_string\"}}],\"inLanguage\":\"en-US\"},{\"@type\":\"Organization\",\"@id\":\"https:\/\/chemsmedstoreonline.com\/en\/#organization\",\"name\":\"Chem Med Store Online\",\"url\":\"https:\/\/chemsmedstoreonline.com\/en\/\",\"logo\":{\"@type\":\"ImageObject\",\"inLanguage\":\"en-US\",\"@id\":\"https:\/\/chemsmedstoreonline.com\/en\/#\/schema\/logo\/image\/\",\"url\":\"https:\/\/chemsmedstoreonline.com\/wp-content\/uploads\/2023\/11\/cropped-pharmacy.png\",\"contentUrl\":\"https:\/\/chemsmedstoreonline.com\/wp-content\/uploads\/2023\/11\/cropped-pharmacy.png\",\"width\":512,\"height\":512,\"caption\":\"Chem Med Store Online\"},\"image\":{\"@id\":\"https:\/\/chemsmedstoreonline.com\/en\/#\/schema\/logo\/image\/\"}}]}<\/script>\n<!-- \/ Yoast SEO Premium plugin. -->","yoast_head_json":{"title":"K\u00f6p Rohypnol Online \u2013 Diskret & S\u00e4ker Leverans | N\u00e4tapotek","description":"Best\u00e4ll Rohypnol 1 mg & 2mg snabbt och s\u00e4kert online. Ingen kr\u00e5ngel, diskret frakt och trygg betalning. K\u00f6p Rohypnol utan recept hos v\u00e5rt n\u00e4tapotek idag!","robots":{"index":"index","follow":"follow","max-snippet":"max-snippet:-1","max-image-preview":"max-image-preview:large","max-video-preview":"max-video-preview:-1"},"canonical":"https:\/\/chemsmedstoreonline.com\/en\/product\/rohypnol-kopa\/","og_locale":"en_US","og_type":"article","og_title":"Rohypnol","og_description":"Best\u00e4ll Rohypnol 1 mg & 2mg snabbt och s\u00e4kert online. Ingen kr\u00e5ngel, diskret frakt och trygg betalning. K\u00f6p Rohypnol utan recept hos v\u00e5rt n\u00e4tapotek idag!","og_url":"https:\/\/chemsmedstoreonline.com\/en\/product\/rohypnol-kopa\/","og_site_name":"Chems Med Store Online","article_modified_time":"2025-10-10T12:04:55+00:00","og_image":[{"width":641,"height":600,"url":"https:\/\/chemsmedstoreonline.com\/wp-content\/uploads\/2023\/12\/Rohypnol-flunitrazepam-ZAR-2mg.jpg","type":"image\/jpeg"}],"twitter_card":"summary_large_image","twitter_misc":{"Est. reading time":"1 minute"},"schema":{"@context":"https:\/\/schema.org","@graph":[{"@type":"WebPage","@id":"https:\/\/chemsmedstoreonline.com\/product\/rohypnol-kopa\/","url":"https:\/\/chemsmedstoreonline.com\/product\/rohypnol-kopa\/","name":"K\u00f6p Rohypnol Online \u2013 Diskret & S\u00e4ker Leverans | N\u00e4tapotek","isPartOf":{"@id":"https:\/\/chemsmedstoreonline.com\/en\/#website"},"primaryImageOfPage":{"@id":"https:\/\/chemsmedstoreonline.com\/product\/rohypnol-kopa\/#primaryimage"},"image":{"@id":"https:\/\/chemsmedstoreonline.com\/product\/rohypnol-kopa\/#primaryimage"},"thumbnailUrl":"https:\/\/chemsmedstoreonline.com\/wp-content\/uploads\/2023\/12\/Rohypnol-flunitrazepam-ZAR-2mg.jpg","datePublished":"2023-12-12T16:28:04+00:00","dateModified":"2025-10-10T12:04:55+00:00","description":"Best\u00e4ll Rohypnol 1 mg & 2mg snabbt och s\u00e4kert online. Ingen kr\u00e5ngel, diskret frakt och trygg betalning. K\u00f6p Rohypnol utan recept hos v\u00e5rt n\u00e4tapotek idag!","breadcrumb":{"@id":"https:\/\/chemsmedstoreonline.com\/product\/rohypnol-kopa\/#breadcrumb"},"inLanguage":"en-US","potentialAction":[{"@type":"ReadAction","target":["https:\/\/chemsmedstoreonline.com\/product\/rohypnol-kopa\/"]}]},{"@type":"ImageObject","inLanguage":"en-US","@id":"https:\/\/chemsmedstoreonline.com\/product\/rohypnol-kopa\/#primaryimage","url":"https:\/\/chemsmedstoreonline.com\/wp-content\/uploads\/2023\/12\/Rohypnol-flunitrazepam-ZAR-2mg.jpg","contentUrl":"https:\/\/chemsmedstoreonline.com\/wp-content\/uploads\/2023\/12\/Rohypnol-flunitrazepam-ZAR-2mg.jpg","width":641,"height":600,"caption":"rohypnol k\u00f6pa"},{"@type":"BreadcrumbList","@id":"https:\/\/chemsmedstoreonline.com\/product\/rohypnol-kopa\/#breadcrumb","itemListElement":[{"@type":"ListItem","position":1,"name":"Home","item":"https:\/\/chemsmedstoreonline.com\/en\/"},{"@type":"ListItem","position":2,"name":"All products","item":"https:\/\/chemsmedstoreonline.com\/all-products\/"},{"@type":"ListItem","position":3,"name":"Rohypnol"}]},{"@type":"WebSite","@id":"https:\/\/chemsmedstoreonline.com\/en\/#website","url":"https:\/\/chemsmedstoreonline.com\/en\/","name":"Chem Med Store Online","description":"","publisher":{"@id":"https:\/\/chemsmedstoreonline.com\/en\/#organization"},"potentialAction":[{"@type":"SearchAction","target":{"@type":"EntryPoint","urlTemplate":"https:\/\/chemsmedstoreonline.com\/en\/?s={search_term_string}"},"query-input":{"@type":"PropertyValueSpecification","valueRequired":true,"valueName":"search_term_string"}}],"inLanguage":"en-US"},{"@type":"Organization","@id":"https:\/\/chemsmedstoreonline.com\/en\/#organization","name":"Chem Med Store Online","url":"https:\/\/chemsmedstoreonline.com\/en\/","logo":{"@type":"ImageObject","inLanguage":"en-US","@id":"https:\/\/chemsmedstoreonline.com\/en\/#\/schema\/logo\/image\/","url":"https:\/\/chemsmedstoreonline.com\/wp-content\/uploads\/2023\/11\/cropped-pharmacy.png","contentUrl":"https:\/\/chemsmedstoreonline.com\/wp-content\/uploads\/2023\/11\/cropped-pharmacy.png","width":512,"height":512,"caption":"Chem Med Store Online"},"image":{"@id":"https:\/\/chemsmedstoreonline.com\/en\/#\/schema\/logo\/image\/"}}]}},"jetpack_sharing_enabled":true,"_links":{"self":[{"href":"https:\/\/chemsmedstoreonline.com\/en\/wp-json\/wp\/v2\/product\/37866","targetHints":{"allow":["GET"]}}],"collection":[{"href":"https:\/\/chemsmedstoreonline.com\/en\/wp-json\/wp\/v2\/product"}],"about":[{"href":"https:\/\/chemsmedstoreonline.com\/en\/wp-json\/wp\/v2\/types\/product"}],"replies":[{"embeddable":true,"href":"https:\/\/chemsmedstoreonline.com\/en\/wp-json\/wp\/v2\/comments?post=37866"}],"wp:featuredmedia":[{"embeddable":true,"href":"https:\/\/chemsmedstoreonline.com\/en\/wp-json\/wp\/v2\/media\/37871"}],"wp:attachment":[{"href":"https:\/\/chemsmedstoreonline.com\/en\/wp-json\/wp\/v2\/media?parent=37866"}],"wp:term":[{"taxonomy":"product_brand","embeddable":true,"href":"https:\/\/chemsmedstoreonline.com\/en\/wp-json\/wp\/v2\/product_brand?post=37866"},{"taxonomy":"product_cat","embeddable":true,"href":"https:\/\/chemsmedstoreonline.com\/en\/wp-json\/wp\/v2\/product_cat?post=37866"},{"taxonomy":"product_tag","embeddable":true,"href":"https:\/\/chemsmedstoreonline.com\/en\/wp-json\/wp\/v2\/product_tag?post=37866"}],"curies":[{"name":"wp","href":"https:\/\/api.w.org\/{rel}","templated":true}]}}